{"id":1051,"date":"2021-01-27T22:04:46","date_gmt":"2021-01-27T21:04:46","guid":{"rendered":"http:\/\/chrysalude.fr\/?page_id=1051"},"modified":"2024-05-15T14:56:23","modified_gmt":"2024-05-15T12:56:23","slug":"blog","status":"publish","type":"page","link":"https:\/\/chrysalude.fr\/index.php\/blog\/","title":{"rendered":"Blog"},"content":{"rendered":"\t\t<div data-elementor-type=\"wp-post\" data-elementor-id=\"1051\" class=\"elementor elementor-1051\">\n\t\t\t\t\t\t<section class=\"elementor-section elementor-top-section elementor-element elementor-element-2341710 elementor-section-boxed elementor-section-height-default elementor-section-height-default\" data-id=\"2341710\" data-element_type=\"section\">\n\t\t\t\t\t\t<div class=\"elementor-container elementor-column-gap-default\">\n\t\t\t\t\t<div class=\"elementor-column elementor-col-100 elementor-top-column elementor-element elementor-element-eba715b\" data-id=\"eba715b\" data-element_type=\"column\">\n\t\t\t<div class=\"elementor-widget-wrap elementor-element-populated\">\n\t\t\t\t\t\t<div class=\"elementor-element elementor-element-412bd36 elementor-widget elementor-widget-obfx-posts-grid\" data-id=\"412bd36\" data-element_type=\"widget\" data-widget_type=\"obfx-posts-grid.default\">\n\t\t\t\t<div class=\"elementor-widget-container\">\n\t\t\t<div class=\"obfx-grid\"><div class=\"obfx-grid-container obfx-grid-style-list obfx-grid-desktop-2\"><div class=\"obfx-grid-wrapper\"><article class=\"obfx-grid-col obfx-no-image\"><div class=\"obfx-grid-col-content\">\t\t\t<h2 class=\"entry-title obfx-grid-title\">\n\t\t\t\t\t\t\t<a href=\"https:\/\/chrysalude.fr\/index.php\/2024\/05\/17\/elementor-1592\/\" title=\"Love Letter &#8211; Bluff et D\u00e9duction \u00e0 la cour\">\n\t\t\t\t\tLove Letter &#8211; Bluff et D\u00e9duction \u00e0 la cour\t\t\t\t<\/a>\n\t\t\t\t\t\t\t<\/h2>\n\t\t\t\t\t\t\t<div class=\"entry-meta obfx-grid-meta\">\n\n\t\t\t\t\t\t\t\t\t\t\t\t\t<span class=\"obfx-grid-author\">\n\t\t\t\t\t\t\t\t\t<i class=\"fas fa-user\"><\/i>Etienne\t\t\t\t\t\t\t\t<\/span>\n\t\t\t\t\t\t\t\t\t\t\t\t\t\t\t\t<span class=\"obfx-grid-date\">\n\t\t\t\t\t\t\t\t\t<i class=\"fas fa-calendar\"><\/i>17 mai 2024\t\t\t\t\t\t\t\t<\/span>\n\t\t\t\t\t\t\t\t\n\t\t\t\t<\/div>\n\t\t\t\t\t\t\t<div class=\"entry-content obfx-grid-content\">\n\t\t\t\t\u00a0 \u00a0 Comment faire parvenir une lettre d\u2019amour jusqu\u2019\u00e0 l\u2019\u00e9lue de son c\u0153ur ? C\u2019est le d\u00e9fi \u00e0 relever dans Love Letter, un petit jeu de d\u00e9duction et de bluff aux m\u00e9caniques tr\u00e8s simples. Une chronique diffus\u00e9e le 3 avril\u2026\t\t\t<\/div>\n\t\t\t<div class=\"obfx-grid-footer\"><a href=\"https:\/\/chrysalude.fr\/index.php\/2024\/05\/17\/elementor-1592\/\" title=\"Lire\">Lire<\/a><\/div><\/div><\/article><\/div><div class=\"obfx-grid-wrapper\"><article class=\"obfx-grid-col obfx-no-image\"><div class=\"obfx-grid-col-content\">\t\t\t<h2 class=\"entry-title obfx-grid-title\">\n\t\t\t\t\t\t\t<a href=\"https:\/\/chrysalude.fr\/index.php\/2024\/05\/15\/journee-sensibilisation-handicap\/\" title=\"Journ\u00e9e de sensibilisation Handicap en 4 temps\">\n\t\t\t\t\tJourn\u00e9e de sensibilisation Handicap en 4 temps\t\t\t\t<\/a>\n\t\t\t\t\t\t\t<\/h2>\n\t\t\t\t\t\t\t<div class=\"entry-meta obfx-grid-meta\">\n\n\t\t\t\t\t\t\t\t\t\t\t\t\t<span class=\"obfx-grid-author\">\n\t\t\t\t\t\t\t\t\t<i class=\"fas fa-user\"><\/i>Etienne\t\t\t\t\t\t\t\t<\/span>\n\t\t\t\t\t\t\t\t\t\t\t\t\t\t\t\t<span class=\"obfx-grid-date\">\n\t\t\t\t\t\t\t\t\t<i class=\"fas fa-calendar\"><\/i>15 mai 2024\t\t\t\t\t\t\t\t<\/span>\n\t\t\t\t\t\t\t\t\n\t\t\t\t<\/div>\n\t\t\t\t\t\t\t<div class=\"entry-content obfx-grid-content\">\n\t\t\t\tSensibiliser, Jouer, S'immerger et Echanger Voici les 4 temps de notre journ\u00e9e de sensibilisation au #handicap d\u00e9di\u00e9e aux grands groupes.\t\t\t<\/div>\n\t\t\t<div class=\"obfx-grid-footer\"><a href=\"https:\/\/chrysalude.fr\/index.php\/2024\/05\/15\/journee-sensibilisation-handicap\/\" title=\"Lire\">Lire<\/a><\/div><\/div><\/article><\/div><div class=\"obfx-grid-wrapper\"><article class=\"obfx-grid-col obfx-no-image\"><div class=\"obfx-grid-col-content\">\t\t\t<h2 class=\"entry-title obfx-grid-title\">\n\t\t\t\t\t\t\t<a href=\"https:\/\/chrysalude.fr\/index.php\/2021\/06\/20\/chronique-france-bleu-des-jeux-dragons-chez-le-warp\/\" title=\"Chronique France Bleu : D\u00e9s, Jeux &#038; Dragons chez Le Warp\">\n\t\t\t\t\tChronique France Bleu : D\u00e9s, Jeux &#038; Dragons chez Le Warp\t\t\t\t<\/a>\n\t\t\t\t\t\t\t<\/h2>\n\t\t\t\t\t\t\t<div class=\"entry-meta obfx-grid-meta\">\n\n\t\t\t\t\t\t\t\t\t\t\t\t\t<span class=\"obfx-grid-author\">\n\t\t\t\t\t\t\t\t\t<i class=\"fas fa-user\"><\/i>Matthieu\t\t\t\t\t\t\t\t<\/span>\n\t\t\t\t\t\t\t\t\t\t\t\t\t\t\t\t<span class=\"obfx-grid-date\">\n\t\t\t\t\t\t\t\t\t<i class=\"fas fa-calendar\"><\/i>20 juin 2021\t\t\t\t\t\t\t\t<\/span>\n\t\t\t\t\t\t\t\t\n\t\t\t\t<\/div>\n\t\t\t\t\t\t\t<div class=\"entry-content obfx-grid-content\">\n\t\t\t\tSortir \u00e0 La Roche-sur-Yon ? Direction Le Warp le 25 juin ou le 29 juin avec D\u00e9s, Jeux &amp; Dragons. Nouveau souffle Avec l&rsquo;assouplissement des r\u00e8gles Covid pour les bars et restaurants, les acteurs du monde ludique reprennent du service\u2026\t\t\t<\/div>\n\t\t\t<div class=\"obfx-grid-footer\"><a href=\"https:\/\/chrysalude.fr\/index.php\/2021\/06\/20\/chronique-france-bleu-des-jeux-dragons-chez-le-warp\/\" title=\"Lire\">Lire<\/a><\/div><\/div><\/article><\/div><div class=\"obfx-grid-wrapper\"><article class=\"obfx-grid-col obfx-no-image\"><div class=\"obfx-grid-col-content\">\t\t\t<h2 class=\"entry-title obfx-grid-title\">\n\t\t\t\t\t\t\t<a href=\"https:\/\/chrysalude.fr\/index.php\/2021\/06\/05\/chronique-france-bleu-ile-interdite\/\" title=\"Chronique France Bleu : L&rsquo;Ile Interdite\">\n\t\t\t\t\tChronique France Bleu : L&rsquo;Ile Interdite\t\t\t\t<\/a>\n\t\t\t\t\t\t\t<\/h2>\n\t\t\t\t\t\t\t<div class=\"entry-meta obfx-grid-meta\">\n\n\t\t\t\t\t\t\t\t\t\t\t\t\t<span class=\"obfx-grid-author\">\n\t\t\t\t\t\t\t\t\t<i class=\"fas fa-user\"><\/i>Matthieu\t\t\t\t\t\t\t\t<\/span>\n\t\t\t\t\t\t\t\t\t\t\t\t\t\t\t\t<span class=\"obfx-grid-date\">\n\t\t\t\t\t\t\t\t\t<i class=\"fas fa-calendar\"><\/i>5 juin 2021\t\t\t\t\t\t\t\t<\/span>\n\t\t\t\t\t\t\t\t\n\t\t\t\t<\/div>\n\t\t\t\t\t\t\t<div class=\"entry-content obfx-grid-content\">\n\t\t\t\tL&rsquo;exploration va \u00eatre risqu\u00e9e&#8230; Il va falloir mettre en commun les comp\u00e9tences de l&rsquo;\u00e9quipe pour esp\u00e9rer r\u00e9ussir. Coop\u00e9rer ou p\u00e9rir. Installation du d\u00e9cor Venir sur cette \u00eele chercher la fortune et la gloire semblait une bonne id\u00e9e. Maintenant que vous\u2026\t\t\t<\/div>\n\t\t\t<div class=\"obfx-grid-footer\"><a href=\"https:\/\/chrysalude.fr\/index.php\/2021\/06\/05\/chronique-france-bleu-ile-interdite\/\" title=\"Lire\">Lire<\/a><\/div><\/div><\/article><\/div><div class=\"obfx-grid-wrapper\"><article class=\"obfx-grid-col obfx-no-image\"><div class=\"obfx-grid-col-content\">\t\t\t<h2 class=\"entry-title obfx-grid-title\">\n\t\t\t\t\t\t\t<a href=\"https:\/\/chrysalude.fr\/index.php\/2021\/05\/29\/chronique-france-bleu-quarto\/\" title=\"Chronique France Bleu : Quarto !\">\n\t\t\t\t\tChronique France Bleu : Quarto !\t\t\t\t<\/a>\n\t\t\t\t\t\t\t<\/h2>\n\t\t\t\t\t\t\t<div class=\"entry-meta obfx-grid-meta\">\n\n\t\t\t\t\t\t\t\t\t\t\t\t\t<span class=\"obfx-grid-author\">\n\t\t\t\t\t\t\t\t\t<i class=\"fas fa-user\"><\/i>Matthieu\t\t\t\t\t\t\t\t<\/span>\n\t\t\t\t\t\t\t\t\t\t\t\t\t\t\t\t<span class=\"obfx-grid-date\">\n\t\t\t\t\t\t\t\t\t<i class=\"fas fa-calendar\"><\/i>29 mai 2021\t\t\t\t\t\t\t\t<\/span>\n\t\t\t\t\t\t\t\t\n\t\t\t\t<\/div>\n\t\t\t\t\t\t\t<div class=\"entry-content obfx-grid-content\">\n\t\t\t\tUn grand nom des jeux de r\u00e9flexion modernes, \u00e0 mi-chemin entre le morpion et les \u00e9checs. Classique. Beau. Simple. El\u00e9gant. Classique Quarto est un jeu cr\u00e9\u00e9 Blaise Muller et \u00e9dit\u00e9 par Gigamic depuis 30 ans.Vous avez bien lu&#8230; 30 ans\u2026\t\t\t<\/div>\n\t\t\t<div class=\"obfx-grid-footer\"><a href=\"https:\/\/chrysalude.fr\/index.php\/2021\/05\/29\/chronique-france-bleu-quarto\/\" title=\"Lire\">Lire<\/a><\/div><\/div><\/article><\/div><div class=\"obfx-grid-wrapper\"><article class=\"obfx-grid-col obfx-no-image\"><div class=\"obfx-grid-col-content\">\t\t\t<h2 class=\"entry-title obfx-grid-title\">\n\t\t\t\t\t\t\t<a href=\"https:\/\/chrysalude.fr\/index.php\/2021\/05\/15\/chronique-france-bleu-chabyrinthe\/\" title=\"Chronique France-Bleu : Chabyrinthe\">\n\t\t\t\t\tChronique France-Bleu : Chabyrinthe\t\t\t\t<\/a>\n\t\t\t\t\t\t\t<\/h2>\n\t\t\t\t\t\t\t<div class=\"entry-meta obfx-grid-meta\">\n\n\t\t\t\t\t\t\t\t\t\t\t\t\t<span class=\"obfx-grid-author\">\n\t\t\t\t\t\t\t\t\t<i class=\"fas fa-user\"><\/i>Etienne\t\t\t\t\t\t\t\t<\/span>\n\t\t\t\t\t\t\t\t\t\t\t\t\t\t\t\t<span class=\"obfx-grid-date\">\n\t\t\t\t\t\t\t\t\t<i class=\"fas fa-calendar\"><\/i>15 mai 2021\t\t\t\t\t\t\t\t<\/span>\n\t\t\t\t\t\t\t\t\n\t\t\t\t<\/div>\n\t\t\t\t\t\t\t<div class=\"entry-content obfx-grid-content\">\n\t\t\t\t\u00a0 Observation et tactique pour aider des chats \u00e0 d\u00e9jouer un labyrinthe de goutti\u00e8res. Miaou Chabyrinthe est un jeu cr\u00e9\u00e9 par Antoine Bauza et illustr\u00e9 par St\u00e9phane Escapa. Telle la m\u00e8re Mich\u00e8le, vous avez perdu votre chat. Enfin il s\u2019est\u2026\t\t\t<\/div>\n\t\t\t<div class=\"obfx-grid-footer\"><a href=\"https:\/\/chrysalude.fr\/index.php\/2021\/05\/15\/chronique-france-bleu-chabyrinthe\/\" title=\"Lire\">Lire<\/a><\/div><\/div><\/article><\/div><div class=\"obfx-grid-wrapper\"><article class=\"obfx-grid-col obfx-no-image\"><div class=\"obfx-grid-col-content\">\t\t\t<h2 class=\"entry-title obfx-grid-title\">\n\t\t\t\t\t\t\t<a href=\"https:\/\/chrysalude.fr\/index.php\/2021\/05\/08\/chronique-france-bleu-micromacro-crime-city\/\" title=\"Chronique France Bleu : MicroMacro &#8211; Crime City\">\n\t\t\t\t\tChronique France Bleu : MicroMacro &#8211; Crime City\t\t\t\t<\/a>\n\t\t\t\t\t\t\t<\/h2>\n\t\t\t\t\t\t\t<div class=\"entry-meta obfx-grid-meta\">\n\n\t\t\t\t\t\t\t\t\t\t\t\t\t<span class=\"obfx-grid-author\">\n\t\t\t\t\t\t\t\t\t<i class=\"fas fa-user\"><\/i>Matthieu\t\t\t\t\t\t\t\t<\/span>\n\t\t\t\t\t\t\t\t\t\t\t\t\t\t\t\t<span class=\"obfx-grid-date\">\n\t\t\t\t\t\t\t\t\t<i class=\"fas fa-calendar\"><\/i>8 mai 2021\t\t\t\t\t\t\t\t<\/span>\n\t\t\t\t\t\t\t\t\n\t\t\t\t<\/div>\n\t\t\t\t\t\t\t<div class=\"entry-content obfx-grid-content\">\n\t\t\t\tSens du d\u00e9tail et d\u00e9duction sont vos armes pour combattre le crime. Quand \u00ab\u00a0O\u00f9 est Charlie ?\u00a0\u00bb rencontre \u00ab\u00a0Sherlock Holmes\u00a0\u00bb. Matricule MicroMacro &#8211; Crime City est un jeu cr\u00e9\u00e9 et illustr\u00e9 par Johannes Sich, \u00e9dit\u00e9 par Edition Spielwiese, et distribu\u00e9\u2026\t\t\t<\/div>\n\t\t\t<div class=\"obfx-grid-footer\"><a href=\"https:\/\/chrysalude.fr\/index.php\/2021\/05\/08\/chronique-france-bleu-micromacro-crime-city\/\" title=\"Lire\">Lire<\/a><\/div><\/div><\/article><\/div><div class=\"obfx-grid-wrapper\"><article class=\"obfx-grid-col obfx-no-image\"><div class=\"obfx-grid-col-content\">\t\t\t<h2 class=\"entry-title obfx-grid-title\">\n\t\t\t\t\t\t\t<a href=\"https:\/\/chrysalude.fr\/index.php\/2021\/05\/01\/chronique-france-bleu-just-one\/\" title=\"Chronique France Bleu : Just One\">\n\t\t\t\t\tChronique France Bleu : Just One\t\t\t\t<\/a>\n\t\t\t\t\t\t\t<\/h2>\n\t\t\t\t\t\t\t<div class=\"entry-meta obfx-grid-meta\">\n\n\t\t\t\t\t\t\t\t\t\t\t\t\t<span class=\"obfx-grid-author\">\n\t\t\t\t\t\t\t\t\t<i class=\"fas fa-user\"><\/i>Matthieu\t\t\t\t\t\t\t\t<\/span>\n\t\t\t\t\t\t\t\t\t\t\t\t\t\t\t\t<span class=\"obfx-grid-date\">\n\t\t\t\t\t\t\t\t\t<i class=\"fas fa-calendar\"><\/i>1 mai 2021\t\t\t\t\t\t\t\t<\/span>\n\t\t\t\t\t\t\t\t\n\t\t\t\t<\/div>\n\t\t\t\t\t\t\t<div class=\"entry-content obfx-grid-content\">\n\t\t\t\tJouons tous ensemble pour tenter de deviner le plus de mots possibles en proposant des indices devant tous \u00eatre uniques. Here we are Just One est un jeu \u00e9dit\u00e9 par Repos Production, cr\u00e9\u00e9 par Ludovic Roudy &amp; Bruno Sautter. Il\u2026\t\t\t<\/div>\n\t\t\t<div class=\"obfx-grid-footer\"><a href=\"https:\/\/chrysalude.fr\/index.php\/2021\/05\/01\/chronique-france-bleu-just-one\/\" title=\"Lire\">Lire<\/a><\/div><\/div><\/article><\/div><div class=\"obfx-grid-wrapper\"><article class=\"obfx-grid-col obfx-no-image\"><div class=\"obfx-grid-col-content\">\t\t\t<h2 class=\"entry-title obfx-grid-title\">\n\t\t\t\t\t\t\t<a href=\"https:\/\/chrysalude.fr\/index.php\/2021\/03\/27\/chronique-france-bleu-du-27mars-2021-kingdomino-et-consorts\/\" title=\"Chronique France Bleu : Kingdomino et consorts\">\n\t\t\t\t\tChronique France Bleu : Kingdomino et consorts\t\t\t\t<\/a>\n\t\t\t\t\t\t\t<\/h2>\n\t\t\t\t\t\t\t<div class=\"entry-meta obfx-grid-meta\">\n\n\t\t\t\t\t\t\t\t\t\t\t\t\t<span class=\"obfx-grid-author\">\n\t\t\t\t\t\t\t\t\t<i class=\"fas fa-user\"><\/i>Matthieu\t\t\t\t\t\t\t\t<\/span>\n\t\t\t\t\t\t\t\t\t\t\t\t\t\t\t\t<span class=\"obfx-grid-date\">\n\t\t\t\t\t\t\t\t\t<i class=\"fas fa-calendar\"><\/i>27 mars 2021\t\t\t\t\t\t\t\t<\/span>\n\t\t\t\t\t\t\t\t\n\t\t\t\t<\/div>\n\t\t\t\t\t\t\t<div class=\"entry-content obfx-grid-content\">\n\t\t\t\tUn royaume \u00e0 construire avec des dominos modernes, des couronnes, de l&rsquo;anticipation, un peu de chance et quelques coups fourr\u00e9s. Attributs royaux Kingdomino est un jeu \u00e9dit\u00e9 par Blue Orange, cr\u00e9\u00e9 par Bruno Cathala et illustr\u00e9 par Cyril Bouquet. Il\u2026\t\t\t<\/div>\n\t\t\t<div class=\"obfx-grid-footer\"><a href=\"https:\/\/chrysalude.fr\/index.php\/2021\/03\/27\/chronique-france-bleu-du-27mars-2021-kingdomino-et-consorts\/\" title=\"Lire\">Lire<\/a><\/div><\/div><\/article><\/div><div class=\"obfx-grid-wrapper\"><article class=\"obfx-grid-col obfx-no-image\"><div class=\"obfx-grid-col-content\">\t\t\t<h2 class=\"entry-title obfx-grid-title\">\n\t\t\t\t\t\t\t<a href=\"https:\/\/chrysalude.fr\/index.php\/2021\/03\/14\/chronique-france-bleu-du-13-mars-2021-plusieurs-pistes-pour-jouer-en-ligne\/\" title=\"Chronique France Bleu : Plusieurs pistes pour jouer en ligne\">\n\t\t\t\t\tChronique France Bleu : Plusieurs pistes pour jouer en ligne\t\t\t\t<\/a>\n\t\t\t\t\t\t\t<\/h2>\n\t\t\t\t\t\t\t<div class=\"entry-meta obfx-grid-meta\">\n\n\t\t\t\t\t\t\t\t\t\t\t\t\t<span class=\"obfx-grid-author\">\n\t\t\t\t\t\t\t\t\t<i class=\"fas fa-user\"><\/i>Etienne\t\t\t\t\t\t\t\t<\/span>\n\t\t\t\t\t\t\t\t\t\t\t\t\t\t\t\t<span class=\"obfx-grid-date\">\n\t\t\t\t\t\t\t\t\t<i class=\"fas fa-calendar\"><\/i>14 mars 2021\t\t\t\t\t\t\t\t<\/span>\n\t\t\t\t\t\t\t\t\n\t\t\t\t<\/div>\n\t\t\t\t\t\t\t<div class=\"entry-content obfx-grid-content\">\n\t\t\t\tPartager un bon moment \u00e0 plusieurs Cette semaine nous vous pr\u00e9sentons quelques solutions ludiques sur internet, pour jouer rapidement \u00e0 plusieurs, et gratuitement, gr\u00e2ce \u00e0 votre navigateur pr\u00e9f\u00e9r\u00e9. Il vous restera juste \u00e0 pr\u00e9voir \u00e0 c\u00f4t\u00e9 votre mode de discussion\u2026\t\t\t<\/div>\n\t\t\t<div class=\"obfx-grid-footer\"><a href=\"https:\/\/chrysalude.fr\/index.php\/2021\/03\/14\/chronique-france-bleu-du-13-mars-2021-plusieurs-pistes-pour-jouer-en-ligne\/\" title=\"Lire\">Lire<\/a><\/div><\/div><\/article><\/div><div class=\"obfx-grid-wrapper\"><article class=\"obfx-grid-col obfx-no-image\"><div class=\"obfx-grid-col-content\">\t\t\t<h2 class=\"entry-title obfx-grid-title\">\n\t\t\t\t\t\t\t<a href=\"https:\/\/chrysalude.fr\/index.php\/2021\/02\/06\/chronique-france-bleu-du-06-fevrier-presentation-du-jeu-esquisse\/\" title=\"Chronique France Bleu : Pr\u00e9sentation du jeu Esquiss\u00e9\">\n\t\t\t\t\tChronique France Bleu : Pr\u00e9sentation du jeu Esquiss\u00e9\t\t\t\t<\/a>\n\t\t\t\t\t\t\t<\/h2>\n\t\t\t\t\t\t\t<div class=\"entry-meta obfx-grid-meta\">\n\n\t\t\t\t\t\t\t\t\t\t\t\t\t<span class=\"obfx-grid-author\">\n\t\t\t\t\t\t\t\t\t<i class=\"fas fa-user\"><\/i>Etienne\t\t\t\t\t\t\t\t<\/span>\n\t\t\t\t\t\t\t\t\t\t\t\t\t\t\t\t<span class=\"obfx-grid-date\">\n\t\t\t\t\t\t\t\t\t<i class=\"fas fa-calendar\"><\/i>6 f\u00e9vrier 2021\t\t\t\t\t\t\t\t<\/span>\n\t\t\t\t\t\t\t\t\n\t\t\t\t<\/div>\n\t\t\t\t\t\t\t<div class=\"entry-content obfx-grid-content\">\n\t\t\t\tUne version silencieuse du t\u00e9l\u00e9phone arabe Tout le monde conna\u00eet le principe du t\u00e9l\u00e9phone arabe. Esquiss\u00e9, c\u2019est la m\u00eame chose, en alternant mots et dessins et avec interdiction de parler. Ce jeu d\u2019ambiance permet de rassembler de 4 \u00e0 8\u2026\t\t\t<\/div>\n\t\t\t<div class=\"obfx-grid-footer\"><a href=\"https:\/\/chrysalude.fr\/index.php\/2021\/02\/06\/chronique-france-bleu-du-06-fevrier-presentation-du-jeu-esquisse\/\" title=\"Lire\">Lire<\/a><\/div><\/div><\/article><\/div><div class=\"obfx-grid-wrapper\"><article class=\"obfx-grid-col obfx-no-image\"><div class=\"obfx-grid-col-content\">\t\t\t<h2 class=\"entry-title obfx-grid-title\">\n\t\t\t\t\t\t\t<a href=\"https:\/\/chrysalude.fr\/index.php\/2021\/01\/30\/chronique-france-bleu-du-30-janvier-2021-exploding-kitten-une-roulette-a-chatons\/\" title=\"Chronique France Bleu : Exploding Kitten \u2013 une roulette \u00e0 chatons\">\n\t\t\t\t\tChronique France Bleu : Exploding Kitten \u2013 une roulette \u00e0 chatons\t\t\t\t<\/a>\n\t\t\t\t\t\t\t<\/h2>\n\t\t\t\t\t\t\t<div class=\"entry-meta obfx-grid-meta\">\n\n\t\t\t\t\t\t\t\t\t\t\t\t\t<span class=\"obfx-grid-author\">\n\t\t\t\t\t\t\t\t\t<i class=\"fas fa-user\"><\/i>Etienne\t\t\t\t\t\t\t\t<\/span>\n\t\t\t\t\t\t\t\t\t\t\t\t\t\t\t\t<span class=\"obfx-grid-date\">\n\t\t\t\t\t\t\t\t\t<i class=\"fas fa-calendar\"><\/i>30 janvier 2021\t\t\t\t\t\t\t\t<\/span>\n\t\t\t\t\t\t\t\t\n\t\t\t\t<\/div>\n\t\t\t\t\t\t\t<div class=\"entry-content obfx-grid-content\">\n\t\t\t\t&nbsp; Aujourd\u2019hui je vous propose de jouer \u00e0 la roulette russe\u2026 avec des chats explosifs. \u00a0Le jeu s\u2019appelle Exploding Kitten &#8211; chatons explosifs. Un jeu avec des chatons mignons ET dangereux. Et beaucoup d\u2019humour &#8211; on y trouve m\u00eame des\u2026\t\t\t<\/div>\n\t\t\t<div class=\"obfx-grid-footer\"><a href=\"https:\/\/chrysalude.fr\/index.php\/2021\/01\/30\/chronique-france-bleu-du-30-janvier-2021-exploding-kitten-une-roulette-a-chatons\/\" title=\"Lire\">Lire<\/a><\/div><\/div><\/article><\/div>\t\t\t\t<div class=\"obfx-grid-pagination\">\n\t\t\t\t\t\t\t\t\t\t<nav class=\"pagination\">\n\t\t\t\t\t\t<span aria-current=\"page\" class=\"page-numbers current\">1<\/span>\n<a class=\"page-numbers\" href=\"https:\/\/chrysalude.fr\/index.php\/wp-json\/wp\/v2\/pages\/1051\/page\/2\/\">2<\/a>\n<a class=\"next page-numbers\" href=\"https:\/\/chrysalude.fr\/index.php\/wp-json\/wp\/v2\/pages\/1051\/page\/2\/\">Next<\/a>\t\t\t\t\t<\/nav>\n\t\t\t\t<\/div>\n\t\t\t\t<\/div><!-- .obfx-grid-container --><\/div><!-- .obfx-grid -->\t\t<\/div>\n\t\t\t\t<\/div>\n\t\t\t\t\t<\/div>\n\t\t<\/div>\n\t\t\t\t\t<\/div>\n\t\t<\/section>\n\t\t\t\t<\/div>\n\t\t","protected":false},"excerpt":{"rendered":"<p>Chronique France Bleu : D\u00e9s, Jeux &#038; Dragons chez Le Warp Matthieu 20 juin 2021 Sortir \u00e0 La Roche-sur-Yon ? Direction Le Warp le 25 juin ou le 29 juin avec D\u00e9s, Jeux &amp; Dragons. Nouveau souffle Avec l&rsquo;assouplissement des r\u00e8gles Covid pour les bars et restaurants, les acteurs du monde ludique reprennent du service\u2026<\/p>\n<p class=\"margin-top-10\"><a class=\"moretag text-medium\" href=\"https:\/\/chrysalude.fr\/index.php\/2021\/01\/30\/chronique-france-bleu-du-30-janvier-2021-exploding-kitten-une-roulette-a-chatons\/\">Lire<\/a><\/p>\n","protected":false},"author":1,"featured_media":0,"parent":0,"menu_order":0,"comment_status":"closed","ping_status":"closed","template":"","meta":[],"yoast_head":"<!-- This site is optimized with the Yoast SEO plugin v19.8 - https:\/\/yoast.com\/wordpress\/plugins\/seo\/ -->\n<title>Blog - Chrysalude<\/title>\n<meta name=\"robots\" content=\"index, follow, max-snippet:-1, max-image-preview:large, max-video-preview:-1\" \/>\n<link rel=\"canonical\" href=\"https:\/\/chrysalude.fr\/index.php\/blog\/\" \/>\n<meta property=\"og:locale\" content=\"fr_FR\" \/>\n<meta property=\"og:type\" content=\"article\" \/>\n<meta property=\"og:title\" content=\"Blog - Chrysalude\" \/>\n<meta property=\"og:description\" content=\"Chronique France Bleu : D\u00e9s, Jeux &#038; Dragons chez Le Warp Matthieu 20 juin 2021 Sortir \u00e0 La Roche-sur-Yon ? Direction Le Warp le 25 juin ou le 29 juin avec D\u00e9s, Jeux &amp; Dragons. Nouveau souffle Avec l&rsquo;assouplissement des r\u00e8gles Covid pour les bars et restaurants, les acteurs du monde ludique reprennent du service\u2026Lire\" \/>\n<meta property=\"og:url\" content=\"https:\/\/chrysalude.fr\/index.php\/blog\/\" \/>\n<meta property=\"og:site_name\" content=\"Chrysalude\" \/>\n<meta property=\"article:modified_time\" content=\"2024-05-15T12:56:23+00:00\" \/>\n<meta property=\"og:image\" content=\"https:\/\/chrysalude.fr\/wp-content\/uploads\/2020\/03\/logo-chrysalude-RVBOK.jpg\" \/>\n\t<meta property=\"og:image:width\" content=\"2177\" \/>\n\t<meta property=\"og:image:height\" content=\"1102\" \/>\n\t<meta property=\"og:image:type\" content=\"image\/jpeg\" \/>\n<meta name=\"twitter:card\" content=\"summary_large_image\" \/>\n<meta name=\"twitter:label1\" content=\"Dur\u00e9e de lecture estim\u00e9e\" \/>\n\t<meta name=\"twitter:data1\" content=\"4 minutes\" \/>\n<script type=\"application\/ld+json\" class=\"yoast-schema-graph\">{\"@context\":\"https:\/\/schema.org\",\"@graph\":[{\"@type\":\"WebPage\",\"@id\":\"https:\/\/chrysalude.fr\/index.php\/blog\/\",\"url\":\"https:\/\/chrysalude.fr\/index.php\/blog\/\",\"name\":\"Blog - Chrysalude\",\"isPartOf\":{\"@id\":\"https:\/\/chrysalude.fr\/#website\"},\"datePublished\":\"2021-01-27T21:04:46+00:00\",\"dateModified\":\"2024-05-15T12:56:23+00:00\",\"breadcrumb\":{\"@id\":\"https:\/\/chrysalude.fr\/index.php\/blog\/#breadcrumb\"},\"inLanguage\":\"fr-FR\",\"potentialAction\":[{\"@type\":\"ReadAction\",\"target\":[\"https:\/\/chrysalude.fr\/index.php\/blog\/\"]}]},{\"@type\":\"BreadcrumbList\",\"@id\":\"https:\/\/chrysalude.fr\/index.php\/blog\/#breadcrumb\",\"itemListElement\":[{\"@type\":\"ListItem\",\"position\":1,\"name\":\"Accueil\",\"item\":\"https:\/\/chrysalude.fr\/\"},{\"@type\":\"ListItem\",\"position\":2,\"name\":\"Blog\"}]},{\"@type\":\"WebSite\",\"@id\":\"https:\/\/chrysalude.fr\/#website\",\"url\":\"https:\/\/chrysalude.fr\/\",\"name\":\"Chrysalude\",\"description\":\"La m\u00e9tamorphose par le jeu\",\"publisher\":{\"@id\":\"https:\/\/chrysalude.fr\/#organization\"},\"potentialAction\":[{\"@type\":\"SearchAction\",\"target\":{\"@type\":\"EntryPoint\",\"urlTemplate\":\"https:\/\/chrysalude.fr\/?s={search_term_string}\"},\"query-input\":\"required name=search_term_string\"}],\"inLanguage\":\"fr-FR\"},{\"@type\":\"Organization\",\"@id\":\"https:\/\/chrysalude.fr\/#organization\",\"name\":\"Chrysalude\",\"url\":\"https:\/\/chrysalude.fr\/\",\"sameAs\":[\"https:\/\/www.linkedin.com\/company\/19256934\"],\"logo\":{\"@type\":\"ImageObject\",\"inLanguage\":\"fr-FR\",\"@id\":\"https:\/\/chrysalude.fr\/#\/schema\/logo\/image\/\",\"url\":\"https:\/\/chrysalude.fr\/wp-content\/uploads\/2020\/03\/cropped-logo-chrysalude-OK72.png\",\"contentUrl\":\"https:\/\/chrysalude.fr\/wp-content\/uploads\/2020\/03\/cropped-logo-chrysalude-OK72.png\",\"width\":522,\"height\":264,\"caption\":\"Chrysalude\"},\"image\":{\"@id\":\"https:\/\/chrysalude.fr\/#\/schema\/logo\/image\/\"}}]}<\/script>\n<!-- \/ Yoast SEO plugin. -->","yoast_head_json":{"title":"Blog - Chrysalude","robots":{"index":"index","follow":"follow","max-snippet":"max-snippet:-1","max-image-preview":"max-image-preview:large","max-video-preview":"max-video-preview:-1"},"canonical":"https:\/\/chrysalude.fr\/index.php\/blog\/","og_locale":"fr_FR","og_type":"article","og_title":"Blog - Chrysalude","og_description":"Chronique France Bleu : D\u00e9s, Jeux &#038; Dragons chez Le Warp Matthieu 20 juin 2021 Sortir \u00e0 La Roche-sur-Yon ? Direction Le Warp le 25 juin ou le 29 juin avec D\u00e9s, Jeux &amp; Dragons. Nouveau souffle Avec l&rsquo;assouplissement des r\u00e8gles Covid pour les bars et restaurants, les acteurs du monde ludique reprennent du service\u2026Lire","og_url":"https:\/\/chrysalude.fr\/index.php\/blog\/","og_site_name":"Chrysalude","article_modified_time":"2024-05-15T12:56:23+00:00","og_image":[{"width":2177,"height":1102,"url":"https:\/\/chrysalude.fr\/wp-content\/uploads\/2020\/03\/logo-chrysalude-RVBOK.jpg","type":"image\/jpeg"}],"twitter_card":"summary_large_image","twitter_misc":{"Dur\u00e9e de lecture estim\u00e9e":"4 minutes"},"schema":{"@context":"https:\/\/schema.org","@graph":[{"@type":"WebPage","@id":"https:\/\/chrysalude.fr\/index.php\/blog\/","url":"https:\/\/chrysalude.fr\/index.php\/blog\/","name":"Blog - Chrysalude","isPartOf":{"@id":"https:\/\/chrysalude.fr\/#website"},"datePublished":"2021-01-27T21:04:46+00:00","dateModified":"2024-05-15T12:56:23+00:00","breadcrumb":{"@id":"https:\/\/chrysalude.fr\/index.php\/blog\/#breadcrumb"},"inLanguage":"fr-FR","potentialAction":[{"@type":"ReadAction","target":["https:\/\/chrysalude.fr\/index.php\/blog\/"]}]},{"@type":"BreadcrumbList","@id":"https:\/\/chrysalude.fr\/index.php\/blog\/#breadcrumb","itemListElement":[{"@type":"ListItem","position":1,"name":"Accueil","item":"https:\/\/chrysalude.fr\/"},{"@type":"ListItem","position":2,"name":"Blog"}]},{"@type":"WebSite","@id":"https:\/\/chrysalude.fr\/#website","url":"https:\/\/chrysalude.fr\/","name":"Chrysalude","description":"La m\u00e9tamorphose par le jeu","publisher":{"@id":"https:\/\/chrysalude.fr\/#organization"},"potentialAction":[{"@type":"SearchAction","target":{"@type":"EntryPoint","urlTemplate":"https:\/\/chrysalude.fr\/?s={search_term_string}"},"query-input":"required name=search_term_string"}],"inLanguage":"fr-FR"},{"@type":"Organization","@id":"https:\/\/chrysalude.fr\/#organization","name":"Chrysalude","url":"https:\/\/chrysalude.fr\/","sameAs":["https:\/\/www.linkedin.com\/company\/19256934"],"logo":{"@type":"ImageObject","inLanguage":"fr-FR","@id":"https:\/\/chrysalude.fr\/#\/schema\/logo\/image\/","url":"https:\/\/chrysalude.fr\/wp-content\/uploads\/2020\/03\/cropped-logo-chrysalude-OK72.png","contentUrl":"https:\/\/chrysalude.fr\/wp-content\/uploads\/2020\/03\/cropped-logo-chrysalude-OK72.png","width":522,"height":264,"caption":"Chrysalude"},"image":{"@id":"https:\/\/chrysalude.fr\/#\/schema\/logo\/image\/"}}]}},"_links":{"self":[{"href":"https:\/\/chrysalude.fr\/index.php\/wp-json\/wp\/v2\/pages\/1051"}],"collection":[{"href":"https:\/\/chrysalude.fr\/index.php\/wp-json\/wp\/v2\/pages"}],"about":[{"href":"https:\/\/chrysalude.fr\/index.php\/wp-json\/wp\/v2\/types\/page"}],"author":[{"embeddable":true,"href":"https:\/\/chrysalude.fr\/index.php\/wp-json\/wp\/v2\/users\/1"}],"replies":[{"embeddable":true,"href":"https:\/\/chrysalude.fr\/index.php\/wp-json\/wp\/v2\/comments?post=1051"}],"version-history":[{"count":20,"href":"https:\/\/chrysalude.fr\/index.php\/wp-json\/wp\/v2\/pages\/1051\/revisions"}],"predecessor-version":[{"id":1700,"href":"https:\/\/chrysalude.fr\/index.php\/wp-json\/wp\/v2\/pages\/1051\/revisions\/1700"}],"wp:attachment":[{"href":"https:\/\/chrysalude.fr\/index.php\/wp-json\/wp\/v2\/media?parent=1051"}],"curies":[{"name":"wp","href":"https:\/\/api.w.org\/{rel}","templated":true}]}}