{"id":1392,"date":"2022-05-17T17:53:33","date_gmt":"2022-05-17T15:53:33","guid":{"rendered":"http:\/\/chrysalude.fr\/?page_id=1392"},"modified":"2024-02-17T13:03:37","modified_gmt":"2024-02-17T12:03:37","slug":"ateliers-handiscover","status":"publish","type":"page","link":"https:\/\/chrysalude.fr\/index.php\/ateliers-handiscover\/","title":{"rendered":"Sensibilisez aux situations de handicap"},"content":{"rendered":"\t\t<div data-elementor-type=\"wp-page\" data-elementor-id=\"1392\" class=\"elementor elementor-1392\">\n\t\t\t\t\t\t<section class=\"elementor-section elementor-top-section elementor-element elementor-element-b67d921 elementor-section-boxed elementor-section-height-default elementor-section-height-default\" data-id=\"b67d921\" data-element_type=\"section\">\n\t\t\t\t\t\t<div class=\"elementor-container elementor-column-gap-default\">\n\t\t\t\t\t<div class=\"elementor-column elementor-col-100 elementor-top-column elementor-element elementor-element-e6dff0a\" data-id=\"e6dff0a\" data-element_type=\"column\">\n\t\t\t<div class=\"elementor-widget-wrap elementor-element-populated\">\n\t\t\t\t\t\t<div class=\"elementor-element elementor-element-ad2c7ff elementor-widget elementor-widget-text-editor\" data-id=\"ad2c7ff\" data-element_type=\"widget\" data-widget_type=\"text-editor.default\">\n\t\t\t\t<div class=\"elementor-widget-container\">\n\t\t\t\t\t\t\t<section class=\"elementor-element elementor-element-b11f830 elementor-section-boxed elementor-section-height-default elementor-section-height-default elementor-section elementor-top-section\" style=\"font-family: 'Maven Pro', Helvetica, Arial, sans-serif;\" data-id=\"b11f830\" data-element_type=\"section\"><div class=\"elementor-container elementor-column-gap-default\"><div class=\"elementor-row\" style=\"width: 945px;\"><div class=\"elementor-element elementor-element-87e69c1 elementor-column elementor-col-100 elementor-top-column\" style=\"width: 945px;\" data-id=\"87e69c1\" data-element_type=\"column\"><div class=\"elementor-column-wrap elementor-element-populated\" style=\"width: 945px;\"><div class=\"elementor-widget-wrap\" style=\"width: 925px;\"><section class=\"elementor-element elementor-element-5334f81 elementor-section-boxed elementor-section-height-default elementor-section-height-default elementor-section elementor-inner-section\" data-id=\"5334f81\" data-element_type=\"section\"><div class=\"elementor-container elementor-column-gap-default\"><div class=\"elementor-row\" style=\"width: 925px;\"><div class=\"elementor-element elementor-element-bafc38a elementor-column elementor-col-50 elementor-inner-column\" style=\"width: 585.014px;\" data-id=\"bafc38a\" data-element_type=\"column\"><div class=\"elementor-column-wrap elementor-element-populated\" style=\"width: 585.014px;\"><div class=\"elementor-widget-wrap\" style=\"width: 565.014px;\"><div class=\"elementor-element elementor-element-4a5c95b elementor-widget elementor-widget-text-editor\" data-id=\"4a5c95b\" data-element_type=\"text-editor.default\"><div class=\"elementor-widget-container\" style=\"margin: 0px 0px -33px;\"><h1 class=\"elementor-text-editor elementor-clearfix\" style=\"text-align: justify;\"><span style=\"color: #eb690b;\"><span style=\"font-size: 30px;\">Ateliers Handicap<\/span><\/span><\/h1><p>Le handicap est un sujet tabou <img class=\"emoji\" draggable=\"false\" src=\"https:\/\/s.w.org\/images\/core\/emoji\/11\/svg\/1f507.svg\" alt=\"\ud83d\udd07\" \/>, stigmatisant <img class=\"emoji\" role=\"img\" draggable=\"false\" src=\"https:\/\/s.w.org\/images\/core\/emoji\/14.0.0\/svg\/1f7e5.svg\" alt=\"\ud83d\udfe5\" \/>. Pas facile de l&rsquo;aborder <img class=\"emoji\" draggable=\"false\" src=\"https:\/\/s.w.org\/images\/core\/emoji\/11\/svg\/1f62c.svg\" alt=\"\ud83d\ude2c\" \/>, surtout en pr\u00e9sence d&rsquo;une personne concern\u00e9e&#8230;<\/p><p>Avec nos\u00a0<strong>ateliers<\/strong>, nous vous proposons de <strong>vivre<\/strong> une exp\u00e9rience unique, faite de rire, de <strong>jeux<\/strong>, et surtout de prise de <strong>conscience<\/strong>, d&rsquo;\u00e9changes et <strong>d&rsquo;apprentissage.<\/strong><\/p><\/div><\/div><\/div><\/div><\/div><\/div><\/div><\/section><\/div><\/div><\/div><\/div><\/div><\/section>\t\t\t\t\t\t<\/div>\n\t\t\t\t<\/div>\n\t\t\t\t\t<\/div>\n\t\t<\/div>\n\t\t\t\t\t<\/div>\n\t\t<\/section>\n\t\t\t\t<section class=\"elementor-section elementor-top-section elementor-element elementor-element-e3b8b57 elementor-section-boxed elementor-section-height-default elementor-section-height-default\" data-id=\"e3b8b57\" data-element_type=\"section\">\n\t\t\t\t\t\t<div class=\"elementor-container elementor-column-gap-default\">\n\t\t\t\t\t<div class=\"elementor-column elementor-col-100 elementor-top-column elementor-element elementor-element-8f960e6\" data-id=\"8f960e6\" data-element_type=\"column\">\n\t\t\t<div class=\"elementor-widget-wrap elementor-element-populated\">\n\t\t\t\t\t\t<div class=\"elementor-element elementor-element-db878f6 elementor-widget elementor-widget-toggle\" data-id=\"db878f6\" data-element_type=\"widget\" data-widget_type=\"toggle.default\">\n\t\t\t\t<div class=\"elementor-widget-container\">\n\t\t\t\t\t<div class=\"elementor-toggle\">\n\t\t\t\t\t\t\t<div class=\"elementor-toggle-item\">\n\t\t\t\t\t<div id=\"elementor-tab-title-2301\" class=\"elementor-tab-title\" data-tab=\"1\" role=\"button\" aria-controls=\"elementor-tab-content-2301\" aria-expanded=\"false\">\n\t\t\t\t\t\t\t\t\t\t\t\t<span class=\"elementor-toggle-icon elementor-toggle-icon-left\" aria-hidden=\"true\">\n\t\t\t\t\t\t\t\t\t\t\t\t\t\t\t<span class=\"elementor-toggle-icon-closed\"><i class=\"fas fa-caret-right\"><\/i><\/span>\n\t\t\t\t\t\t\t\t<span class=\"elementor-toggle-icon-opened\"><i class=\"elementor-toggle-icon-opened fas fa-caret-up\"><\/i><\/span>\n\t\t\t\t\t\t\t\t\t\t\t\t\t<\/span>\n\t\t\t\t\t\t\t\t\t\t\t\t<a class=\"elementor-toggle-title\" tabindex=\"0\">Vivre dans le jeu une situation de contrainte avec Handiscover- 1 heure<\/a>\n\t\t\t\t\t<\/div>\n\n\t\t\t\t\t<div id=\"elementor-tab-content-2301\" class=\"elementor-tab-content elementor-clearfix\" data-tab=\"1\" role=\"region\" aria-labelledby=\"elementor-tab-title-2301\"><ul><li style=\"font-weight: 400;\" aria-level=\"1\"><span style=\"font-weight: 400;\">Quoi : Jeu + d\u00e9brief rapide<\/span><\/li><li style=\"font-weight: 400;\" aria-level=\"1\"><span style=\"font-weight: 400;\">Pourquoi : Pour faire vivre et ressentir \u00e0 un public large (famille, \u00e9tudiants,\u2026) les situations de handicap<\/span><\/li><li style=\"font-weight: 400;\" aria-level=\"1\"><span style=\"font-weight: 400;\">Pour qui : Tout public<br \/><\/span><\/li><\/ul><p><a href=\"https:\/\/handiscover.chrysalude.fr\/\" target=\"_blank\" rel=\"noopener\">En savoir plus sur Handiscover<\/a><\/p><\/div>\n\t\t\t\t<\/div>\n\t\t\t\t\t\t\t<div class=\"elementor-toggle-item\">\n\t\t\t\t\t<div id=\"elementor-tab-title-2302\" class=\"elementor-tab-title\" data-tab=\"2\" role=\"button\" aria-controls=\"elementor-tab-content-2302\" aria-expanded=\"false\">\n\t\t\t\t\t\t\t\t\t\t\t\t<span class=\"elementor-toggle-icon elementor-toggle-icon-left\" aria-hidden=\"true\">\n\t\t\t\t\t\t\t\t\t\t\t\t\t\t\t<span class=\"elementor-toggle-icon-closed\"><i class=\"fas fa-caret-right\"><\/i><\/span>\n\t\t\t\t\t\t\t\t<span class=\"elementor-toggle-icon-opened\"><i class=\"elementor-toggle-icon-opened fas fa-caret-up\"><\/i><\/span>\n\t\t\t\t\t\t\t\t\t\t\t\t\t<\/span>\n\t\t\t\t\t\t\t\t\t\t\t\t<a class=\"elementor-toggle-title\" tabindex=\"0\">Vivre & provoquer des \u00e9changes intenses entre les participant\u00b7e\u00b7s avec Handiscover - 2 heures<\/a>\n\t\t\t\t\t<\/div>\n\n\t\t\t\t\t<div id=\"elementor-tab-content-2302\" class=\"elementor-tab-content elementor-clearfix\" data-tab=\"2\" role=\"region\" aria-labelledby=\"elementor-tab-title-2302\"><ul><li style=\"font-weight: 400;\" aria-level=\"1\"><span style=\"font-weight: 400;\">Quoi : Plusieurs parties d\u2019Handiscover pour un d\u00e9brief riche des sensations de chaque participant<\/span><\/li><li style=\"font-weight: 400;\" aria-level=\"1\"><span style=\"font-weight: 400;\">Pourquoi : Pour faire vivre et ressentir \u00e0 un public large (famille, \u00e9tudiants, enfants, \u2026) les situations de handicap, et provoquer des \u00e9changes et des prises de conscience sur un sujet souvent ignor\u00e9<\/span><\/li><li style=\"font-weight: 400;\" aria-level=\"1\"><span style=\"font-weight: 400;\">Pour qui : Tout public<br \/><\/span><\/li><\/ul><p><a href=\"https:\/\/handiscover.chrysalude.fr\/\" target=\"_blank\" rel=\"noopener\">En savoir plus sur Handiscover<\/a><\/p><\/div>\n\t\t\t\t<\/div>\n\t\t\t\t\t\t\t<div class=\"elementor-toggle-item\">\n\t\t\t\t\t<div id=\"elementor-tab-title-2303\" class=\"elementor-tab-title\" data-tab=\"3\" role=\"button\" aria-controls=\"elementor-tab-content-2303\" aria-expanded=\"false\">\n\t\t\t\t\t\t\t\t\t\t\t\t<span class=\"elementor-toggle-icon elementor-toggle-icon-left\" aria-hidden=\"true\">\n\t\t\t\t\t\t\t\t\t\t\t\t\t\t\t<span class=\"elementor-toggle-icon-closed\"><i class=\"fas fa-caret-right\"><\/i><\/span>\n\t\t\t\t\t\t\t\t<span class=\"elementor-toggle-icon-opened\"><i class=\"elementor-toggle-icon-opened fas fa-caret-up\"><\/i><\/span>\n\t\t\t\t\t\t\t\t\t\t\t\t\t<\/span>\n\t\t\t\t\t\t\t\t\t\t\t\t<a class=\"elementor-toggle-title\" tabindex=\"0\">Se familiariser avec les situations de handicap et \u00eatre attentif aux situations potentielles - Demi-journ\u00e9e<\/a>\n\t\t\t\t\t<\/div>\n\n\t\t\t\t\t<div id=\"elementor-tab-content-2303\" class=\"elementor-tab-content elementor-clearfix\" data-tab=\"3\" role=\"region\" aria-labelledby=\"elementor-tab-title-2303\"><ul><li aria-level=\"1\">Quoi : jeu + d\u00e9brief + apports th\u00e9oriques<\/li><li aria-level=\"1\">Pourquoi : Pour mettre en place les actions pour se rendre compte des d\u00e9ficiences afin d\u2019adapter le contexte pour ne pas placer la personne en situation de handicap<\/li><li aria-level=\"1\">Pour qui : R\u00e9f\u00e9rent\u00b7e\u00b7s handicaps et tout public professionnel amen\u00e9 \u00e0 interagir avec des personnes en situation de handicap<\/li><\/ul><\/div>\n\t\t\t\t<\/div>\n\t\t\t\t\t\t\t<div class=\"elementor-toggle-item\">\n\t\t\t\t\t<div id=\"elementor-tab-title-2304\" class=\"elementor-tab-title\" data-tab=\"4\" role=\"button\" aria-controls=\"elementor-tab-content-2304\" aria-expanded=\"false\">\n\t\t\t\t\t\t\t\t\t\t\t\t<span class=\"elementor-toggle-icon elementor-toggle-icon-left\" aria-hidden=\"true\">\n\t\t\t\t\t\t\t\t\t\t\t\t\t\t\t<span class=\"elementor-toggle-icon-closed\"><i class=\"fas fa-caret-right\"><\/i><\/span>\n\t\t\t\t\t\t\t\t<span class=\"elementor-toggle-icon-opened\"><i class=\"elementor-toggle-icon-opened fas fa-caret-up\"><\/i><\/span>\n\t\t\t\t\t\t\t\t\t\t\t\t\t<\/span>\n\t\t\t\t\t\t\t\t\t\t\t\t<a class=\"elementor-toggle-title\" tabindex=\"0\">Travailler sa posture en pr\u00e9sence d'apprenant\u00b7e\u00b7s en situation de handicap - Demi-journ\u00e9e<\/a>\n\t\t\t\t\t<\/div>\n\n\t\t\t\t\t<div id=\"elementor-tab-content-2304\" class=\"elementor-tab-content elementor-clearfix\" data-tab=\"4\" role=\"region\" aria-labelledby=\"elementor-tab-title-2304\"><ul><li aria-level=\"1\">Quoi : Atelier sp\u00e9cifique permettant de prendre conscience de la maturit\u00e9 de leur structure dans ces situations et identification de mesures-types<\/li><li aria-level=\"1\">Pourquoi : Pour produire des outils concrets\u00a0<span style=\"font-weight: 400;\">\u00a0personnalis\u00e9s permettant un \u00e9tat des lieux, et identifier des objectifs pour progresser sur la posture<\/span><\/li><li aria-level=\"1\">Pour qui : Enseignant\u00b7e\u00b7s et tout public professionnel amen\u00e9 \u00e0 interagir avec des apprenant\u00b7e\u00b7s en situation de handicap<\/li><\/ul><\/div>\n\t\t\t\t<\/div>\n\t\t\t\t\t\t\t<div class=\"elementor-toggle-item\">\n\t\t\t\t\t<div id=\"elementor-tab-title-2305\" class=\"elementor-tab-title\" data-tab=\"5\" role=\"button\" aria-controls=\"elementor-tab-content-2305\" aria-expanded=\"false\">\n\t\t\t\t\t\t\t\t\t\t\t\t<span class=\"elementor-toggle-icon elementor-toggle-icon-left\" aria-hidden=\"true\">\n\t\t\t\t\t\t\t\t\t\t\t\t\t\t\t<span class=\"elementor-toggle-icon-closed\"><i class=\"fas fa-caret-right\"><\/i><\/span>\n\t\t\t\t\t\t\t\t<span class=\"elementor-toggle-icon-opened\"><i class=\"elementor-toggle-icon-opened fas fa-caret-up\"><\/i><\/span>\n\t\t\t\t\t\t\t\t\t\t\t\t\t<\/span>\n\t\t\t\t\t\t\t\t\t\t\t\t<a class=\"elementor-toggle-title\" tabindex=\"0\">Favoriser l'inclusion par la compensation du handicap - Demi-journ\u00e9e ou journ\u00e9e<\/a>\n\t\t\t\t\t<\/div>\n\n\t\t\t\t\t<div id=\"elementor-tab-content-2305\" class=\"elementor-tab-content elementor-clearfix\" data-tab=\"5\" role=\"region\" aria-labelledby=\"elementor-tab-title-2305\"><ul><li aria-level=\"1\">Quoi : Atelier sp\u00e9cifique alternant mise en action, r\u00e9flexions collectives &amp; apports th\u00e9oriques autour de la compensation des d\u00e9ficiences visuelles, auditives, motrices et cognitives\u00a0<\/li><li aria-level=\"1\">Pourquoi : Pour \u00eatre capable d&rsquo;initier le sujet, d&rsquo;identifier les facteurs de compensation de la situation de handicap et d&rsquo;initier les d\u00e9marches<\/li><li aria-level=\"1\">Pour qui : R\u00e9f\u00e9rent\u00b7e\u00b7s handicaps<\/li><\/ul><p>Les th\u00e9matiques abord\u00e9es et les mises en situation sont adapt\u00e9es \u00e0 votre contexte :<\/p><ul><li>D\u00e9ficience visuelle<\/li><li>D\u00e9ficience motrice<\/li><li>D\u00e9ficience auditive<\/li><li>D\u00e9ficience cognitive<\/li><\/ul><\/div>\n\t\t\t\t<\/div>\n\t\t\t\t\t\t\t\t<\/div>\n\t\t\t\t<\/div>\n\t\t\t\t<\/div>\n\t\t\t\t\t<\/div>\n\t\t<\/div>\n\t\t\t\t\t<\/div>\n\t\t<\/section>\n\t\t\t\t<section class=\"elementor-section elementor-top-section elementor-element elementor-element-cb25947 elementor-section-boxed elementor-section-height-default elementor-section-height-default\" data-id=\"cb25947\" data-element_type=\"section\">\n\t\t\t\t\t\t<div class=\"elementor-container elementor-column-gap-default\">\n\t\t\t\t\t<div class=\"elementor-column elementor-col-100 elementor-top-column elementor-element elementor-element-44a599a\" data-id=\"44a599a\" data-element_type=\"column\">\n\t\t\t<div class=\"elementor-widget-wrap elementor-element-populated\">\n\t\t\t\t\t\t<div class=\"elementor-element elementor-element-3a6b336 elementor-arrows-position-inside elementor-pagination-position-outside elementor-widget elementor-widget-image-carousel\" data-id=\"3a6b336\" data-element_type=\"widget\" data-settings=\"{&quot;slides_to_show&quot;:&quot;3&quot;,&quot;slides_to_scroll&quot;:&quot;1&quot;,&quot;navigation&quot;:&quot;both&quot;,&quot;autoplay&quot;:&quot;yes&quot;,&quot;pause_on_hover&quot;:&quot;yes&quot;,&quot;pause_on_interaction&quot;:&quot;yes&quot;,&quot;autoplay_speed&quot;:5000,&quot;infinite&quot;:&quot;yes&quot;,&quot;speed&quot;:500}\" data-widget_type=\"image-carousel.default\">\n\t\t\t\t<div class=\"elementor-widget-container\">\n\t\t\t\t\t<div class=\"elementor-image-carousel-wrapper swiper\" dir=\"ltr\">\n\t\t\t<div class=\"elementor-image-carousel swiper-wrapper\" aria-live=\"off\">\n\t\t\t\t\t\t\t\t<div class=\"swiper-slide\" role=\"group\" aria-roledescription=\"slide\" aria-label=\"1 sur 8\"><figure class=\"swiper-slide-inner\"><img class=\"swiper-slide-image\" src=\"https:\/\/chrysalude.fr\/wp-content\/uploads\/2022\/05\/handiscover-photo-11-225x300.jpg\" alt=\"handiscover photo 11\" \/><\/figure><\/div><div class=\"swiper-slide\" role=\"group\" aria-roledescription=\"slide\" aria-label=\"2 sur 8\"><figure class=\"swiper-slide-inner\"><img class=\"swiper-slide-image\" src=\"https:\/\/chrysalude.fr\/wp-content\/uploads\/2022\/05\/T\u00e9moignage-1.png\" alt=\"T\u00e9moignage 1\" \/><\/figure><\/div><div class=\"swiper-slide\" role=\"group\" aria-roledescription=\"slide\" aria-label=\"3 sur 8\"><figure class=\"swiper-slide-inner\"><img class=\"swiper-slide-image\" src=\"https:\/\/chrysalude.fr\/wp-content\/uploads\/2022\/05\/handiscover-photo-15-300x187.jpg\" alt=\"handiscover photo 15\" \/><\/figure><\/div><div class=\"swiper-slide\" role=\"group\" aria-roledescription=\"slide\" aria-label=\"4 sur 8\"><figure class=\"swiper-slide-inner\"><img class=\"swiper-slide-image\" src=\"https:\/\/chrysalude.fr\/wp-content\/uploads\/2022\/05\/T\u00e9moignage-2.png\" alt=\"T\u00e9moignage 2\" \/><\/figure><\/div><div class=\"swiper-slide\" role=\"group\" aria-roledescription=\"slide\" aria-label=\"5 sur 8\"><figure class=\"swiper-slide-inner\"><img class=\"swiper-slide-image\" src=\"https:\/\/chrysalude.fr\/wp-content\/uploads\/2022\/05\/unnamed-300x161.jpg\" alt=\"unnamed\" \/><\/figure><\/div><div class=\"swiper-slide\" role=\"group\" aria-roledescription=\"slide\" aria-label=\"6 sur 8\"><figure class=\"swiper-slide-inner\"><img class=\"swiper-slide-image\" src=\"https:\/\/chrysalude.fr\/wp-content\/uploads\/2022\/05\/T\u00e9moignage-3.png\" alt=\"T\u00e9moignage 3\" \/><\/figure><\/div><div class=\"swiper-slide\" role=\"group\" aria-roledescription=\"slide\" aria-label=\"7 sur 8\"><figure class=\"swiper-slide-inner\"><img class=\"swiper-slide-image\" src=\"https:\/\/chrysalude.fr\/wp-content\/uploads\/2022\/05\/satisfaction-300x218.jpg\" alt=\"satisfaction\" \/><\/figure><\/div><div class=\"swiper-slide\" role=\"group\" aria-roledescription=\"slide\" aria-label=\"8 sur 8\"><figure class=\"swiper-slide-inner\"><img class=\"swiper-slide-image\" src=\"https:\/\/chrysalude.fr\/wp-content\/uploads\/2022\/05\/T\u00e9moignage-4.png\" alt=\"T\u00e9moignage 4\" \/><\/figure><\/div>\t\t\t<\/div>\n\t\t\t\t\t\t\t\t\t\t\t\t<div class=\"elementor-swiper-button elementor-swiper-button-prev\" role=\"button\" tabindex=\"0\">\n\t\t\t\t\t\t<i aria-hidden=\"true\" class=\"eicon-chevron-left\"><\/i>\t\t\t\t\t<\/div>\n\t\t\t\t\t<div class=\"elementor-swiper-button elementor-swiper-button-next\" role=\"button\" tabindex=\"0\">\n\t\t\t\t\t\t<i aria-hidden=\"true\" class=\"eicon-chevron-right\"><\/i>\t\t\t\t\t<\/div>\n\t\t\t\t\n\t\t\t\t\t\t\t\t\t<div class=\"swiper-pagination\"><\/div>\n\t\t\t\t\t\t\t\t\t<\/div>\n\t\t\t\t<\/div>\n\t\t\t\t<\/div>\n\t\t\t\t\t<\/div>\n\t\t<\/div>\n\t\t\t\t\t<\/div>\n\t\t<\/section>\n\t\t\t\t<\/div>\n\t\t","protected":false},"excerpt":{"rendered":"<p>Ateliers Handicap Le handicap est un sujet tabou , stigmatisant . Pas facile de l&rsquo;aborder , surtout en pr\u00e9sence d&rsquo;une personne concern\u00e9e&#8230; Avec nos\u00a0ateliers, nous vous proposons de vivre une exp\u00e9rience unique, faite de rire, de jeux, et surtout de prise de conscience, d&rsquo;\u00e9changes et d&rsquo;apprentissage. Vivre dans le jeu une situation de contrainte avec<\/p>\n<p class=\"margin-top-10\"><a class=\"moretag text-medium\" href=\"https:\/\/chrysalude.fr\/index.php\/ateliers-handiscover\/\">Lire<\/a><\/p>\n","protected":false},"author":3,"featured_media":0,"parent":0,"menu_order":0,"comment_status":"closed","ping_status":"closed","template":"","meta":[],"yoast_head":"<!-- This site is optimized with the Yoast SEO plugin v19.8 - https:\/\/yoast.com\/wordpress\/plugins\/seo\/ -->\n<title>Sensibilisez aux situations de handicap - Chrysalude<\/title>\n<meta name=\"robots\" content=\"index, follow, max-snippet:-1, max-image-preview:large, max-video-preview:-1\" \/>\n<link rel=\"canonical\" href=\"http:\/\/chrysalude.fr\/index.php\/ateliers-handiscover\/\" \/>\n<meta property=\"og:locale\" content=\"fr_FR\" \/>\n<meta property=\"og:type\" content=\"article\" \/>\n<meta property=\"og:title\" content=\"Sensibilisez aux situations de handicap - Chrysalude\" \/>\n<meta property=\"og:description\" content=\"Ateliers Handicap Le handicap est un sujet tabou , stigmatisant . Pas facile de l&rsquo;aborder , surtout en pr\u00e9sence d&rsquo;une personne concern\u00e9e&#8230; Avec nos\u00a0ateliers, nous vous proposons de vivre une exp\u00e9rience unique, faite de rire, de jeux, et surtout de prise de conscience, d&rsquo;\u00e9changes et d&rsquo;apprentissage. Vivre dans le jeu une situation de contrainte avecLire\" \/>\n<meta property=\"og:url\" content=\"http:\/\/chrysalude.fr\/index.php\/ateliers-handiscover\/\" \/>\n<meta property=\"og:site_name\" content=\"Chrysalude\" \/>\n<meta property=\"article:modified_time\" content=\"2024-02-17T12:03:37+00:00\" \/>\n<meta property=\"og:image\" content=\"https:\/\/s.w.org\/images\/core\/emoji\/11\/svg\/1f507.svg\" \/>\n<meta name=\"twitter:card\" content=\"summary_large_image\" \/>\n<meta name=\"twitter:label1\" content=\"Dur\u00e9e de lecture estim\u00e9e\" \/>\n\t<meta name=\"twitter:data1\" content=\"7 minutes\" \/>\n<script type=\"application\/ld+json\" class=\"yoast-schema-graph\">{\"@context\":\"https:\/\/schema.org\",\"@graph\":[{\"@type\":\"WebPage\",\"@id\":\"http:\/\/chrysalude.fr\/index.php\/ateliers-handiscover\/\",\"url\":\"http:\/\/chrysalude.fr\/index.php\/ateliers-handiscover\/\",\"name\":\"Sensibilisez aux situations de handicap - Chrysalude\",\"isPartOf\":{\"@id\":\"https:\/\/chrysalude.fr\/#website\"},\"datePublished\":\"2022-05-17T15:53:33+00:00\",\"dateModified\":\"2024-02-17T12:03:37+00:00\",\"breadcrumb\":{\"@id\":\"http:\/\/chrysalude.fr\/index.php\/ateliers-handiscover\/#breadcrumb\"},\"inLanguage\":\"fr-FR\",\"potentialAction\":[{\"@type\":\"ReadAction\",\"target\":[\"http:\/\/chrysalude.fr\/index.php\/ateliers-handiscover\/\"]}]},{\"@type\":\"BreadcrumbList\",\"@id\":\"http:\/\/chrysalude.fr\/index.php\/ateliers-handiscover\/#breadcrumb\",\"itemListElement\":[{\"@type\":\"ListItem\",\"position\":1,\"name\":\"Accueil\",\"item\":\"https:\/\/chrysalude.fr\/\"},{\"@type\":\"ListItem\",\"position\":2,\"name\":\"Sensibilisez aux situations de handicap\"}]},{\"@type\":\"WebSite\",\"@id\":\"https:\/\/chrysalude.fr\/#website\",\"url\":\"https:\/\/chrysalude.fr\/\",\"name\":\"Chrysalude\",\"description\":\"La m\u00e9tamorphose par le jeu\",\"publisher\":{\"@id\":\"https:\/\/chrysalude.fr\/#organization\"},\"potentialAction\":[{\"@type\":\"SearchAction\",\"target\":{\"@type\":\"EntryPoint\",\"urlTemplate\":\"https:\/\/chrysalude.fr\/?s={search_term_string}\"},\"query-input\":\"required name=search_term_string\"}],\"inLanguage\":\"fr-FR\"},{\"@type\":\"Organization\",\"@id\":\"https:\/\/chrysalude.fr\/#organization\",\"name\":\"Chrysalude\",\"url\":\"https:\/\/chrysalude.fr\/\",\"sameAs\":[\"https:\/\/www.linkedin.com\/company\/19256934\"],\"logo\":{\"@type\":\"ImageObject\",\"inLanguage\":\"fr-FR\",\"@id\":\"https:\/\/chrysalude.fr\/#\/schema\/logo\/image\/\",\"url\":\"https:\/\/chrysalude.fr\/wp-content\/uploads\/2020\/03\/cropped-logo-chrysalude-OK72.png\",\"contentUrl\":\"https:\/\/chrysalude.fr\/wp-content\/uploads\/2020\/03\/cropped-logo-chrysalude-OK72.png\",\"width\":522,\"height\":264,\"caption\":\"Chrysalude\"},\"image\":{\"@id\":\"https:\/\/chrysalude.fr\/#\/schema\/logo\/image\/\"}}]}<\/script>\n<!-- \/ Yoast SEO plugin. -->","yoast_head_json":{"title":"Sensibilisez aux situations de handicap - Chrysalude","robots":{"index":"index","follow":"follow","max-snippet":"max-snippet:-1","max-image-preview":"max-image-preview:large","max-video-preview":"max-video-preview:-1"},"canonical":"http:\/\/chrysalude.fr\/index.php\/ateliers-handiscover\/","og_locale":"fr_FR","og_type":"article","og_title":"Sensibilisez aux situations de handicap - Chrysalude","og_description":"Ateliers Handicap Le handicap est un sujet tabou , stigmatisant . Pas facile de l&rsquo;aborder , surtout en pr\u00e9sence d&rsquo;une personne concern\u00e9e&#8230; Avec nos\u00a0ateliers, nous vous proposons de vivre une exp\u00e9rience unique, faite de rire, de jeux, et surtout de prise de conscience, d&rsquo;\u00e9changes et d&rsquo;apprentissage. Vivre dans le jeu une situation de contrainte avecLire","og_url":"http:\/\/chrysalude.fr\/index.php\/ateliers-handiscover\/","og_site_name":"Chrysalude","article_modified_time":"2024-02-17T12:03:37+00:00","og_image":[{"url":"https:\/\/s.w.org\/images\/core\/emoji\/11\/svg\/1f507.svg"}],"twitter_card":"summary_large_image","twitter_misc":{"Dur\u00e9e de lecture estim\u00e9e":"7 minutes"},"schema":{"@context":"https:\/\/schema.org","@graph":[{"@type":"WebPage","@id":"http:\/\/chrysalude.fr\/index.php\/ateliers-handiscover\/","url":"http:\/\/chrysalude.fr\/index.php\/ateliers-handiscover\/","name":"Sensibilisez aux situations de handicap - Chrysalude","isPartOf":{"@id":"https:\/\/chrysalude.fr\/#website"},"datePublished":"2022-05-17T15:53:33+00:00","dateModified":"2024-02-17T12:03:37+00:00","breadcrumb":{"@id":"http:\/\/chrysalude.fr\/index.php\/ateliers-handiscover\/#breadcrumb"},"inLanguage":"fr-FR","potentialAction":[{"@type":"ReadAction","target":["http:\/\/chrysalude.fr\/index.php\/ateliers-handiscover\/"]}]},{"@type":"BreadcrumbList","@id":"http:\/\/chrysalude.fr\/index.php\/ateliers-handiscover\/#breadcrumb","itemListElement":[{"@type":"ListItem","position":1,"name":"Accueil","item":"https:\/\/chrysalude.fr\/"},{"@type":"ListItem","position":2,"name":"Sensibilisez aux situations de handicap"}]},{"@type":"WebSite","@id":"https:\/\/chrysalude.fr\/#website","url":"https:\/\/chrysalude.fr\/","name":"Chrysalude","description":"La m\u00e9tamorphose par le jeu","publisher":{"@id":"https:\/\/chrysalude.fr\/#organization"},"potentialAction":[{"@type":"SearchAction","target":{"@type":"EntryPoint","urlTemplate":"https:\/\/chrysalude.fr\/?s={search_term_string}"},"query-input":"required name=search_term_string"}],"inLanguage":"fr-FR"},{"@type":"Organization","@id":"https:\/\/chrysalude.fr\/#organization","name":"Chrysalude","url":"https:\/\/chrysalude.fr\/","sameAs":["https:\/\/www.linkedin.com\/company\/19256934"],"logo":{"@type":"ImageObject","inLanguage":"fr-FR","@id":"https:\/\/chrysalude.fr\/#\/schema\/logo\/image\/","url":"https:\/\/chrysalude.fr\/wp-content\/uploads\/2020\/03\/cropped-logo-chrysalude-OK72.png","contentUrl":"https:\/\/chrysalude.fr\/wp-content\/uploads\/2020\/03\/cropped-logo-chrysalude-OK72.png","width":522,"height":264,"caption":"Chrysalude"},"image":{"@id":"https:\/\/chrysalude.fr\/#\/schema\/logo\/image\/"}}]}},"_links":{"self":[{"href":"https:\/\/chrysalude.fr\/index.php\/wp-json\/wp\/v2\/pages\/1392"}],"collection":[{"href":"https:\/\/chrysalude.fr\/index.php\/wp-json\/wp\/v2\/pages"}],"about":[{"href":"https:\/\/chrysalude.fr\/index.php\/wp-json\/wp\/v2\/types\/page"}],"author":[{"embeddable":true,"href":"https:\/\/chrysalude.fr\/index.php\/wp-json\/wp\/v2\/users\/3"}],"replies":[{"embeddable":true,"href":"https:\/\/chrysalude.fr\/index.php\/wp-json\/wp\/v2\/comments?post=1392"}],"version-history":[{"count":22,"href":"https:\/\/chrysalude.fr\/index.php\/wp-json\/wp\/v2\/pages\/1392\/revisions"}],"predecessor-version":[{"id":1546,"href":"https:\/\/chrysalude.fr\/index.php\/wp-json\/wp\/v2\/pages\/1392\/revisions\/1546"}],"wp:attachment":[{"href":"https:\/\/chrysalude.fr\/index.php\/wp-json\/wp\/v2\/media?parent=1392"}],"curies":[{"name":"wp","href":"https:\/\/api.w.org\/{rel}","templated":true}]}}