{"id":1548,"date":"2024-02-17T13:38:31","date_gmt":"2024-02-17T12:38:31","guid":{"rendered":"https:\/\/chrysalude.fr\/?page_id=1548"},"modified":"2025-02-04T10:09:54","modified_gmt":"2025-02-04T09:09:54","slug":"atelier-enjeux","status":"publish","type":"page","link":"https:\/\/chrysalude.fr\/index.php\/atelier-enjeux\/","title":{"rendered":"Atelier EnJeux"},"content":{"rendered":"\t\t<div data-elementor-type=\"wp-page\" data-elementor-id=\"1548\" class=\"elementor elementor-1548\">\n\t\t\t\t\t\t<section class=\"elementor-section elementor-top-section elementor-element elementor-element-6846360 elementor-section-boxed elementor-section-height-default elementor-section-height-default\" data-id=\"6846360\" data-element_type=\"section\">\n\t\t\t\t\t\t<div class=\"elementor-container elementor-column-gap-default\">\n\t\t\t\t\t<div class=\"elementor-column elementor-col-100 elementor-top-column elementor-element elementor-element-7121946\" data-id=\"7121946\" data-element_type=\"column\">\n\t\t\t<div class=\"elementor-widget-wrap elementor-element-populated\">\n\t\t\t\t\t\t<div class=\"elementor-element elementor-element-ed31325 elementor-widget elementor-widget-heading\" data-id=\"ed31325\" data-element_type=\"widget\" data-widget_type=\"heading.default\">\n\t\t\t\t<div class=\"elementor-widget-container\">\n\t\t\t<h2 class=\"elementor-heading-title elementor-size-default\">Atelier EnJeux<\/h2>\t\t<\/div>\n\t\t\t\t<\/div>\n\t\t\t\t\t<\/div>\n\t\t<\/div>\n\t\t\t\t\t<\/div>\n\t\t<\/section>\n\t\t\t\t<section class=\"elementor-section elementor-top-section elementor-element elementor-element-41b36d3 elementor-section-boxed elementor-section-height-default elementor-section-height-default\" data-id=\"41b36d3\" data-element_type=\"section\">\n\t\t\t\t\t\t<div class=\"elementor-container elementor-column-gap-default\">\n\t\t\t\t\t<div class=\"elementor-column elementor-col-66 elementor-top-column elementor-element elementor-element-e478f99\" data-id=\"e478f99\" data-element_type=\"column\">\n\t\t\t<div class=\"elementor-widget-wrap elementor-element-populated\">\n\t\t\t\t\t\t<div class=\"elementor-element elementor-element-24eced0 elementor-widget elementor-widget-heading\" data-id=\"24eced0\" data-element_type=\"widget\" data-widget_type=\"heading.default\">\n\t\t\t\t<div class=\"elementor-widget-container\">\n\t\t\t<h2 class=\"elementor-heading-title elementor-size-default\">Vos objectifs<\/h2>\t\t<\/div>\n\t\t\t\t<\/div>\n\t\t\t\t<div class=\"elementor-element elementor-element-02cd778 elementor-widget elementor-widget-text-editor\" data-id=\"02cd778\" data-element_type=\"widget\" data-widget_type=\"text-editor.default\">\n\t\t\t\t<div class=\"elementor-widget-container\">\n\t\t\t\t\t\t\t<p><span style=\"font-family: Montserrat, sans-serif; text-align: center; white-space-collapse: preserve;\">Vous cherchez \u00e0 mettre en place un atelier ludique \u00e0 destination de vos \u00e9quipes pour :<\/span><\/p><ul><li><span style=\"font-family: Montserrat, sans-serif; text-align: center; white-space-collapse: preserve;\">pr\u00e9parer les acteurs et actrices de demain<\/span><\/li><li><span style=\"font-family: Montserrat, sans-serif; text-align: center; white-space-collapse: preserve;\">accompagner les changements<\/span><\/li><li><span style=\"font-family: Montserrat, sans-serif; text-align: center; white-space-collapse: preserve;\">provoquer des prises de conscience sur les sujets de diversit\u00e9, d\u2019\u00e9galit\u00e9 F\/H, de handicap, d\u2019\u00e9galit\u00e9 des chances.<\/span><\/li><\/ul><p><span style=\"font-family: Montserrat, sans-serif; text-align: center; white-space-collapse: preserve;\">Cet atelier doit les mettre en action, et pas seulement les sensibiliser et les informer.<\/span><\/p>\t\t\t\t\t\t<\/div>\n\t\t\t\t<\/div>\n\t\t\t\t\t<\/div>\n\t\t<\/div>\n\t\t\t\t<div class=\"elementor-column elementor-col-33 elementor-top-column elementor-element elementor-element-54f66ae\" data-id=\"54f66ae\" data-element_type=\"column\">\n\t\t\t<div class=\"elementor-widget-wrap elementor-element-populated\">\n\t\t\t\t\t\t<div class=\"elementor-element elementor-element-e990c17 elementor-widget elementor-widget-image\" data-id=\"e990c17\" data-element_type=\"widget\" data-widget_type=\"image.default\">\n\t\t\t\t<div class=\"elementor-widget-container\">\n\t\t\t\t\t\t\t\t\t\t\t\t\t<img fetchpriority=\"high\" width=\"615\" height=\"821\" src=\"https:\/\/chrysalude.fr\/wp-content\/uploads\/2024\/02\/atelier-Enjeux-1.jpg\" class=\"attachment-large size-large wp-image-1551\" alt=\"\" srcset=\"https:\/\/chrysalude.fr\/wp-content\/uploads\/2024\/02\/atelier-Enjeux-1.jpg 615w, https:\/\/chrysalude.fr\/wp-content\/uploads\/2024\/02\/atelier-Enjeux-1-225x300.jpg 225w\" sizes=\"(max-width: 615px) 100vw, 615px\" \/>\t\t\t\t\t\t\t\t\t\t\t\t\t<\/div>\n\t\t\t\t<\/div>\n\t\t\t\t\t<\/div>\n\t\t<\/div>\n\t\t\t\t\t<\/div>\n\t\t<\/section>\n\t\t\t\t<section class=\"elementor-section elementor-top-section elementor-element elementor-element-486db55 elementor-section-boxed elementor-section-height-default elementor-section-height-default\" data-id=\"486db55\" data-element_type=\"section\">\n\t\t\t\t\t\t<div class=\"elementor-container elementor-column-gap-default\">\n\t\t\t\t\t<div class=\"elementor-column elementor-col-33 elementor-top-column elementor-element elementor-element-0e6d4a5\" data-id=\"0e6d4a5\" data-element_type=\"column\">\n\t\t\t<div class=\"elementor-widget-wrap elementor-element-populated\">\n\t\t\t\t\t\t<div class=\"elementor-element elementor-element-2b53572 elementor-widget elementor-widget-image\" data-id=\"2b53572\" data-element_type=\"widget\" data-widget_type=\"image.default\">\n\t\t\t\t<div class=\"elementor-widget-container\">\n\t\t\t\t\t\t\t\t\t\t\t\t\t<img width=\"642\" height=\"856\" src=\"https:\/\/chrysalude.fr\/wp-content\/uploads\/2024\/02\/atelier-enjeux-2.jpg\" class=\"attachment-large size-large wp-image-1552\" alt=\"\" srcset=\"https:\/\/chrysalude.fr\/wp-content\/uploads\/2024\/02\/atelier-enjeux-2.jpg 642w, https:\/\/chrysalude.fr\/wp-content\/uploads\/2024\/02\/atelier-enjeux-2-225x300.jpg 225w\" sizes=\"(max-width: 642px) 100vw, 642px\" \/>\t\t\t\t\t\t\t\t\t\t\t\t\t<\/div>\n\t\t\t\t<\/div>\n\t\t\t\t\t<\/div>\n\t\t<\/div>\n\t\t\t\t<div class=\"elementor-column elementor-col-66 elementor-top-column elementor-element elementor-element-3d6bcf2\" data-id=\"3d6bcf2\" data-element_type=\"column\">\n\t\t\t<div class=\"elementor-widget-wrap elementor-element-populated\">\n\t\t\t\t\t\t<div class=\"elementor-element elementor-element-8091d1e elementor-widget elementor-widget-heading\" data-id=\"8091d1e\" data-element_type=\"widget\" data-widget_type=\"heading.default\">\n\t\t\t\t<div class=\"elementor-widget-container\">\n\t\t\t<h2 class=\"elementor-heading-title elementor-size-default\">Notre d\u00e9marche<\/h2>\t\t<\/div>\n\t\t\t\t<\/div>\n\t\t\t\t<div class=\"elementor-element elementor-element-a184323 elementor-widget elementor-widget-text-editor\" data-id=\"a184323\" data-element_type=\"widget\" data-widget_type=\"text-editor.default\">\n\t\t\t\t<div class=\"elementor-widget-container\">\n\t\t\t\t\t\t\t<p><span style=\"font-weight: 400;\">Pour impliquer vos \u00e9quipes<\/span><span style=\"font-weight: 400;\">, nous vous proposons une d\u00e9marche s\u2019appuyant sur le <\/span><span style=\"font-weight: 400;\">learning by game-design, \u00e0 savoir la cr\u00e9ation de jeux physiques et concrets pour :\u00a0<\/span><\/p><ul><li style=\"font-weight: 400;\" aria-level=\"1\"><span style=\"font-weight: 400;\">monter en comp\u00e9tence sur les sujets RSE abord\u00e9s<\/span><\/li><li style=\"font-weight: 400;\" aria-level=\"1\"><span style=\"font-weight: 400;\">se questionner et explorer diff\u00e9rentes pistes<\/span><\/li><li style=\"font-weight: 400;\" aria-level=\"1\"><span style=\"font-weight: 400;\">mener un projet concret et engageant<\/span><\/li><li style=\"font-weight: 400;\" aria-level=\"1\"><span style=\"font-weight: 400;\">et disposer ensuite d\u2019outils concrets pour sensibiliser et informer les autres parties prenantes.<\/span><\/li><\/ul>\t\t\t\t\t\t<\/div>\n\t\t\t\t<\/div>\n\t\t\t\t\t<\/div>\n\t\t<\/div>\n\t\t\t\t\t<\/div>\n\t\t<\/section>\n\t\t\t\t<section class=\"elementor-section elementor-top-section elementor-element elementor-element-b667381 elementor-section-boxed elementor-section-height-default elementor-section-height-default\" data-id=\"b667381\" data-element_type=\"section\">\n\t\t\t\t\t\t<div class=\"elementor-container elementor-column-gap-default\">\n\t\t\t\t\t<div class=\"elementor-column elementor-col-66 elementor-top-column elementor-element elementor-element-4b6d806\" data-id=\"4b6d806\" data-element_type=\"column\">\n\t\t\t<div class=\"elementor-widget-wrap elementor-element-populated\">\n\t\t\t\t\t\t<div class=\"elementor-element elementor-element-7d8a68a elementor-widget elementor-widget-heading\" data-id=\"7d8a68a\" data-element_type=\"widget\" data-widget_type=\"heading.default\">\n\t\t\t\t<div class=\"elementor-widget-container\">\n\t\t\t<h2 class=\"elementor-heading-title elementor-size-default\">Le programme<\/h2>\t\t<\/div>\n\t\t\t\t<\/div>\n\t\t\t\t<div class=\"elementor-element elementor-element-533a126 elementor-widget elementor-widget-text-editor\" data-id=\"533a126\" data-element_type=\"widget\" data-widget_type=\"text-editor.default\">\n\t\t\t\t<div class=\"elementor-widget-container\">\n\t\t\t\t\t\t\t<p>L&rsquo;atelier dure d&rsquo;une demi-journ\u00e9e \u00e0 2 jours cons\u00e9cutifs, en mode game jam, afin que les personnes participantes restent fortement engag\u00e9es.<\/p><p>L\u2019atelier se d\u00e9roule en plusieurs moments :<\/p><ul><li>onboarding : d\u00e9tournement d\u2019un jeu classique pour l\u2019adapter \u00e0 des objectifs p\u00e9dagogiques et pr\u00e9sentation du d\u00e9roulement et des attendus.<\/li><li>apports th\u00e9oriques sur les sujets choisis, constitution des \u00e9quipes \u00e0 partir des id\u00e9es produites.<\/li><li>apports th\u00e9oriques et pratiques sur le game design.<\/li><li>it\u00e9rations de conception, prototypage et tests du jeu.<\/li><\/ul><p>Tout au long de la session, les animateurs coachent les \u00e9quipes, et fournissent des apports th\u00e9oriques et pratiques sur le game design.<\/p>\t\t\t\t\t\t<\/div>\n\t\t\t\t<\/div>\n\t\t\t\t\t<\/div>\n\t\t<\/div>\n\t\t\t\t<div class=\"elementor-column elementor-col-33 elementor-top-column elementor-element elementor-element-ffbc45f\" data-id=\"ffbc45f\" data-element_type=\"column\">\n\t\t\t<div class=\"elementor-widget-wrap elementor-element-populated\">\n\t\t\t\t\t\t<div class=\"elementor-element elementor-element-33d6de3 elementor-widget elementor-widget-image\" data-id=\"33d6de3\" data-element_type=\"widget\" data-widget_type=\"image.default\">\n\t\t\t\t<div class=\"elementor-widget-container\">\n\t\t\t\t\t\t\t\t\t\t\t\t\t<img width=\"680\" height=\"510\" src=\"https:\/\/chrysalude.fr\/wp-content\/uploads\/2024\/02\/atelier-enjeux-3.jpg\" class=\"attachment-large size-large wp-image-1553\" alt=\"\" srcset=\"https:\/\/chrysalude.fr\/wp-content\/uploads\/2024\/02\/atelier-enjeux-3.jpg 680w, https:\/\/chrysalude.fr\/wp-content\/uploads\/2024\/02\/atelier-enjeux-3-300x225.jpg 300w\" sizes=\"(max-width: 680px) 100vw, 680px\" \/>\t\t\t\t\t\t\t\t\t\t\t\t\t<\/div>\n\t\t\t\t<\/div>\n\t\t\t\t\t<\/div>\n\t\t<\/div>\n\t\t\t\t\t<\/div>\n\t\t<\/section>\n\t\t\t\t<section class=\"elementor-section elementor-top-section elementor-element elementor-element-8d350c6 elementor-section-boxed elementor-section-height-default elementor-section-height-default\" data-id=\"8d350c6\" data-element_type=\"section\">\n\t\t\t\t\t\t<div class=\"elementor-container elementor-column-gap-default\">\n\t\t\t\t\t<div class=\"elementor-column elementor-col-33 elementor-top-column elementor-element elementor-element-4d116ac\" data-id=\"4d116ac\" data-element_type=\"column\">\n\t\t\t<div class=\"elementor-widget-wrap elementor-element-populated\">\n\t\t\t\t\t\t<div class=\"elementor-element elementor-element-7d3a3f7 elementor-widget elementor-widget-image\" data-id=\"7d3a3f7\" data-element_type=\"widget\" data-widget_type=\"image.default\">\n\t\t\t\t<div class=\"elementor-widget-container\">\n\t\t\t\t\t\t\t\t\t\t\t\t\t<img loading=\"lazy\" width=\"768\" height=\"1024\" src=\"https:\/\/chrysalude.fr\/wp-content\/uploads\/2024\/02\/atelier-enjeux-4-768x1024.jpg\" class=\"attachment-large size-large wp-image-1554\" alt=\"\" srcset=\"https:\/\/chrysalude.fr\/wp-content\/uploads\/2024\/02\/atelier-enjeux-4-768x1024.jpg 768w, https:\/\/chrysalude.fr\/wp-content\/uploads\/2024\/02\/atelier-enjeux-4-225x300.jpg 225w, https:\/\/chrysalude.fr\/wp-content\/uploads\/2024\/02\/atelier-enjeux-4-1152x1536.jpg 1152w, https:\/\/chrysalude.fr\/wp-content\/uploads\/2024\/02\/atelier-enjeux-4-1536x2048.jpg 1536w, https:\/\/chrysalude.fr\/wp-content\/uploads\/2024\/02\/atelier-enjeux-4-scaled.jpg 1920w\" sizes=\"(max-width: 768px) 100vw, 768px\" \/>\t\t\t\t\t\t\t\t\t\t\t\t\t<\/div>\n\t\t\t\t<\/div>\n\t\t\t\t\t<\/div>\n\t\t<\/div>\n\t\t\t\t<div class=\"elementor-column elementor-col-66 elementor-top-column elementor-element elementor-element-7f7bf09\" data-id=\"7f7bf09\" data-element_type=\"column\">\n\t\t\t<div class=\"elementor-widget-wrap elementor-element-populated\">\n\t\t\t\t\t\t<div class=\"elementor-element elementor-element-6d4402d elementor-widget elementor-widget-heading\" data-id=\"6d4402d\" data-element_type=\"widget\" data-widget_type=\"heading.default\">\n\t\t\t\t<div class=\"elementor-widget-container\">\n\t\t\t<h2 class=\"elementor-heading-title elementor-size-default\">Les conditions<\/h2>\t\t<\/div>\n\t\t\t\t<\/div>\n\t\t\t\t<div class=\"elementor-element elementor-element-881ddb3 elementor-widget elementor-widget-text-editor\" data-id=\"881ddb3\" data-element_type=\"widget\" data-widget_type=\"text-editor.default\">\n\t\t\t\t<div class=\"elementor-widget-container\">\n\t\t\t\t\t\t\t<ul>\n<li><span style=\"font-weight: 400;\">1 \u00e0 4 intervenants.<\/span><\/li>\n<li><span style=\"font-weight: 400;\">de 5 \u00e0 50 participants.<\/span><\/li>\n<li><span style=\"font-weight: 400;\">fourniture du mat\u00e9riel de cr\u00e9ation des prototypes (d\u00e9s, cartes, boites, etc.) par Chrysalude.<br><\/span><\/li>\n<\/ul>\t\t\t\t\t\t<\/div>\n\t\t\t\t<\/div>\n\t\t\t\t\t<\/div>\n\t\t<\/div>\n\t\t\t\t\t<\/div>\n\t\t<\/section>\n\t\t\t\t<\/div>\n\t\t","protected":false},"excerpt":{"rendered":"<p>Atelier EnJeux Vos objectifs Vous cherchez \u00e0 mettre en place un atelier ludique \u00e0 destination de vos \u00e9quipes pour : pr\u00e9parer les acteurs et actrices de demain accompagner les changements provoquer des prises de conscience sur les sujets de diversit\u00e9, d\u2019\u00e9galit\u00e9 F\/H, de handicap, d\u2019\u00e9galit\u00e9 des chances. Cet atelier doit les mettre en action, et<\/p>\n<p class=\"margin-top-10\"><a class=\"moretag text-medium\" href=\"https:\/\/chrysalude.fr\/index.php\/atelier-enjeux\/\">Lire<\/a><\/p>\n","protected":false},"author":4,"featured_media":0,"parent":0,"menu_order":0,"comment_status":"closed","ping_status":"closed","template":"","meta":[],"yoast_head":"<!-- This site is optimized with the Yoast SEO plugin v19.8 - https:\/\/yoast.com\/wordpress\/plugins\/seo\/ -->\n<title>Atelier EnJeux - Chrysalude<\/title>\n<meta name=\"robots\" content=\"index, follow, max-snippet:-1, max-image-preview:large, max-video-preview:-1\" \/>\n<link rel=\"canonical\" href=\"https:\/\/chrysalude.fr\/index.php\/atelier-enjeux\/\" \/>\n<meta property=\"og:locale\" content=\"fr_FR\" \/>\n<meta property=\"og:type\" content=\"article\" \/>\n<meta property=\"og:title\" content=\"Atelier EnJeux - Chrysalude\" \/>\n<meta property=\"og:description\" content=\"Atelier EnJeux Vos objectifs Vous cherchez \u00e0 mettre en place un atelier ludique \u00e0 destination de vos \u00e9quipes pour : pr\u00e9parer les acteurs et actrices de demain accompagner les changements provoquer des prises de conscience sur les sujets de diversit\u00e9, d\u2019\u00e9galit\u00e9 F\/H, de handicap, d\u2019\u00e9galit\u00e9 des chances. Cet atelier doit les mettre en action, etLire\" \/>\n<meta property=\"og:url\" content=\"https:\/\/chrysalude.fr\/index.php\/atelier-enjeux\/\" \/>\n<meta property=\"og:site_name\" content=\"Chrysalude\" \/>\n<meta property=\"article:modified_time\" content=\"2025-02-04T09:09:54+00:00\" \/>\n<meta property=\"og:image\" content=\"http:\/\/chrysalude.fr\/wp-content\/uploads\/2024\/02\/atelier-Enjeux-1.jpg\" \/>\n<meta name=\"twitter:card\" content=\"summary_large_image\" \/>\n<meta name=\"twitter:label1\" content=\"Dur\u00e9e de lecture estim\u00e9e\" \/>\n\t<meta name=\"twitter:data1\" content=\"3 minutes\" \/>\n<script type=\"application\/ld+json\" class=\"yoast-schema-graph\">{\"@context\":\"https:\/\/schema.org\",\"@graph\":[{\"@type\":\"WebPage\",\"@id\":\"https:\/\/chrysalude.fr\/index.php\/atelier-enjeux\/\",\"url\":\"https:\/\/chrysalude.fr\/index.php\/atelier-enjeux\/\",\"name\":\"Atelier EnJeux - Chrysalude\",\"isPartOf\":{\"@id\":\"https:\/\/chrysalude.fr\/#website\"},\"datePublished\":\"2024-02-17T12:38:31+00:00\",\"dateModified\":\"2025-02-04T09:09:54+00:00\",\"breadcrumb\":{\"@id\":\"https:\/\/chrysalude.fr\/index.php\/atelier-enjeux\/#breadcrumb\"},\"inLanguage\":\"fr-FR\",\"potentialAction\":[{\"@type\":\"ReadAction\",\"target\":[\"https:\/\/chrysalude.fr\/index.php\/atelier-enjeux\/\"]}]},{\"@type\":\"BreadcrumbList\",\"@id\":\"https:\/\/chrysalude.fr\/index.php\/atelier-enjeux\/#breadcrumb\",\"itemListElement\":[{\"@type\":\"ListItem\",\"position\":1,\"name\":\"Accueil\",\"item\":\"https:\/\/chrysalude.fr\/\"},{\"@type\":\"ListItem\",\"position\":2,\"name\":\"Atelier EnJeux\"}]},{\"@type\":\"WebSite\",\"@id\":\"https:\/\/chrysalude.fr\/#website\",\"url\":\"https:\/\/chrysalude.fr\/\",\"name\":\"Chrysalude\",\"description\":\"La m\u00e9tamorphose par le jeu\",\"publisher\":{\"@id\":\"https:\/\/chrysalude.fr\/#organization\"},\"potentialAction\":[{\"@type\":\"SearchAction\",\"target\":{\"@type\":\"EntryPoint\",\"urlTemplate\":\"https:\/\/chrysalude.fr\/?s={search_term_string}\"},\"query-input\":\"required name=search_term_string\"}],\"inLanguage\":\"fr-FR\"},{\"@type\":\"Organization\",\"@id\":\"https:\/\/chrysalude.fr\/#organization\",\"name\":\"Chrysalude\",\"url\":\"https:\/\/chrysalude.fr\/\",\"sameAs\":[\"https:\/\/www.linkedin.com\/company\/19256934\"],\"logo\":{\"@type\":\"ImageObject\",\"inLanguage\":\"fr-FR\",\"@id\":\"https:\/\/chrysalude.fr\/#\/schema\/logo\/image\/\",\"url\":\"https:\/\/chrysalude.fr\/wp-content\/uploads\/2020\/03\/cropped-logo-chrysalude-OK72.png\",\"contentUrl\":\"https:\/\/chrysalude.fr\/wp-content\/uploads\/2020\/03\/cropped-logo-chrysalude-OK72.png\",\"width\":522,\"height\":264,\"caption\":\"Chrysalude\"},\"image\":{\"@id\":\"https:\/\/chrysalude.fr\/#\/schema\/logo\/image\/\"}}]}<\/script>\n<!-- \/ Yoast SEO plugin. -->","yoast_head_json":{"title":"Atelier EnJeux - Chrysalude","robots":{"index":"index","follow":"follow","max-snippet":"max-snippet:-1","max-image-preview":"max-image-preview:large","max-video-preview":"max-video-preview:-1"},"canonical":"https:\/\/chrysalude.fr\/index.php\/atelier-enjeux\/","og_locale":"fr_FR","og_type":"article","og_title":"Atelier EnJeux - Chrysalude","og_description":"Atelier EnJeux Vos objectifs Vous cherchez \u00e0 mettre en place un atelier ludique \u00e0 destination de vos \u00e9quipes pour : pr\u00e9parer les acteurs et actrices de demain accompagner les changements provoquer des prises de conscience sur les sujets de diversit\u00e9, d\u2019\u00e9galit\u00e9 F\/H, de handicap, d\u2019\u00e9galit\u00e9 des chances. Cet atelier doit les mettre en action, etLire","og_url":"https:\/\/chrysalude.fr\/index.php\/atelier-enjeux\/","og_site_name":"Chrysalude","article_modified_time":"2025-02-04T09:09:54+00:00","og_image":[{"url":"http:\/\/chrysalude.fr\/wp-content\/uploads\/2024\/02\/atelier-Enjeux-1.jpg"}],"twitter_card":"summary_large_image","twitter_misc":{"Dur\u00e9e de lecture estim\u00e9e":"3 minutes"},"schema":{"@context":"https:\/\/schema.org","@graph":[{"@type":"WebPage","@id":"https:\/\/chrysalude.fr\/index.php\/atelier-enjeux\/","url":"https:\/\/chrysalude.fr\/index.php\/atelier-enjeux\/","name":"Atelier EnJeux - Chrysalude","isPartOf":{"@id":"https:\/\/chrysalude.fr\/#website"},"datePublished":"2024-02-17T12:38:31+00:00","dateModified":"2025-02-04T09:09:54+00:00","breadcrumb":{"@id":"https:\/\/chrysalude.fr\/index.php\/atelier-enjeux\/#breadcrumb"},"inLanguage":"fr-FR","potentialAction":[{"@type":"ReadAction","target":["https:\/\/chrysalude.fr\/index.php\/atelier-enjeux\/"]}]},{"@type":"BreadcrumbList","@id":"https:\/\/chrysalude.fr\/index.php\/atelier-enjeux\/#breadcrumb","itemListElement":[{"@type":"ListItem","position":1,"name":"Accueil","item":"https:\/\/chrysalude.fr\/"},{"@type":"ListItem","position":2,"name":"Atelier EnJeux"}]},{"@type":"WebSite","@id":"https:\/\/chrysalude.fr\/#website","url":"https:\/\/chrysalude.fr\/","name":"Chrysalude","description":"La m\u00e9tamorphose par le jeu","publisher":{"@id":"https:\/\/chrysalude.fr\/#organization"},"potentialAction":[{"@type":"SearchAction","target":{"@type":"EntryPoint","urlTemplate":"https:\/\/chrysalude.fr\/?s={search_term_string}"},"query-input":"required name=search_term_string"}],"inLanguage":"fr-FR"},{"@type":"Organization","@id":"https:\/\/chrysalude.fr\/#organization","name":"Chrysalude","url":"https:\/\/chrysalude.fr\/","sameAs":["https:\/\/www.linkedin.com\/company\/19256934"],"logo":{"@type":"ImageObject","inLanguage":"fr-FR","@id":"https:\/\/chrysalude.fr\/#\/schema\/logo\/image\/","url":"https:\/\/chrysalude.fr\/wp-content\/uploads\/2020\/03\/cropped-logo-chrysalude-OK72.png","contentUrl":"https:\/\/chrysalude.fr\/wp-content\/uploads\/2020\/03\/cropped-logo-chrysalude-OK72.png","width":522,"height":264,"caption":"Chrysalude"},"image":{"@id":"https:\/\/chrysalude.fr\/#\/schema\/logo\/image\/"}}]}},"_links":{"self":[{"href":"https:\/\/chrysalude.fr\/index.php\/wp-json\/wp\/v2\/pages\/1548"}],"collection":[{"href":"https:\/\/chrysalude.fr\/index.php\/wp-json\/wp\/v2\/pages"}],"about":[{"href":"https:\/\/chrysalude.fr\/index.php\/wp-json\/wp\/v2\/types\/page"}],"author":[{"embeddable":true,"href":"https:\/\/chrysalude.fr\/index.php\/wp-json\/wp\/v2\/users\/4"}],"replies":[{"embeddable":true,"href":"https:\/\/chrysalude.fr\/index.php\/wp-json\/wp\/v2\/comments?post=1548"}],"version-history":[{"count":8,"href":"https:\/\/chrysalude.fr\/index.php\/wp-json\/wp\/v2\/pages\/1548\/revisions"}],"predecessor-version":[{"id":1699,"href":"https:\/\/chrysalude.fr\/index.php\/wp-json\/wp\/v2\/pages\/1548\/revisions\/1699"}],"wp:attachment":[{"href":"https:\/\/chrysalude.fr\/index.php\/wp-json\/wp\/v2\/media?parent=1548"}],"curies":[{"name":"wp","href":"https:\/\/api.w.org\/{rel}","templated":true}]}}