{"id":193,"date":"2020-04-01T16:06:53","date_gmt":"2020-04-01T14:06:53","guid":{"rendered":"http:\/\/chrysalude.fr\/?page_id=193"},"modified":"2025-02-04T10:22:32","modified_gmt":"2025-02-04T09:22:32","slug":"defi-licorne","status":"publish","type":"page","link":"https:\/\/chrysalude.fr\/index.php\/defi-licorne\/","title":{"rendered":"D\u00e9fi Licorne"},"content":{"rendered":"\t\t<div data-elementor-type=\"wp-post\" data-elementor-id=\"193\" class=\"elementor elementor-193\">\n\t\t\t\t\t\t<section class=\"elementor-section elementor-top-section elementor-element elementor-element-43c971f elementor-section-boxed elementor-section-height-default elementor-section-height-default\" data-id=\"43c971f\" data-element_type=\"section\">\n\t\t\t\t\t\t<div class=\"elementor-container elementor-column-gap-default\">\n\t\t\t\t\t<div class=\"elementor-column elementor-col-100 elementor-top-column elementor-element elementor-element-f48cc27\" data-id=\"f48cc27\" data-element_type=\"column\">\n\t\t\t<div class=\"elementor-widget-wrap elementor-element-populated\">\n\t\t\t\t\t\t<div class=\"elementor-element elementor-element-ac8b0d1 elementor-widget elementor-widget-heading\" data-id=\"ac8b0d1\" data-element_type=\"widget\" data-widget_type=\"heading.default\">\n\t\t\t\t<div class=\"elementor-widget-container\">\n\t\t\t<h2 class=\"elementor-heading-title elementor-size-default\">La Source<\/h2>\t\t<\/div>\n\t\t\t\t<\/div>\n\t\t\t\t\t<\/div>\n\t\t<\/div>\n\t\t\t\t\t<\/div>\n\t\t<\/section>\n\t\t\t\t<section class=\"elementor-section elementor-top-section elementor-element elementor-element-4f1e63b elementor-section-boxed elementor-section-height-default elementor-section-height-default\" data-id=\"4f1e63b\" data-element_type=\"section\">\n\t\t\t\t\t\t<div class=\"elementor-container elementor-column-gap-default\">\n\t\t\t\t\t<div class=\"elementor-column elementor-col-100 elementor-top-column elementor-element elementor-element-636ecf9\" data-id=\"636ecf9\" data-element_type=\"column\">\n\t\t\t<div class=\"elementor-widget-wrap elementor-element-populated\">\n\t\t\t\t\t\t<section class=\"elementor-section elementor-inner-section elementor-element elementor-element-f9718cf elementor-section-boxed elementor-section-height-default elementor-section-height-default\" data-id=\"f9718cf\" data-element_type=\"section\">\n\t\t\t\t\t\t<div class=\"elementor-container elementor-column-gap-default\">\n\t\t\t\t\t<div class=\"elementor-column elementor-col-50 elementor-inner-column elementor-element elementor-element-6c656f3\" data-id=\"6c656f3\" data-element_type=\"column\">\n\t\t\t<div class=\"elementor-widget-wrap elementor-element-populated\">\n\t\t\t\t\t\t<div class=\"elementor-element elementor-element-f117661 elementor-widget elementor-widget-text-editor\" data-id=\"f117661\" data-element_type=\"widget\" data-widget_type=\"text-editor.default\">\n\t\t\t\t<div class=\"elementor-widget-container\">\n\t\t\t\t\t\t\t<p>Le professeur Urja, scientifique et explorateur sp\u00e9cialiste des \u00e9nergies renouvelables, a myst\u00e9rieusement disparu en mer et n&rsquo;a laiss\u00e9 derri\u00e8re lui qu&rsquo;un coffre et une bouteille. Les participants doivent remonter la piste des recherches du professeur.<\/p>\n<p>Il s&rsquo;agit d&rsquo;un <strong>escape game<\/strong> au mat\u00e9riel \u00ab\u00a0compact\u00a0\u00bb, tenant dans un coffre, puis sur une grande table une fois install\u00e9.<br>Sa dur\u00e9e est d&rsquo;environ 1 h. Il peut \u00eatre jou\u00e9 par <b>plusieurs \u00e9quipes<\/b> en parall\u00e8le (jusqu&rsquo;\u00e0 5, \u00e9ventuellement plus sur demande).<\/p>\n<p>Suivant l&rsquo;optique dans laquelle il a \u00e9t\u00e9 mis en place, il peut \u00eatre suivi d&rsquo;un <strong>debrief<\/strong> r\u00e9pondant \u00e0 vos enjeux. Sans debrief, son but est purement ludique, dans un contexte de divertissement (soir\u00e9e de fin d&rsquo;ann\u00e9e, anniversaire d&rsquo;entreprise, etc.).<\/p>\n<p>Cet escape game a \u00e9t\u00e9 initialement con\u00e7u dans l&rsquo;optique de faire appel \u00e0 diff\u00e9rentes sensibilit\u00e9s (artistique, analytique, litt\u00e9raire, etc.), afin notamment de servir de r\u00e9v\u00e9lateur de comp\u00e9tences. Il peut \u00e0 ce titre \u00eatre utilis\u00e9 lors de phases de <strong>recrutement<\/strong>, interne ou externe.<\/p>\n<p>Il est \u00e9galement tr\u00e8s utile au sein d&rsquo;une <strong>\u00e9quipe<\/strong> pour d\u00e9celer des dysfonctionnements ou mettre en \u00e9vidence les comportements des diff\u00e9rentes personnes, face au management notamment.<br>La base de la r\u00e9ussite d&rsquo;un escape game r\u00e9side en effet dans la bonne communication entre les membres de l&rsquo;\u00e9quipe et l&rsquo;\u00e9coute de chacun afin d&rsquo;utiliser au mieux les comp\u00e9tences des uns et des autres.<\/p>\n<p>A ce titre, il trouvera aussi sa place pour cr\u00e9er du lien lors de sessions de <strong>team building<\/strong>, ou au cours de s\u00e9minaires.<\/p>\t\t\t\t\t\t<\/div>\n\t\t\t\t<\/div>\n\t\t\t\t\t<\/div>\n\t\t<\/div>\n\t\t\t\t<div class=\"elementor-column elementor-col-50 elementor-inner-column elementor-element elementor-element-e5e2360\" data-id=\"e5e2360\" data-element_type=\"column\">\n\t\t\t<div class=\"elementor-widget-wrap elementor-element-populated\">\n\t\t\t\t\t\t<div class=\"elementor-element elementor-element-c5cf88b elementor-widget elementor-widget-text-editor\" data-id=\"c5cf88b\" data-element_type=\"widget\" data-widget_type=\"text-editor.default\">\n\t\t\t\t<div class=\"elementor-widget-container\">\n\t\t\t\t\t\t\t<h2>En bref<\/h2><p><strong>Nombre de participants par \u00e9quipe<\/strong> : 2 \u00e0 6.<strong><br \/>Nombre d&rsquo;\u00e9quipes en parall\u00e8le<\/strong> : jusqu&rsquo;\u00e0 6, et plus sur demande<br \/><strong>Mat\u00e9riel n\u00e9cessaire<\/strong> : 1 table par \u00e9quipe.<br \/><strong>Dur\u00e9e<\/strong> : environ 1 h + \u00e9ventuel debrief.<\/p><p><strong>Objectifs<\/strong> :<br \/>&#8211; D\u00e9tection de comp\u00e9tences pour recrutement<br \/>&#8211; Management<br \/>&#8211; Team building<br \/>&#8211; Divertissement<\/p><p>\u00a0<\/p>\t\t\t\t\t\t<\/div>\n\t\t\t\t<\/div>\n\t\t\t\t\t<\/div>\n\t\t<\/div>\n\t\t\t\t\t<\/div>\n\t\t<\/section>\n\t\t\t\t\t<\/div>\n\t\t<\/div>\n\t\t\t\t\t<\/div>\n\t\t<\/section>\n\t\t\t\t<section class=\"elementor-section elementor-top-section elementor-element elementor-element-e4ed840 elementor-section-boxed elementor-section-height-default elementor-section-height-default\" data-id=\"e4ed840\" data-element_type=\"section\">\n\t\t\t\t\t\t<div class=\"elementor-container elementor-column-gap-default\">\n\t\t\t\t\t<div class=\"elementor-column elementor-col-100 elementor-top-column elementor-element elementor-element-b6b60a0\" data-id=\"b6b60a0\" data-element_type=\"column\">\n\t\t\t<div class=\"elementor-widget-wrap elementor-element-populated\">\n\t\t\t\t\t\t<div class=\"elementor-element elementor-element-54079e0 elementor-widget elementor-widget-image\" data-id=\"54079e0\" data-element_type=\"widget\" data-widget_type=\"image.default\">\n\t\t\t\t<div class=\"elementor-widget-container\">\n\t\t\t\t\t\t\t\t\t\t\t\t\t<img fetchpriority=\"high\" width=\"768\" height=\"1024\" src=\"https:\/\/chrysalude.fr\/wp-content\/uploads\/2020\/03\/Defi-Licorne-2-768x1024.jpg\" class=\"attachment-large size-large wp-image-444\" alt=\"\" srcset=\"https:\/\/chrysalude.fr\/wp-content\/uploads\/2020\/03\/Defi-Licorne-2-768x1024.jpg 768w, https:\/\/chrysalude.fr\/wp-content\/uploads\/2020\/03\/Defi-Licorne-2-225x300.jpg 225w, https:\/\/chrysalude.fr\/wp-content\/uploads\/2020\/03\/Defi-Licorne-2.jpg 1200w\" sizes=\"(max-width: 768px) 100vw, 768px\" \/>\t\t\t\t\t\t\t\t\t\t\t\t\t<\/div>\n\t\t\t\t<\/div>\n\t\t\t\t\t<\/div>\n\t\t<\/div>\n\t\t\t\t\t<\/div>\n\t\t<\/section>\n\t\t\t\t<\/div>\n\t\t","protected":false},"excerpt":{"rendered":"<p>La Source Le professeur Urja, scientifique et explorateur sp\u00e9cialiste des \u00e9nergies renouvelables, a myst\u00e9rieusement disparu en mer et n&rsquo;a laiss\u00e9 derri\u00e8re lui qu&rsquo;un coffre et une bouteille. Les participants doivent remonter la piste des recherches du professeur. Il s&rsquo;agit d&rsquo;un escape game au mat\u00e9riel \u00ab\u00a0compact\u00a0\u00bb, tenant dans un coffre, puis sur une grande table une<\/p>\n<p class=\"margin-top-10\"><a class=\"moretag text-medium\" href=\"https:\/\/chrysalude.fr\/index.php\/defi-licorne\/\">Lire<\/a><\/p>\n","protected":false},"author":1,"featured_media":0,"parent":0,"menu_order":0,"comment_status":"closed","ping_status":"closed","template":"","meta":[],"yoast_head":"<!-- This site is optimized with the Yoast SEO plugin v19.8 - https:\/\/yoast.com\/wordpress\/plugins\/seo\/ -->\n<title>D\u00e9fi Licorne - Chrysalude<\/title>\n<meta name=\"robots\" content=\"index, follow, max-snippet:-1, max-image-preview:large, max-video-preview:-1\" \/>\n<link rel=\"canonical\" href=\"https:\/\/chrysalude.fr\/index.php\/defi-licorne\/\" \/>\n<meta property=\"og:locale\" content=\"fr_FR\" \/>\n<meta property=\"og:type\" content=\"article\" \/>\n<meta property=\"og:title\" content=\"D\u00e9fi Licorne - Chrysalude\" \/>\n<meta property=\"og:description\" content=\"La Source Le professeur Urja, scientifique et explorateur sp\u00e9cialiste des \u00e9nergies renouvelables, a myst\u00e9rieusement disparu en mer et n&rsquo;a laiss\u00e9 derri\u00e8re lui qu&rsquo;un coffre et une bouteille. Les participants doivent remonter la piste des recherches du professeur. Il s&rsquo;agit d&rsquo;un escape game au mat\u00e9riel \u00ab\u00a0compact\u00a0\u00bb, tenant dans un coffre, puis sur une grande table uneLire\" \/>\n<meta property=\"og:url\" content=\"https:\/\/chrysalude.fr\/index.php\/defi-licorne\/\" \/>\n<meta property=\"og:site_name\" content=\"Chrysalude\" \/>\n<meta property=\"article:modified_time\" content=\"2025-02-04T09:22:32+00:00\" \/>\n<meta property=\"og:image\" content=\"http:\/\/chrysalude.fr\/wp-content\/uploads\/2020\/03\/Defi-Licorne-2-768x1024.jpg\" \/>\n<meta name=\"twitter:card\" content=\"summary_large_image\" \/>\n<meta name=\"twitter:label1\" content=\"Dur\u00e9e de lecture estim\u00e9e\" \/>\n\t<meta name=\"twitter:data1\" content=\"2 minutes\" \/>\n<script type=\"application\/ld+json\" class=\"yoast-schema-graph\">{\"@context\":\"https:\/\/schema.org\",\"@graph\":[{\"@type\":\"WebPage\",\"@id\":\"https:\/\/chrysalude.fr\/index.php\/defi-licorne\/\",\"url\":\"https:\/\/chrysalude.fr\/index.php\/defi-licorne\/\",\"name\":\"D\u00e9fi Licorne - Chrysalude\",\"isPartOf\":{\"@id\":\"https:\/\/chrysalude.fr\/#website\"},\"datePublished\":\"2020-04-01T14:06:53+00:00\",\"dateModified\":\"2025-02-04T09:22:32+00:00\",\"breadcrumb\":{\"@id\":\"https:\/\/chrysalude.fr\/index.php\/defi-licorne\/#breadcrumb\"},\"inLanguage\":\"fr-FR\",\"potentialAction\":[{\"@type\":\"ReadAction\",\"target\":[\"https:\/\/chrysalude.fr\/index.php\/defi-licorne\/\"]}]},{\"@type\":\"BreadcrumbList\",\"@id\":\"https:\/\/chrysalude.fr\/index.php\/defi-licorne\/#breadcrumb\",\"itemListElement\":[{\"@type\":\"ListItem\",\"position\":1,\"name\":\"Accueil\",\"item\":\"https:\/\/chrysalude.fr\/\"},{\"@type\":\"ListItem\",\"position\":2,\"name\":\"D\u00e9fi Licorne\"}]},{\"@type\":\"WebSite\",\"@id\":\"https:\/\/chrysalude.fr\/#website\",\"url\":\"https:\/\/chrysalude.fr\/\",\"name\":\"Chrysalude\",\"description\":\"La m\u00e9tamorphose par le jeu\",\"publisher\":{\"@id\":\"https:\/\/chrysalude.fr\/#organization\"},\"potentialAction\":[{\"@type\":\"SearchAction\",\"target\":{\"@type\":\"EntryPoint\",\"urlTemplate\":\"https:\/\/chrysalude.fr\/?s={search_term_string}\"},\"query-input\":\"required name=search_term_string\"}],\"inLanguage\":\"fr-FR\"},{\"@type\":\"Organization\",\"@id\":\"https:\/\/chrysalude.fr\/#organization\",\"name\":\"Chrysalude\",\"url\":\"https:\/\/chrysalude.fr\/\",\"sameAs\":[\"https:\/\/www.linkedin.com\/company\/19256934\"],\"logo\":{\"@type\":\"ImageObject\",\"inLanguage\":\"fr-FR\",\"@id\":\"https:\/\/chrysalude.fr\/#\/schema\/logo\/image\/\",\"url\":\"https:\/\/chrysalude.fr\/wp-content\/uploads\/2020\/03\/cropped-logo-chrysalude-OK72.png\",\"contentUrl\":\"https:\/\/chrysalude.fr\/wp-content\/uploads\/2020\/03\/cropped-logo-chrysalude-OK72.png\",\"width\":522,\"height\":264,\"caption\":\"Chrysalude\"},\"image\":{\"@id\":\"https:\/\/chrysalude.fr\/#\/schema\/logo\/image\/\"}}]}<\/script>\n<!-- \/ Yoast SEO plugin. -->","yoast_head_json":{"title":"D\u00e9fi Licorne - Chrysalude","robots":{"index":"index","follow":"follow","max-snippet":"max-snippet:-1","max-image-preview":"max-image-preview:large","max-video-preview":"max-video-preview:-1"},"canonical":"https:\/\/chrysalude.fr\/index.php\/defi-licorne\/","og_locale":"fr_FR","og_type":"article","og_title":"D\u00e9fi Licorne - Chrysalude","og_description":"La Source Le professeur Urja, scientifique et explorateur sp\u00e9cialiste des \u00e9nergies renouvelables, a myst\u00e9rieusement disparu en mer et n&rsquo;a laiss\u00e9 derri\u00e8re lui qu&rsquo;un coffre et une bouteille. Les participants doivent remonter la piste des recherches du professeur. Il s&rsquo;agit d&rsquo;un escape game au mat\u00e9riel \u00ab\u00a0compact\u00a0\u00bb, tenant dans un coffre, puis sur une grande table uneLire","og_url":"https:\/\/chrysalude.fr\/index.php\/defi-licorne\/","og_site_name":"Chrysalude","article_modified_time":"2025-02-04T09:22:32+00:00","og_image":[{"url":"http:\/\/chrysalude.fr\/wp-content\/uploads\/2020\/03\/Defi-Licorne-2-768x1024.jpg"}],"twitter_card":"summary_large_image","twitter_misc":{"Dur\u00e9e de lecture estim\u00e9e":"2 minutes"},"schema":{"@context":"https:\/\/schema.org","@graph":[{"@type":"WebPage","@id":"https:\/\/chrysalude.fr\/index.php\/defi-licorne\/","url":"https:\/\/chrysalude.fr\/index.php\/defi-licorne\/","name":"D\u00e9fi Licorne - Chrysalude","isPartOf":{"@id":"https:\/\/chrysalude.fr\/#website"},"datePublished":"2020-04-01T14:06:53+00:00","dateModified":"2025-02-04T09:22:32+00:00","breadcrumb":{"@id":"https:\/\/chrysalude.fr\/index.php\/defi-licorne\/#breadcrumb"},"inLanguage":"fr-FR","potentialAction":[{"@type":"ReadAction","target":["https:\/\/chrysalude.fr\/index.php\/defi-licorne\/"]}]},{"@type":"BreadcrumbList","@id":"https:\/\/chrysalude.fr\/index.php\/defi-licorne\/#breadcrumb","itemListElement":[{"@type":"ListItem","position":1,"name":"Accueil","item":"https:\/\/chrysalude.fr\/"},{"@type":"ListItem","position":2,"name":"D\u00e9fi Licorne"}]},{"@type":"WebSite","@id":"https:\/\/chrysalude.fr\/#website","url":"https:\/\/chrysalude.fr\/","name":"Chrysalude","description":"La m\u00e9tamorphose par le jeu","publisher":{"@id":"https:\/\/chrysalude.fr\/#organization"},"potentialAction":[{"@type":"SearchAction","target":{"@type":"EntryPoint","urlTemplate":"https:\/\/chrysalude.fr\/?s={search_term_string}"},"query-input":"required name=search_term_string"}],"inLanguage":"fr-FR"},{"@type":"Organization","@id":"https:\/\/chrysalude.fr\/#organization","name":"Chrysalude","url":"https:\/\/chrysalude.fr\/","sameAs":["https:\/\/www.linkedin.com\/company\/19256934"],"logo":{"@type":"ImageObject","inLanguage":"fr-FR","@id":"https:\/\/chrysalude.fr\/#\/schema\/logo\/image\/","url":"https:\/\/chrysalude.fr\/wp-content\/uploads\/2020\/03\/cropped-logo-chrysalude-OK72.png","contentUrl":"https:\/\/chrysalude.fr\/wp-content\/uploads\/2020\/03\/cropped-logo-chrysalude-OK72.png","width":522,"height":264,"caption":"Chrysalude"},"image":{"@id":"https:\/\/chrysalude.fr\/#\/schema\/logo\/image\/"}}]}},"_links":{"self":[{"href":"https:\/\/chrysalude.fr\/index.php\/wp-json\/wp\/v2\/pages\/193"}],"collection":[{"href":"https:\/\/chrysalude.fr\/index.php\/wp-json\/wp\/v2\/pages"}],"about":[{"href":"https:\/\/chrysalude.fr\/index.php\/wp-json\/wp\/v2\/types\/page"}],"author":[{"embeddable":true,"href":"https:\/\/chrysalude.fr\/index.php\/wp-json\/wp\/v2\/users\/1"}],"replies":[{"embeddable":true,"href":"https:\/\/chrysalude.fr\/index.php\/wp-json\/wp\/v2\/comments?post=193"}],"version-history":[{"count":65,"href":"https:\/\/chrysalude.fr\/index.php\/wp-json\/wp\/v2\/pages\/193\/revisions"}],"predecessor-version":[{"id":1707,"href":"https:\/\/chrysalude.fr\/index.php\/wp-json\/wp\/v2\/pages\/193\/revisions\/1707"}],"wp:attachment":[{"href":"https:\/\/chrysalude.fr\/index.php\/wp-json\/wp\/v2\/media?parent=193"}],"curies":[{"name":"wp","href":"https:\/\/api.w.org\/{rel}","templated":true}]}}