{"id":242,"date":"2018-10-30T21:56:12","date_gmt":"2018-10-30T20:56:12","guid":{"rendered":"http:\/\/chrysalude.fr\/?page_id=242"},"modified":"2018-10-30T22:23:26","modified_gmt":"2018-10-30T21:23:26","slug":"mentions-legales","status":"publish","type":"page","link":"https:\/\/chrysalude.fr\/index.php\/mentions-legales\/","title":{"rendered":"Mentions l\u00e9gales"},"content":{"rendered":"\t\t<div data-elementor-type=\"wp-page\" data-elementor-id=\"242\" class=\"elementor elementor-242 elementor-bc-flex-widget\">\n\t\t\t\t\t\t<section class=\"elementor-section elementor-top-section elementor-element elementor-element-c32e09b elementor-section-boxed elementor-section-height-default elementor-section-height-default\" data-id=\"c32e09b\" data-element_type=\"section\">\n\t\t\t\t\t\t<div class=\"elementor-container elementor-column-gap-default\">\n\t\t\t\t\t<div class=\"elementor-column elementor-col-100 elementor-top-column elementor-element elementor-element-38df37f\" data-id=\"38df37f\" data-element_type=\"column\">\n\t\t\t<div class=\"elementor-widget-wrap elementor-element-populated\">\n\t\t\t\t\t\t<div class=\"elementor-element elementor-element-2d3a349 elementor-widget elementor-widget-text-editor\" data-id=\"2d3a349\" data-element_type=\"widget\" data-widget_type=\"text-editor.default\">\n\t\t\t\t<div class=\"elementor-widget-container\">\n\t\t\t\t\t\t\t<h3>1. Responsables du site<\/h3><p><span style=\"font-size: 14.4px;\">En conformit\u00e9 avec l\u2019article 6 de la loi n\u00b0 2004-575 du 21 juin 2004 pour la confiance dans l\u2019\u00e9conomie num\u00e9rique, il est pr\u00e9cis\u00e9 aux utilisateurs du site\u00a0<\/span><a style=\"font-size: 14.4px;\" title=\"BEJOUE - www.bejoue.fr\" href=\"http:\/\/www.chrysalude.fr\/\">www.chrysalude.fr<\/a><span style=\"font-size: 14.4px;\">\u00a0l\u2019identit\u00e9 des responsables.<\/span><\/p><p><strong style=\"font-size: 0.9rem;\">Propri\u00e9taire<\/strong><span style=\"font-size: 0.9rem;\">\u00a0: CHRYSALUDE \u2013 SAS \u2013 12 RUE DES VIGNES\u00a044470 THOUARE SUR LOIRE<\/span><\/p><p><strong>Responsable publication<\/strong>\u00a0: Matthieu Delord \/ Anne-B\u00e9reng\u00e8re Bouillat \/ Etienne Lafon \u2013 contact@chrysalude.fr<br \/>Le responsable publication est une personne physique ou une personne morale.<\/p><p><strong>H\u00e9bergeur<\/strong>\u00a0: OVH \u2013 2 rue Kellermann, 59100 ROUBAIX<\/p><h3>2. Conditions g\u00e9n\u00e9rales d&rsquo;utilisation<\/h3><p>Votre utilisation de ce site web induit votre acceptation des conditions g\u00e9n\u00e9rales et mentions d&rsquo;avertissement.\u00a0<\/p><div><div><article><p>Ce site peut contenir des liens vers d&rsquo;autres sites web.\u00a0Chrysalude\u00a0n&rsquo;assume aucune responsabilit\u00e9 sur le contenu des sites autres que ceux faisant partie du domaine\u00a0<strong><a title=\"Coezi\" href=\"https:\/\/coezi.fr\/\" rel=\"nofollow\">http:\/\/www.chrysalude.fr<\/a><\/strong>.<\/p><p>L&rsquo;ensemble de ce site rel\u00e8ve de la l\u00e9gislation fran\u00e7aise et internationale sur le droit d&rsquo;auteur et la propri\u00e9t\u00e9 intellectuelle. Tous les droits de reproduction sont r\u00e9serv\u00e9s, y compris pour les documents t\u00e9l\u00e9chargeables, les repr\u00e9sentations iconographiques et photographiques, ainsi que les contenus r\u00e9dactionnels. Les marques cit\u00e9es appartiennent \u00e0 leurs propri\u00e9taires respectifs.\u00a0<br \/>La reproduction de tout ou partie de ce site sur un support \u00e9lectronique quel qu&rsquo;il soit est formellement interdite sauf autorisation expresse du propri\u00e9taire du site internet. Vous vous engagez \u00e0 ne pas utiliser ce site \u00e0 des fins illicites ou interdites par les lois ou par les mentions l\u00e9gales et contractuelles.<\/p><p>\u00a0<\/p><h3>3. Respect de la vie priv\u00e9e<\/h3><p>Conform\u00e9ment \u00e0 la loi \u00ab Informatique et Libert\u00e9 \u00bb du 06 Janvier 1978, vous disposez d&rsquo;un droit d&rsquo;acc\u00e8s et de rectification des donn\u00e9es vous concernant. Pour cela il suffit de nous contacter (en nous indiquant vos coordonn\u00e9es et le cas \u00e9ch\u00e9ant votre n\u00b0 client.).<\/p><p>\u00a0<\/p><h3>4. Droit d&rsquo;auteur &#8211; Copyright<\/h3><p>Tous les e\u0301le\u0301ments de toute nature (images fixes, images anime\u0301es, photographies, bases de donne\u0301es, marques, illustrations, logos, dessins, mode\u0300les, documents te\u0301le\u0301chargeable, etc) contenus dans le site\u00a0<span style=\"font-weight: bolder;\"><a title=\"Coezi\" href=\"https:\/\/coezi.fr\/\" rel=\"nofollow\">http:\/\/www.chrysalude.fr<\/a><\/span>\u00a0sont prote\u0301ge\u0301s par le droit d&rsquo;auteur. A ce titre, sauf autorisation pre\u0301alable et e\u0301crite de\u00a0<strong>Chrysalude<\/strong>, toute reproduction, repre\u0301sentation, adaptation, modification partielle ou inte\u0301grale de tout e\u0301le\u0301ment composant le site, par quelque moyen que ce soit, est interdite sous peine de poursuite judiciaire.<\/p><p>\u00a0<\/p><h3>5. Nom et logo<\/h3><p>Il est strictement interdit de reproduire, r\u00e9\u00e9diter ou redistribuer totalement ou partiellement le nom\u00a0<strong>Chrysalude<\/strong>\u00a0ou son logo, seul ou associ\u00e9 \u00e0 quelque titre que ce soit sans l&rsquo;accord \u00e9crit pr\u00e9alable de\u00a0<strong>Chrysalude<\/strong>.<\/p><p>\u00a0<\/p><h3>6. Liens hypertextes<\/h3><p>Tout site Internet est autoris\u00e9 \u00e0 \u00e9tablir, sans accord pr\u00e9alable, un lien vers les informations diffus\u00e9es sur le site de\u00a0<strong>Chrysalude<\/strong>. N\u00e9anmoins, les pages et les documents issus de\u00a0<span style=\"font-weight: bolder;\"><a title=\"Coezi\" href=\"https:\/\/coezi.fr\/\" rel=\"nofollow\">http:\/\/www.chrysalude.fr<\/a>\u00a0<\/span>\u00a0ne doivent pas \u00eatre imbriqu\u00e9s \u00e0 l&rsquo;int\u00e9rieur des pages d&rsquo;un autre site (iframe).\u00a0<\/p><p>L&rsquo;autorisation de mise en place d&rsquo;un lien est valable pour tout support, \u00e0 l&rsquo;exception de ceux diffusant des informations \u00e0 caract\u00e8re pol\u00e9mique, pornographique, x\u00e9nophobe ou pouvant, dans une plus large mesure, porter atteinte \u00e0 la sensibilit\u00e9 du plus grand nombre.\u00a0<br \/><strong>Chrysalude<\/strong>\u00a0ne peut, en aucun cas, \u00eatre tenu pour responsable des informations diffus\u00e9es sur les sites qui font l&rsquo;objet d&rsquo;un lien hypertexte \u00e0 partir de\u00a0<span style=\"font-weight: bolder;\"><a title=\"Coezi\" href=\"https:\/\/coezi.fr\/\" rel=\"nofollow\">http:\/\/www.chrysalude.fr<\/a><\/span>.<\/p><p>\u00a0<\/p><h3>7. Qualit\u00e9 et utilisation des informations<\/h3><p><strong>Chrysalude<\/strong>\u00a0s&rsquo;attache \u00e0 diffuser une information fiable, v\u00e9rifi\u00e9e et r\u00e9guli\u00e8rement actualis\u00e9e. En d\u00e9pit des nombreux efforts mis en \u0153uvre pour atteindre cet objectif, des erreurs ou omissions peuvent, tout de m\u00eame, subsister. Il appartient donc \u00e0 l&rsquo;internaute, sous sa responsabilit\u00e9 exclusive, d&rsquo;utiliser les informations disponibles sur\u00a0<span style=\"font-weight: bolder;\"><a title=\"Coezi\" href=\"https:\/\/coezi.fr\/\" rel=\"nofollow\">http:\/\/www.chrysalude.fr<\/a>\u00a0<\/span>avec discernement. En cons\u00e9quence,\u00a0<strong>Chrysalude<\/strong>\u00a0vous recommande de v\u00e9rifier les informations recueillies sur son site, pr\u00e9alablement \u00e0 toute prise de d\u00e9cision quant \u00e0 leur usage.<\/p><p>\u00a0<\/p><h3>8. Garanties et responsabilit\u00e9s<\/h3><p>Les informations diffus\u00e9es sur le site de\u00a0<strong>Chrysalude<\/strong>\u00a0sont fournies sans garantie d&rsquo;aucune sorte, autre que celles pr\u00e9vues par la loi en vigueur, et notamment sans garantie que le contenu r\u00e9ponde aux besoins de l&rsquo;utilisateur ou \u00e0 l&rsquo;usage qu&rsquo;il sera amen\u00e9 en faire. L&rsquo;utilisateur est seul responsable de toute utilisation qu&rsquo;il fera des informations diffus\u00e9es sur\u00a0<span style=\"font-weight: bolder;\"><a title=\"Coezi\" href=\"https:\/\/coezi.fr\/\" rel=\"nofollow\">http:\/\/www.chrysalude.fr<\/a><\/span>.\u00a0<br \/><strong>Chrysalude<\/strong>\u00a0ne pourra pas \u00eatre tenue responsable des dommages directs ou indirects r\u00e9sultant de l&rsquo;usage de son site ou d&rsquo;autres sites qui lui sont li\u00e9s, et notamment des \u00e9ventuelles pertes financi\u00e8res ou pr\u00e9judices commerciaux pouvant en r\u00e9sulter.<\/p><p>\u00a0<\/p><h3>9.\u00a0Loi applicable<\/h3><p>Les pr\u00e9sentes Conditions G\u00e9n\u00e9rales sont soumises au droit interne fran\u00e7ais. La langue des Conditions G\u00e9n\u00e9rales est la langue fran\u00e7aise. En cas de litige, les tribunaux fran\u00e7ais seront seuls comp\u00e9tents.<\/p><p>\u00a0<\/p><h3>10. Qu&rsquo;est-ce qu&rsquo;un Cookie ?<\/h3><p>Les cookies sont de petits fichiers texte d\u00e9pos\u00e9s sur votre ordinateur\/tablette\/smartphone\/t\u00e9l\u00e9vision connect\u00e9e\/console de jeux vid\u00e9o connect\u00e9s \u00e0 Internet lors de la visite d&rsquo;un site. Ils ont pour but de collecter des informations relatives \u00e0 votre navigation et de d\u00e9livrer des statistiques de consultations fiables.<\/p><p>Les cookies sont g\u00e9r\u00e9s par votre navigateur internet.<\/p><p>\u00a0<\/p><h3>11. Pourquoi utilisons-nous des Cookies ?<\/h3><p>Ils nous permettent de :<\/p><ul><li>Mesurer l\u2019audience de ce site internet. Ainsi nous pouvons analyser la fr\u00e9quentation et l\u2019utilisation de ce site et am\u00e9liorer constamment nos services et contenus.<\/li><li>M\u00e9moriser vos pr\u00e9f\u00e9rences de navigation telles que votre langue, la taille de la police, la pr\u00e9sentation de la page ou les couleurs pr\u00e9f\u00e9r\u00e9es. Le tout pour vous permettre de parcourir notre site plus rapidement et plus facilement.<\/li><li>Collecter des informations analytiques pour, par exemple, compter le nombre de visiteurs sur nos sites Web et identifier les pages de nos sites que vous visitez le plus souvent. Nous utilisons les donn\u00e9es d\u2019analyse que nous collectons \u00e0 des fins marketing et de planification des ressources.<\/li><\/ul><p>Sachez que nous ne conservons aucune information permettant de vous identifier personnellement dans les donn\u00e9es de nos cookies vous concernant. Nous enregistrons uniquement un identifiant de session unique qui nous aidera \u00e0 retrouver un profil d\u2019utilisateur ainsi que vos pr\u00e9f\u00e9rences lors de votre prochaine visite.<br \/>Ces donn\u00e9es sont conserv\u00e9es uniquement via Google Analytics pour une dur\u00e9e pr\u00e9vue par le logiciel (allant jusqu&rsquo;\u00e0 50 mois).<\/p><p>\u00a0<\/p><h3>12. Les diff\u00e9rents types de cookies<\/h3><ul><li>Cookies de session : les cookies de ce type sont temporairement stock\u00e9s sur votre ordinateur ou votre p\u00e9riph\u00e9rique pendant une session de navigation. Ils sont effac\u00e9s de votre ordinateur ou de votre p\u00e9riph\u00e9rique \u00e0 la fin de la session de navigation.<\/li><li>Cookies permanents : les cookies de ce type demeurent plus longtemps sur votre ordinateur. Les cookies permanents nous aident \u00e0 vous reconna\u00eetre lorsque nous devons savoir qui vous \u00eates pour plus d\u2019une session de navigation.<\/li><\/ul><h3>13. Comment g\u00e9rer vos cookies<\/h3><p>Le menu de la plupart des navigateurs comporte des options vous permettant de g\u00e9rer vos cookies en r\u00e9glant ou en configurant vos param\u00e8tres de cookies. G\u00e9n\u00e9ralement, le navigateur vous offre la possibilit\u00e9 :\u00a0<\/p><ul><li>D\u2019afficher vos cookies<\/li><li>D\u2019autoriser les cookies<\/li><li>De d\u00e9sactiver tous les cookies, ou uniquement des cookies pr\u00e9cis<\/li><li>De d\u00e9sactiver tous les cookies lorsque vous fermez votre navigateur<\/li><li>De bloquer les cookies<\/li><li>D\u2019\u00eatre inform\u00e9 lorsque vous recevez un cookie<\/li><\/ul><p>Si vous configurez les options de votre navigateur pour supprimer tous les cookies, vos pr\u00e9f\u00e9rences de navigation seront effac\u00e9es \u00e0 la fermeture de votre navigateur.:<\/p><p>En continuant votre navigation sur notre site, vous vous engagez \u00e0 accepter l\u2019utilisation des cookies.\u00a0<br \/>Pour plus d&rsquo;informations sur les cookies, visitez\u00a0<a href=\"http:\/\/www.cnil.fr\/vos-obligations\/sites-web-cookies-et-autres-traceurs\/que-dit-la-loi\/\" target=\"_blank\" rel=\"noopener\">le site de la CNIL.<\/a><\/p><\/article><\/div><\/div>\t\t\t\t\t\t<\/div>\n\t\t\t\t<\/div>\n\t\t\t\t\t<\/div>\n\t\t<\/div>\n\t\t\t\t\t<\/div>\n\t\t<\/section>\n\t\t\t\t<\/div>\n\t\t","protected":false},"excerpt":{"rendered":"<p>1. Responsables du site En conformit\u00e9 avec l\u2019article 6 de la loi n\u00b0 2004-575 du 21 juin 2004 pour la confiance dans l\u2019\u00e9conomie num\u00e9rique, il est pr\u00e9cis\u00e9 aux utilisateurs du site\u00a0www.chrysalude.fr\u00a0l\u2019identit\u00e9 des responsables. Propri\u00e9taire\u00a0: CHRYSALUDE \u2013 SAS \u2013 12 RUE DES VIGNES\u00a044470 THOUARE SUR LOIRE Responsable publication\u00a0: Matthieu Delord \/ Anne-B\u00e9reng\u00e8re Bouillat \/ Etienne Lafon<\/p>\n<p class=\"margin-top-10\"><a class=\"moretag text-medium\" href=\"https:\/\/chrysalude.fr\/index.php\/mentions-legales\/\">Lire<\/a><\/p>\n","protected":false},"author":1,"featured_media":0,"parent":0,"menu_order":0,"comment_status":"closed","ping_status":"closed","template":"","meta":[],"yoast_head":"<!-- This site is optimized with the Yoast SEO plugin v19.8 - https:\/\/yoast.com\/wordpress\/plugins\/seo\/ -->\n<title>Mentions l\u00e9gales - Chrysalude<\/title>\n<meta name=\"robots\" content=\"index, follow, max-snippet:-1, max-image-preview:large, max-video-preview:-1\" \/>\n<link rel=\"canonical\" href=\"http:\/\/chrysalude.fr\/index.php\/mentions-legales\/\" \/>\n<meta property=\"og:locale\" content=\"fr_FR\" \/>\n<meta property=\"og:type\" content=\"article\" \/>\n<meta property=\"og:title\" content=\"Mentions l\u00e9gales - Chrysalude\" \/>\n<meta property=\"og:description\" content=\"1. Responsables du site En conformit\u00e9 avec l\u2019article 6 de la loi n\u00b0 2004-575 du 21 juin 2004 pour la confiance dans l\u2019\u00e9conomie num\u00e9rique, il est pr\u00e9cis\u00e9 aux utilisateurs du site\u00a0www.chrysalude.fr\u00a0l\u2019identit\u00e9 des responsables. Propri\u00e9taire\u00a0: CHRYSALUDE \u2013 SAS \u2013 12 RUE DES VIGNES\u00a044470 THOUARE SUR LOIRE Responsable publication\u00a0: Matthieu Delord \/ Anne-B\u00e9reng\u00e8re Bouillat \/ Etienne LafonLire\" \/>\n<meta property=\"og:url\" content=\"http:\/\/chrysalude.fr\/index.php\/mentions-legales\/\" \/>\n<meta property=\"og:site_name\" content=\"Chrysalude\" \/>\n<meta property=\"article:modified_time\" content=\"2018-10-30T21:23:26+00:00\" \/>\n<meta property=\"og:image\" content=\"https:\/\/chrysalude.fr\/wp-content\/uploads\/2020\/03\/logo-chrysalude-RVBOK.jpg\" \/>\n\t<meta property=\"og:image:width\" content=\"2177\" \/>\n\t<meta property=\"og:image:height\" content=\"1102\" \/>\n\t<meta property=\"og:image:type\" content=\"image\/jpeg\" \/>\n<meta name=\"twitter:card\" content=\"summary_large_image\" \/>\n<meta name=\"twitter:label1\" content=\"Dur\u00e9e de lecture estim\u00e9e\" \/>\n\t<meta name=\"twitter:data1\" content=\"6 minutes\" \/>\n<script type=\"application\/ld+json\" class=\"yoast-schema-graph\">{\"@context\":\"https:\/\/schema.org\",\"@graph\":[{\"@type\":\"WebPage\",\"@id\":\"http:\/\/chrysalude.fr\/index.php\/mentions-legales\/\",\"url\":\"http:\/\/chrysalude.fr\/index.php\/mentions-legales\/\",\"name\":\"Mentions l\u00e9gales - Chrysalude\",\"isPartOf\":{\"@id\":\"https:\/\/chrysalude.fr\/#website\"},\"datePublished\":\"2018-10-30T20:56:12+00:00\",\"dateModified\":\"2018-10-30T21:23:26+00:00\",\"breadcrumb\":{\"@id\":\"http:\/\/chrysalude.fr\/index.php\/mentions-legales\/#breadcrumb\"},\"inLanguage\":\"fr-FR\",\"potentialAction\":[{\"@type\":\"ReadAction\",\"target\":[\"http:\/\/chrysalude.fr\/index.php\/mentions-legales\/\"]}]},{\"@type\":\"BreadcrumbList\",\"@id\":\"http:\/\/chrysalude.fr\/index.php\/mentions-legales\/#breadcrumb\",\"itemListElement\":[{\"@type\":\"ListItem\",\"position\":1,\"name\":\"Accueil\",\"item\":\"https:\/\/chrysalude.fr\/\"},{\"@type\":\"ListItem\",\"position\":2,\"name\":\"Mentions l\u00e9gales\"}]},{\"@type\":\"WebSite\",\"@id\":\"https:\/\/chrysalude.fr\/#website\",\"url\":\"https:\/\/chrysalude.fr\/\",\"name\":\"Chrysalude\",\"description\":\"La m\u00e9tamorphose par le jeu\",\"publisher\":{\"@id\":\"https:\/\/chrysalude.fr\/#organization\"},\"potentialAction\":[{\"@type\":\"SearchAction\",\"target\":{\"@type\":\"EntryPoint\",\"urlTemplate\":\"https:\/\/chrysalude.fr\/?s={search_term_string}\"},\"query-input\":\"required name=search_term_string\"}],\"inLanguage\":\"fr-FR\"},{\"@type\":\"Organization\",\"@id\":\"https:\/\/chrysalude.fr\/#organization\",\"name\":\"Chrysalude\",\"url\":\"https:\/\/chrysalude.fr\/\",\"sameAs\":[\"https:\/\/www.linkedin.com\/company\/19256934\"],\"logo\":{\"@type\":\"ImageObject\",\"inLanguage\":\"fr-FR\",\"@id\":\"https:\/\/chrysalude.fr\/#\/schema\/logo\/image\/\",\"url\":\"https:\/\/chrysalude.fr\/wp-content\/uploads\/2020\/03\/cropped-logo-chrysalude-OK72.png\",\"contentUrl\":\"https:\/\/chrysalude.fr\/wp-content\/uploads\/2020\/03\/cropped-logo-chrysalude-OK72.png\",\"width\":522,\"height\":264,\"caption\":\"Chrysalude\"},\"image\":{\"@id\":\"https:\/\/chrysalude.fr\/#\/schema\/logo\/image\/\"}}]}<\/script>\n<!-- \/ Yoast SEO plugin. -->","yoast_head_json":{"title":"Mentions l\u00e9gales - Chrysalude","robots":{"index":"index","follow":"follow","max-snippet":"max-snippet:-1","max-image-preview":"max-image-preview:large","max-video-preview":"max-video-preview:-1"},"canonical":"http:\/\/chrysalude.fr\/index.php\/mentions-legales\/","og_locale":"fr_FR","og_type":"article","og_title":"Mentions l\u00e9gales - Chrysalude","og_description":"1. Responsables du site En conformit\u00e9 avec l\u2019article 6 de la loi n\u00b0 2004-575 du 21 juin 2004 pour la confiance dans l\u2019\u00e9conomie num\u00e9rique, il est pr\u00e9cis\u00e9 aux utilisateurs du site\u00a0www.chrysalude.fr\u00a0l\u2019identit\u00e9 des responsables. Propri\u00e9taire\u00a0: CHRYSALUDE \u2013 SAS \u2013 12 RUE DES VIGNES\u00a044470 THOUARE SUR LOIRE Responsable publication\u00a0: Matthieu Delord \/ Anne-B\u00e9reng\u00e8re Bouillat \/ Etienne LafonLire","og_url":"http:\/\/chrysalude.fr\/index.php\/mentions-legales\/","og_site_name":"Chrysalude","article_modified_time":"2018-10-30T21:23:26+00:00","og_image":[{"width":2177,"height":1102,"url":"https:\/\/chrysalude.fr\/wp-content\/uploads\/2020\/03\/logo-chrysalude-RVBOK.jpg","type":"image\/jpeg"}],"twitter_card":"summary_large_image","twitter_misc":{"Dur\u00e9e de lecture estim\u00e9e":"6 minutes"},"schema":{"@context":"https:\/\/schema.org","@graph":[{"@type":"WebPage","@id":"http:\/\/chrysalude.fr\/index.php\/mentions-legales\/","url":"http:\/\/chrysalude.fr\/index.php\/mentions-legales\/","name":"Mentions l\u00e9gales - Chrysalude","isPartOf":{"@id":"https:\/\/chrysalude.fr\/#website"},"datePublished":"2018-10-30T20:56:12+00:00","dateModified":"2018-10-30T21:23:26+00:00","breadcrumb":{"@id":"http:\/\/chrysalude.fr\/index.php\/mentions-legales\/#breadcrumb"},"inLanguage":"fr-FR","potentialAction":[{"@type":"ReadAction","target":["http:\/\/chrysalude.fr\/index.php\/mentions-legales\/"]}]},{"@type":"BreadcrumbList","@id":"http:\/\/chrysalude.fr\/index.php\/mentions-legales\/#breadcrumb","itemListElement":[{"@type":"ListItem","position":1,"name":"Accueil","item":"https:\/\/chrysalude.fr\/"},{"@type":"ListItem","position":2,"name":"Mentions l\u00e9gales"}]},{"@type":"WebSite","@id":"https:\/\/chrysalude.fr\/#website","url":"https:\/\/chrysalude.fr\/","name":"Chrysalude","description":"La m\u00e9tamorphose par le jeu","publisher":{"@id":"https:\/\/chrysalude.fr\/#organization"},"potentialAction":[{"@type":"SearchAction","target":{"@type":"EntryPoint","urlTemplate":"https:\/\/chrysalude.fr\/?s={search_term_string}"},"query-input":"required name=search_term_string"}],"inLanguage":"fr-FR"},{"@type":"Organization","@id":"https:\/\/chrysalude.fr\/#organization","name":"Chrysalude","url":"https:\/\/chrysalude.fr\/","sameAs":["https:\/\/www.linkedin.com\/company\/19256934"],"logo":{"@type":"ImageObject","inLanguage":"fr-FR","@id":"https:\/\/chrysalude.fr\/#\/schema\/logo\/image\/","url":"https:\/\/chrysalude.fr\/wp-content\/uploads\/2020\/03\/cropped-logo-chrysalude-OK72.png","contentUrl":"https:\/\/chrysalude.fr\/wp-content\/uploads\/2020\/03\/cropped-logo-chrysalude-OK72.png","width":522,"height":264,"caption":"Chrysalude"},"image":{"@id":"https:\/\/chrysalude.fr\/#\/schema\/logo\/image\/"}}]}},"_links":{"self":[{"href":"https:\/\/chrysalude.fr\/index.php\/wp-json\/wp\/v2\/pages\/242"}],"collection":[{"href":"https:\/\/chrysalude.fr\/index.php\/wp-json\/wp\/v2\/pages"}],"about":[{"href":"https:\/\/chrysalude.fr\/index.php\/wp-json\/wp\/v2\/types\/page"}],"author":[{"embeddable":true,"href":"https:\/\/chrysalude.fr\/index.php\/wp-json\/wp\/v2\/users\/1"}],"replies":[{"embeddable":true,"href":"https:\/\/chrysalude.fr\/index.php\/wp-json\/wp\/v2\/comments?post=242"}],"version-history":[{"count":4,"href":"https:\/\/chrysalude.fr\/index.php\/wp-json\/wp\/v2\/pages\/242\/revisions"}],"predecessor-version":[{"id":1728,"href":"https:\/\/chrysalude.fr\/index.php\/wp-json\/wp\/v2\/pages\/242\/revisions\/1728"}],"wp:attachment":[{"href":"https:\/\/chrysalude.fr\/index.php\/wp-json\/wp\/v2\/media?parent=242"}],"curies":[{"name":"wp","href":"https:\/\/api.w.org\/{rel}","templated":true}]}}