{"id":323,"date":"2020-04-22T14:48:37","date_gmt":"2020-04-22T12:48:37","guid":{"rendered":"http:\/\/chrysalude.fr\/?page_id=323"},"modified":"2025-02-04T10:37:53","modified_gmt":"2025-02-04T09:37:53","slug":"ludification-dune-formation","status":"publish","type":"page","link":"https:\/\/chrysalude.fr\/index.php\/ludification-dune-formation\/","title":{"rendered":"Ludification d&rsquo;une formation"},"content":{"rendered":"\t\t<div data-elementor-type=\"wp-page\" data-elementor-id=\"323\" class=\"elementor elementor-323\">\n\t\t\t\t\t\t<section class=\"elementor-section elementor-top-section elementor-element elementor-element-de3e6ac elementor-section-boxed elementor-section-height-default elementor-section-height-default\" data-id=\"de3e6ac\" data-element_type=\"section\">\n\t\t\t\t\t\t<div class=\"elementor-container elementor-column-gap-default\">\n\t\t\t\t\t<div class=\"elementor-column elementor-col-100 elementor-top-column elementor-element elementor-element-b9462a2\" data-id=\"b9462a2\" data-element_type=\"column\">\n\t\t\t<div class=\"elementor-widget-wrap elementor-element-populated\">\n\t\t\t\t\t\t<div class=\"elementor-element elementor-element-fa4735a elementor-widget elementor-widget-heading\" data-id=\"fa4735a\" data-element_type=\"widget\" data-widget_type=\"heading.default\">\n\t\t\t\t<div class=\"elementor-widget-container\">\n\t\t\t<h2 class=\"elementor-heading-title elementor-size-default\">Ludification de formation<\/h2>\t\t<\/div>\n\t\t\t\t<\/div>\n\t\t\t\t\t<\/div>\n\t\t<\/div>\n\t\t\t\t\t<\/div>\n\t\t<\/section>\n\t\t\t\t<section class=\"elementor-section elementor-top-section elementor-element elementor-element-1e5728d elementor-section-boxed elementor-section-height-default elementor-section-height-default\" data-id=\"1e5728d\" data-element_type=\"section\">\n\t\t\t\t\t\t<div class=\"elementor-container elementor-column-gap-default\">\n\t\t\t\t\t<div class=\"elementor-column elementor-col-100 elementor-top-column elementor-element elementor-element-2d7840f\" data-id=\"2d7840f\" data-element_type=\"column\">\n\t\t\t<div class=\"elementor-widget-wrap elementor-element-populated\">\n\t\t\t\t\t\t<section class=\"elementor-section elementor-inner-section elementor-element elementor-element-79b3471 elementor-section-boxed elementor-section-height-default elementor-section-height-default\" data-id=\"79b3471\" data-element_type=\"section\">\n\t\t\t\t\t\t<div class=\"elementor-container elementor-column-gap-default\">\n\t\t\t\t\t<div class=\"elementor-column elementor-col-50 elementor-inner-column elementor-element elementor-element-d2316ca\" data-id=\"d2316ca\" data-element_type=\"column\">\n\t\t\t<div class=\"elementor-widget-wrap elementor-element-populated\">\n\t\t\t\t\t\t<div class=\"elementor-element elementor-element-d027261 elementor-widget elementor-widget-text-editor\" data-id=\"d027261\" data-element_type=\"widget\" data-widget_type=\"text-editor.default\">\n\t\t\t\t<div class=\"elementor-widget-container\">\n\t\t\t\t\t\t\t<p>B\u00e9n\u00e9ficiez de la force du jeu dans vos formations gr\u00e2ce \u00e0 nos <strong>jeux p\u00e9dagogiques sur-mesure<\/strong>.<\/p><p>Par exemple, nous avons r\u00e9alis\u00e9 un ensemble de<strong> jeux physiques<\/strong> (cartes,\u00a0 gabarit, stylos et autres) mettant les apprenants en situation afin de d\u00e9couvrir et exp\u00e9rimenter les concepts d&rsquo;ITIL\u00ae.<\/p><p>Le jeu principal met <strong>plusieurs \u00e9quipes<\/strong> de participants dans une <strong>situation <\/strong>d&rsquo;un service devant produire rapidement un r\u00e9sultat, tout en respectant des contraintes plus ou moins fortes (outils, d\u00e9lais, etc.).<br \/>Plusieurs s\u00e9quences de jeu it\u00e9ratives sont r\u00e9alis\u00e9es afin de\u00a0 progresser dans le sujet. Chaque s\u00e9quence de jeu est entrecoup\u00e9e d&rsquo;une phase de mise en commun des exp\u00e9riences v\u00e9cues et solutions imagin\u00e9es par le groupe, le tout compl\u00e9t\u00e9 par le formateur.<\/p><p>Deux autres jeux rapides et <strong>dynamiques<\/strong> sont utilis\u00e9s pour ancrer les acquis de mani\u00e8re ludique, collective et r\u00e9p\u00e9t\u00e9e.<\/p><p>Ces jeux ont \u00e9t\u00e9 <strong>co-construits<\/strong> avec notre commanditaire et sont <strong>adaptables<\/strong> \u00e0 d&rsquo;autres sujets ou sp\u00e9cificit\u00e9s organisationnelles. <br \/>Nous pouvons aussi vous proposer des jeux <a href=\"http:\/\/chrysalude.fr\/index.php\/page-en-cours-de-creation\/\">sur-mesure<\/a> pour r\u00e9pondre \u00e0 vos autres enjeux. <\/p>\t\t\t\t\t\t<\/div>\n\t\t\t\t<\/div>\n\t\t\t\t\t<\/div>\n\t\t<\/div>\n\t\t\t\t<div class=\"elementor-column elementor-col-50 elementor-inner-column elementor-element elementor-element-4a1ddf3\" data-id=\"4a1ddf3\" data-element_type=\"column\">\n\t\t\t<div class=\"elementor-widget-wrap elementor-element-populated\">\n\t\t\t\t\t\t<div class=\"elementor-element elementor-element-934fdd2 elementor-widget elementor-widget-text-editor\" data-id=\"934fdd2\" data-element_type=\"widget\" data-widget_type=\"text-editor.default\">\n\t\t\t\t<div class=\"elementor-widget-container\">\n\t\t\t\t\t\t\t<h2>En bref<\/h2><p><strong>Nombre de participants<\/strong> : 12 \u00e0 32.<br \/><strong>Dur\u00e9e<\/strong> : plusieurs heures r\u00e9parties sur la formation concern\u00e9e, en fonction de vos besoins.<\/p><p><strong>Objectifs<\/strong> :<br \/>&#8211; Formation engageante<br \/>&#8211; Apprentissage impliquant<\/p>\t\t\t\t\t\t<\/div>\n\t\t\t\t<\/div>\n\t\t\t\t\t<\/div>\n\t\t<\/div>\n\t\t\t\t\t<\/div>\n\t\t<\/section>\n\t\t\t\t\t<\/div>\n\t\t<\/div>\n\t\t\t\t\t<\/div>\n\t\t<\/section>\n\t\t\t\t<\/div>\n\t\t","protected":false},"excerpt":{"rendered":"<p>Ludification de formation B\u00e9n\u00e9ficiez de la force du jeu dans vos formations gr\u00e2ce \u00e0 nos jeux p\u00e9dagogiques sur-mesure. Par exemple, nous avons r\u00e9alis\u00e9 un ensemble de jeux physiques (cartes,\u00a0 gabarit, stylos et autres) mettant les apprenants en situation afin de d\u00e9couvrir et exp\u00e9rimenter les concepts d&rsquo;ITIL\u00ae. Le jeu principal met plusieurs \u00e9quipes de participants dans<\/p>\n<p class=\"margin-top-10\"><a class=\"moretag text-medium\" href=\"https:\/\/chrysalude.fr\/index.php\/ludification-dune-formation\/\">Lire<\/a><\/p>\n","protected":false},"author":1,"featured_media":0,"parent":0,"menu_order":0,"comment_status":"closed","ping_status":"closed","template":"","meta":[],"yoast_head":"<!-- This site is optimized with the Yoast SEO plugin v19.8 - https:\/\/yoast.com\/wordpress\/plugins\/seo\/ -->\n<title>Ludification d&#039;une formation - Chrysalude<\/title>\n<meta name=\"robots\" content=\"index, follow, max-snippet:-1, max-image-preview:large, max-video-preview:-1\" \/>\n<link rel=\"canonical\" href=\"http:\/\/chrysalude.fr\/index.php\/ludification-dune-formation\/\" \/>\n<meta property=\"og:locale\" content=\"fr_FR\" \/>\n<meta property=\"og:type\" content=\"article\" \/>\n<meta property=\"og:title\" content=\"Ludification d&#039;une formation - Chrysalude\" \/>\n<meta property=\"og:description\" content=\"Ludification de formation B\u00e9n\u00e9ficiez de la force du jeu dans vos formations gr\u00e2ce \u00e0 nos jeux p\u00e9dagogiques sur-mesure. Par exemple, nous avons r\u00e9alis\u00e9 un ensemble de jeux physiques (cartes,\u00a0 gabarit, stylos et autres) mettant les apprenants en situation afin de d\u00e9couvrir et exp\u00e9rimenter les concepts d&rsquo;ITIL\u00ae. Le jeu principal met plusieurs \u00e9quipes de participants dansLire\" \/>\n<meta property=\"og:url\" content=\"http:\/\/chrysalude.fr\/index.php\/ludification-dune-formation\/\" \/>\n<meta property=\"og:site_name\" content=\"Chrysalude\" \/>\n<meta property=\"article:modified_time\" content=\"2025-02-04T09:37:53+00:00\" \/>\n<meta property=\"og:image\" content=\"https:\/\/chrysalude.fr\/wp-content\/uploads\/2020\/03\/logo-chrysalude-RVBOK.jpg\" \/>\n\t<meta property=\"og:image:width\" content=\"2177\" \/>\n\t<meta property=\"og:image:height\" content=\"1102\" \/>\n\t<meta property=\"og:image:type\" content=\"image\/jpeg\" \/>\n<meta name=\"twitter:card\" content=\"summary_large_image\" \/>\n<meta name=\"twitter:label1\" content=\"Dur\u00e9e de lecture estim\u00e9e\" \/>\n\t<meta name=\"twitter:data1\" content=\"1 minute\" \/>\n<script type=\"application\/ld+json\" class=\"yoast-schema-graph\">{\"@context\":\"https:\/\/schema.org\",\"@graph\":[{\"@type\":\"WebPage\",\"@id\":\"http:\/\/chrysalude.fr\/index.php\/ludification-dune-formation\/\",\"url\":\"http:\/\/chrysalude.fr\/index.php\/ludification-dune-formation\/\",\"name\":\"Ludification d'une formation - Chrysalude\",\"isPartOf\":{\"@id\":\"https:\/\/chrysalude.fr\/#website\"},\"datePublished\":\"2020-04-22T12:48:37+00:00\",\"dateModified\":\"2025-02-04T09:37:53+00:00\",\"breadcrumb\":{\"@id\":\"http:\/\/chrysalude.fr\/index.php\/ludification-dune-formation\/#breadcrumb\"},\"inLanguage\":\"fr-FR\",\"potentialAction\":[{\"@type\":\"ReadAction\",\"target\":[\"http:\/\/chrysalude.fr\/index.php\/ludification-dune-formation\/\"]}]},{\"@type\":\"BreadcrumbList\",\"@id\":\"http:\/\/chrysalude.fr\/index.php\/ludification-dune-formation\/#breadcrumb\",\"itemListElement\":[{\"@type\":\"ListItem\",\"position\":1,\"name\":\"Accueil\",\"item\":\"https:\/\/chrysalude.fr\/\"},{\"@type\":\"ListItem\",\"position\":2,\"name\":\"Ludification d&rsquo;une formation\"}]},{\"@type\":\"WebSite\",\"@id\":\"https:\/\/chrysalude.fr\/#website\",\"url\":\"https:\/\/chrysalude.fr\/\",\"name\":\"Chrysalude\",\"description\":\"La m\u00e9tamorphose par le jeu\",\"publisher\":{\"@id\":\"https:\/\/chrysalude.fr\/#organization\"},\"potentialAction\":[{\"@type\":\"SearchAction\",\"target\":{\"@type\":\"EntryPoint\",\"urlTemplate\":\"https:\/\/chrysalude.fr\/?s={search_term_string}\"},\"query-input\":\"required name=search_term_string\"}],\"inLanguage\":\"fr-FR\"},{\"@type\":\"Organization\",\"@id\":\"https:\/\/chrysalude.fr\/#organization\",\"name\":\"Chrysalude\",\"url\":\"https:\/\/chrysalude.fr\/\",\"sameAs\":[\"https:\/\/www.linkedin.com\/company\/19256934\"],\"logo\":{\"@type\":\"ImageObject\",\"inLanguage\":\"fr-FR\",\"@id\":\"https:\/\/chrysalude.fr\/#\/schema\/logo\/image\/\",\"url\":\"https:\/\/chrysalude.fr\/wp-content\/uploads\/2020\/03\/cropped-logo-chrysalude-OK72.png\",\"contentUrl\":\"https:\/\/chrysalude.fr\/wp-content\/uploads\/2020\/03\/cropped-logo-chrysalude-OK72.png\",\"width\":522,\"height\":264,\"caption\":\"Chrysalude\"},\"image\":{\"@id\":\"https:\/\/chrysalude.fr\/#\/schema\/logo\/image\/\"}}]}<\/script>\n<!-- \/ Yoast SEO plugin. -->","yoast_head_json":{"title":"Ludification d'une formation - Chrysalude","robots":{"index":"index","follow":"follow","max-snippet":"max-snippet:-1","max-image-preview":"max-image-preview:large","max-video-preview":"max-video-preview:-1"},"canonical":"http:\/\/chrysalude.fr\/index.php\/ludification-dune-formation\/","og_locale":"fr_FR","og_type":"article","og_title":"Ludification d'une formation - Chrysalude","og_description":"Ludification de formation B\u00e9n\u00e9ficiez de la force du jeu dans vos formations gr\u00e2ce \u00e0 nos jeux p\u00e9dagogiques sur-mesure. Par exemple, nous avons r\u00e9alis\u00e9 un ensemble de jeux physiques (cartes,\u00a0 gabarit, stylos et autres) mettant les apprenants en situation afin de d\u00e9couvrir et exp\u00e9rimenter les concepts d&rsquo;ITIL\u00ae. Le jeu principal met plusieurs \u00e9quipes de participants dansLire","og_url":"http:\/\/chrysalude.fr\/index.php\/ludification-dune-formation\/","og_site_name":"Chrysalude","article_modified_time":"2025-02-04T09:37:53+00:00","og_image":[{"width":2177,"height":1102,"url":"https:\/\/chrysalude.fr\/wp-content\/uploads\/2020\/03\/logo-chrysalude-RVBOK.jpg","type":"image\/jpeg"}],"twitter_card":"summary_large_image","twitter_misc":{"Dur\u00e9e de lecture estim\u00e9e":"1 minute"},"schema":{"@context":"https:\/\/schema.org","@graph":[{"@type":"WebPage","@id":"http:\/\/chrysalude.fr\/index.php\/ludification-dune-formation\/","url":"http:\/\/chrysalude.fr\/index.php\/ludification-dune-formation\/","name":"Ludification d'une formation - Chrysalude","isPartOf":{"@id":"https:\/\/chrysalude.fr\/#website"},"datePublished":"2020-04-22T12:48:37+00:00","dateModified":"2025-02-04T09:37:53+00:00","breadcrumb":{"@id":"http:\/\/chrysalude.fr\/index.php\/ludification-dune-formation\/#breadcrumb"},"inLanguage":"fr-FR","potentialAction":[{"@type":"ReadAction","target":["http:\/\/chrysalude.fr\/index.php\/ludification-dune-formation\/"]}]},{"@type":"BreadcrumbList","@id":"http:\/\/chrysalude.fr\/index.php\/ludification-dune-formation\/#breadcrumb","itemListElement":[{"@type":"ListItem","position":1,"name":"Accueil","item":"https:\/\/chrysalude.fr\/"},{"@type":"ListItem","position":2,"name":"Ludification d&rsquo;une formation"}]},{"@type":"WebSite","@id":"https:\/\/chrysalude.fr\/#website","url":"https:\/\/chrysalude.fr\/","name":"Chrysalude","description":"La m\u00e9tamorphose par le jeu","publisher":{"@id":"https:\/\/chrysalude.fr\/#organization"},"potentialAction":[{"@type":"SearchAction","target":{"@type":"EntryPoint","urlTemplate":"https:\/\/chrysalude.fr\/?s={search_term_string}"},"query-input":"required name=search_term_string"}],"inLanguage":"fr-FR"},{"@type":"Organization","@id":"https:\/\/chrysalude.fr\/#organization","name":"Chrysalude","url":"https:\/\/chrysalude.fr\/","sameAs":["https:\/\/www.linkedin.com\/company\/19256934"],"logo":{"@type":"ImageObject","inLanguage":"fr-FR","@id":"https:\/\/chrysalude.fr\/#\/schema\/logo\/image\/","url":"https:\/\/chrysalude.fr\/wp-content\/uploads\/2020\/03\/cropped-logo-chrysalude-OK72.png","contentUrl":"https:\/\/chrysalude.fr\/wp-content\/uploads\/2020\/03\/cropped-logo-chrysalude-OK72.png","width":522,"height":264,"caption":"Chrysalude"},"image":{"@id":"https:\/\/chrysalude.fr\/#\/schema\/logo\/image\/"}}]}},"_links":{"self":[{"href":"https:\/\/chrysalude.fr\/index.php\/wp-json\/wp\/v2\/pages\/323"}],"collection":[{"href":"https:\/\/chrysalude.fr\/index.php\/wp-json\/wp\/v2\/pages"}],"about":[{"href":"https:\/\/chrysalude.fr\/index.php\/wp-json\/wp\/v2\/types\/page"}],"author":[{"embeddable":true,"href":"https:\/\/chrysalude.fr\/index.php\/wp-json\/wp\/v2\/users\/1"}],"replies":[{"embeddable":true,"href":"https:\/\/chrysalude.fr\/index.php\/wp-json\/wp\/v2\/comments?post=323"}],"version-history":[{"count":23,"href":"https:\/\/chrysalude.fr\/index.php\/wp-json\/wp\/v2\/pages\/323\/revisions"}],"predecessor-version":[{"id":1734,"href":"https:\/\/chrysalude.fr\/index.php\/wp-json\/wp\/v2\/pages\/323\/revisions\/1734"}],"wp:attachment":[{"href":"https:\/\/chrysalude.fr\/index.php\/wp-json\/wp\/v2\/media?parent=323"}],"curies":[{"name":"wp","href":"https:\/\/api.w.org\/{rel}","templated":true}]}}