{"id":502,"date":"2020-03-30T22:08:41","date_gmt":"2020-03-30T20:08:41","guid":{"rendered":"http:\/\/chrysalude.fr\/?page_id=502"},"modified":"2025-02-04T10:21:06","modified_gmt":"2025-02-04T09:21:06","slug":"dark-laby","status":"publish","type":"page","link":"https:\/\/chrysalude.fr\/index.php\/dark-laby\/","title":{"rendered":"Dark Laby"},"content":{"rendered":"\t\t<div data-elementor-type=\"wp-page\" data-elementor-id=\"502\" class=\"elementor elementor-502\">\n\t\t\t\t\t\t<section class=\"elementor-section elementor-top-section elementor-element elementor-element-448bbde elementor-section-boxed elementor-section-height-default elementor-section-height-default\" data-id=\"448bbde\" data-element_type=\"section\">\n\t\t\t\t\t\t<div class=\"elementor-container elementor-column-gap-default\">\n\t\t\t\t\t<div class=\"elementor-column elementor-col-100 elementor-top-column elementor-element elementor-element-5109c24\" data-id=\"5109c24\" data-element_type=\"column\">\n\t\t\t<div class=\"elementor-widget-wrap elementor-element-populated\">\n\t\t\t\t\t\t<div class=\"elementor-element elementor-element-fcda658 elementor-widget elementor-widget-heading\" data-id=\"fcda658\" data-element_type=\"widget\" data-widget_type=\"heading.default\">\n\t\t\t\t<div class=\"elementor-widget-container\">\n\t\t\t<h2 class=\"elementor-heading-title elementor-size-default\">Dark Laby<\/h2>\t\t<\/div>\n\t\t\t\t<\/div>\n\t\t\t\t\t<\/div>\n\t\t<\/div>\n\t\t\t\t\t<\/div>\n\t\t<\/section>\n\t\t\t\t<section class=\"elementor-section elementor-top-section elementor-element elementor-element-eed6ead elementor-section-boxed elementor-section-height-default elementor-section-height-default\" data-id=\"eed6ead\" data-element_type=\"section\">\n\t\t\t\t\t\t<div class=\"elementor-container elementor-column-gap-default\">\n\t\t\t\t\t<div class=\"elementor-column elementor-col-100 elementor-top-column elementor-element elementor-element-4456a49\" data-id=\"4456a49\" data-element_type=\"column\">\n\t\t\t<div class=\"elementor-widget-wrap elementor-element-populated\">\n\t\t\t\t\t\t<section class=\"elementor-section elementor-inner-section elementor-element elementor-element-e184e9f elementor-section-boxed elementor-section-height-default elementor-section-height-default\" data-id=\"e184e9f\" data-element_type=\"section\">\n\t\t\t\t\t\t<div class=\"elementor-container elementor-column-gap-default\">\n\t\t\t\t\t<div class=\"elementor-column elementor-col-50 elementor-inner-column elementor-element elementor-element-8ce42aa\" data-id=\"8ce42aa\" data-element_type=\"column\">\n\t\t\t<div class=\"elementor-widget-wrap elementor-element-populated\">\n\t\t\t\t\t\t<div class=\"elementor-element elementor-element-985cc59 elementor-widget elementor-widget-text-editor\" data-id=\"985cc59\" data-element_type=\"widget\" data-widget_type=\"text-editor.default\">\n\t\t\t\t<div class=\"elementor-widget-container\">\n\t\t\t\t\t\t\t<p>La principale caract\u00e9ristique de ce jeu coop\u00e9ratif est qu&rsquo;il se joue dans le noir complet (yeux compl\u00e8tement band\u00e9s).<\/p><p>Chaque joueur dispose devant lui du mat\u00e9riel n\u00e9cessaire \u00e0 son r\u00f4le.<\/p><p>En effet, chaque personne joue un r\u00f4le dans cette \u00e9quipe d&rsquo;aventuriers perdus dans un donjon peupl\u00e9 de monstres et de pi\u00e8ges, mais aussi de tr\u00e9sors. Il faudra, pour en sortir, une bonne communication et une bonne coordination. Et pour cela, bien \u00e9videmment, beaucoup d&rsquo;\u00e9coute, encore bien plus importante dans le noir, puisque c&rsquo;est la seule fa\u00e7on de communiquer. Or tous les r\u00f4les sont importants et chacun \u00e0 sa fa\u00e7on contribuera \u00e0 cette grande aventure qui vous attend !<\/p><p>Suivant la dur\u00e9e que vous souhaitez, nous nous adaptons : nous avons des scenarios de diff\u00e9rentes difficult\u00e9s et dur\u00e9es. Il faut cependant compter au minimum une heure (plus environ 20 minutes d&rsquo;explication en lumi\u00e8re avant) pour une partie int\u00e9ressante.<\/p>\t\t\t\t\t\t<\/div>\n\t\t\t\t<\/div>\n\t\t\t\t\t<\/div>\n\t\t<\/div>\n\t\t\t\t<div class=\"elementor-column elementor-col-50 elementor-inner-column elementor-element elementor-element-775b0f5\" data-id=\"775b0f5\" data-element_type=\"column\">\n\t\t\t<div class=\"elementor-widget-wrap elementor-element-populated\">\n\t\t\t\t\t\t<div class=\"elementor-element elementor-element-0ea9241 elementor-widget elementor-widget-text-editor\" data-id=\"0ea9241\" data-element_type=\"widget\" data-widget_type=\"text-editor.default\">\n\t\t\t\t<div class=\"elementor-widget-container\">\n\t\t\t\t\t\t\t<h2>En bref<\/h2>\n<p><strong>Nombre de participants par \u00e9quipe<\/strong> : 4 \u00e0 7.<br><strong>Nombre d&rsquo;\u00e9quipes en parall\u00e8le<\/strong> : 2 \u00e9quipes maximum.<br><strong>Emplacement n\u00e9cessaire<\/strong> : une salle avec une grande table, par \u00e9quipe. <br><strong>Dur\u00e9e<\/strong> : 1 h ou plus, selon vos souhaits.<br>\u00c9ventuellement suivi d&rsquo;un debrief riche en enseignements suivant la probl\u00e9matique de d\u00e9part.<\/p>\n<p><strong>Objectifs<\/strong> :<br>&#8211; Team building<br>&#8211; communiquer autrement<br>&#8211; Divertissement<\/p>\t\t\t\t\t\t<\/div>\n\t\t\t\t<\/div>\n\t\t\t\t\t<\/div>\n\t\t<\/div>\n\t\t\t\t\t<\/div>\n\t\t<\/section>\n\t\t\t\t\t<\/div>\n\t\t<\/div>\n\t\t\t\t\t<\/div>\n\t\t<\/section>\n\t\t\t\t<\/div>\n\t\t","protected":false},"excerpt":{"rendered":"<p>Dark Laby La principale caract\u00e9ristique de ce jeu coop\u00e9ratif est qu&rsquo;il se joue dans le noir complet (yeux compl\u00e8tement band\u00e9s). Chaque joueur dispose devant lui du mat\u00e9riel n\u00e9cessaire \u00e0 son r\u00f4le. En effet, chaque personne joue un r\u00f4le dans cette \u00e9quipe d&rsquo;aventuriers perdus dans un donjon peupl\u00e9 de monstres et de pi\u00e8ges, mais aussi de<\/p>\n<p class=\"margin-top-10\"><a class=\"moretag text-medium\" href=\"https:\/\/chrysalude.fr\/index.php\/dark-laby\/\">Lire<\/a><\/p>\n","protected":false},"author":1,"featured_media":0,"parent":0,"menu_order":0,"comment_status":"closed","ping_status":"closed","template":"","meta":[],"yoast_head":"<!-- This site is optimized with the Yoast SEO plugin v19.8 - https:\/\/yoast.com\/wordpress\/plugins\/seo\/ -->\n<title>Dark Laby - Chrysalude<\/title>\n<meta name=\"robots\" content=\"index, follow, max-snippet:-1, max-image-preview:large, max-video-preview:-1\" \/>\n<link rel=\"canonical\" href=\"http:\/\/chrysalude.fr\/index.php\/dark-laby\/\" \/>\n<meta property=\"og:locale\" content=\"fr_FR\" \/>\n<meta property=\"og:type\" content=\"article\" \/>\n<meta property=\"og:title\" content=\"Dark Laby - Chrysalude\" \/>\n<meta property=\"og:description\" content=\"Dark Laby La principale caract\u00e9ristique de ce jeu coop\u00e9ratif est qu&rsquo;il se joue dans le noir complet (yeux compl\u00e8tement band\u00e9s). Chaque joueur dispose devant lui du mat\u00e9riel n\u00e9cessaire \u00e0 son r\u00f4le. En effet, chaque personne joue un r\u00f4le dans cette \u00e9quipe d&rsquo;aventuriers perdus dans un donjon peupl\u00e9 de monstres et de pi\u00e8ges, mais aussi deLire\" \/>\n<meta property=\"og:url\" content=\"http:\/\/chrysalude.fr\/index.php\/dark-laby\/\" \/>\n<meta property=\"og:site_name\" content=\"Chrysalude\" \/>\n<meta property=\"article:modified_time\" content=\"2025-02-04T09:21:06+00:00\" \/>\n<meta property=\"og:image\" content=\"https:\/\/chrysalude.fr\/wp-content\/uploads\/2020\/03\/logo-chrysalude-RVBOK.jpg\" \/>\n\t<meta property=\"og:image:width\" content=\"2177\" \/>\n\t<meta property=\"og:image:height\" content=\"1102\" \/>\n\t<meta property=\"og:image:type\" content=\"image\/jpeg\" \/>\n<meta name=\"twitter:card\" content=\"summary_large_image\" \/>\n<meta name=\"twitter:label1\" content=\"Dur\u00e9e de lecture estim\u00e9e\" \/>\n\t<meta name=\"twitter:data1\" content=\"2 minutes\" \/>\n<script type=\"application\/ld+json\" class=\"yoast-schema-graph\">{\"@context\":\"https:\/\/schema.org\",\"@graph\":[{\"@type\":\"WebPage\",\"@id\":\"http:\/\/chrysalude.fr\/index.php\/dark-laby\/\",\"url\":\"http:\/\/chrysalude.fr\/index.php\/dark-laby\/\",\"name\":\"Dark Laby - Chrysalude\",\"isPartOf\":{\"@id\":\"https:\/\/chrysalude.fr\/#website\"},\"datePublished\":\"2020-03-30T20:08:41+00:00\",\"dateModified\":\"2025-02-04T09:21:06+00:00\",\"breadcrumb\":{\"@id\":\"http:\/\/chrysalude.fr\/index.php\/dark-laby\/#breadcrumb\"},\"inLanguage\":\"fr-FR\",\"potentialAction\":[{\"@type\":\"ReadAction\",\"target\":[\"http:\/\/chrysalude.fr\/index.php\/dark-laby\/\"]}]},{\"@type\":\"BreadcrumbList\",\"@id\":\"http:\/\/chrysalude.fr\/index.php\/dark-laby\/#breadcrumb\",\"itemListElement\":[{\"@type\":\"ListItem\",\"position\":1,\"name\":\"Accueil\",\"item\":\"https:\/\/chrysalude.fr\/\"},{\"@type\":\"ListItem\",\"position\":2,\"name\":\"Dark Laby\"}]},{\"@type\":\"WebSite\",\"@id\":\"https:\/\/chrysalude.fr\/#website\",\"url\":\"https:\/\/chrysalude.fr\/\",\"name\":\"Chrysalude\",\"description\":\"La m\u00e9tamorphose par le jeu\",\"publisher\":{\"@id\":\"https:\/\/chrysalude.fr\/#organization\"},\"potentialAction\":[{\"@type\":\"SearchAction\",\"target\":{\"@type\":\"EntryPoint\",\"urlTemplate\":\"https:\/\/chrysalude.fr\/?s={search_term_string}\"},\"query-input\":\"required name=search_term_string\"}],\"inLanguage\":\"fr-FR\"},{\"@type\":\"Organization\",\"@id\":\"https:\/\/chrysalude.fr\/#organization\",\"name\":\"Chrysalude\",\"url\":\"https:\/\/chrysalude.fr\/\",\"sameAs\":[\"https:\/\/www.linkedin.com\/company\/19256934\"],\"logo\":{\"@type\":\"ImageObject\",\"inLanguage\":\"fr-FR\",\"@id\":\"https:\/\/chrysalude.fr\/#\/schema\/logo\/image\/\",\"url\":\"https:\/\/chrysalude.fr\/wp-content\/uploads\/2020\/03\/cropped-logo-chrysalude-OK72.png\",\"contentUrl\":\"https:\/\/chrysalude.fr\/wp-content\/uploads\/2020\/03\/cropped-logo-chrysalude-OK72.png\",\"width\":522,\"height\":264,\"caption\":\"Chrysalude\"},\"image\":{\"@id\":\"https:\/\/chrysalude.fr\/#\/schema\/logo\/image\/\"}}]}<\/script>\n<!-- \/ Yoast SEO plugin. -->","yoast_head_json":{"title":"Dark Laby - Chrysalude","robots":{"index":"index","follow":"follow","max-snippet":"max-snippet:-1","max-image-preview":"max-image-preview:large","max-video-preview":"max-video-preview:-1"},"canonical":"http:\/\/chrysalude.fr\/index.php\/dark-laby\/","og_locale":"fr_FR","og_type":"article","og_title":"Dark Laby - Chrysalude","og_description":"Dark Laby La principale caract\u00e9ristique de ce jeu coop\u00e9ratif est qu&rsquo;il se joue dans le noir complet (yeux compl\u00e8tement band\u00e9s). Chaque joueur dispose devant lui du mat\u00e9riel n\u00e9cessaire \u00e0 son r\u00f4le. En effet, chaque personne joue un r\u00f4le dans cette \u00e9quipe d&rsquo;aventuriers perdus dans un donjon peupl\u00e9 de monstres et de pi\u00e8ges, mais aussi deLire","og_url":"http:\/\/chrysalude.fr\/index.php\/dark-laby\/","og_site_name":"Chrysalude","article_modified_time":"2025-02-04T09:21:06+00:00","og_image":[{"width":2177,"height":1102,"url":"https:\/\/chrysalude.fr\/wp-content\/uploads\/2020\/03\/logo-chrysalude-RVBOK.jpg","type":"image\/jpeg"}],"twitter_card":"summary_large_image","twitter_misc":{"Dur\u00e9e de lecture estim\u00e9e":"2 minutes"},"schema":{"@context":"https:\/\/schema.org","@graph":[{"@type":"WebPage","@id":"http:\/\/chrysalude.fr\/index.php\/dark-laby\/","url":"http:\/\/chrysalude.fr\/index.php\/dark-laby\/","name":"Dark Laby - Chrysalude","isPartOf":{"@id":"https:\/\/chrysalude.fr\/#website"},"datePublished":"2020-03-30T20:08:41+00:00","dateModified":"2025-02-04T09:21:06+00:00","breadcrumb":{"@id":"http:\/\/chrysalude.fr\/index.php\/dark-laby\/#breadcrumb"},"inLanguage":"fr-FR","potentialAction":[{"@type":"ReadAction","target":["http:\/\/chrysalude.fr\/index.php\/dark-laby\/"]}]},{"@type":"BreadcrumbList","@id":"http:\/\/chrysalude.fr\/index.php\/dark-laby\/#breadcrumb","itemListElement":[{"@type":"ListItem","position":1,"name":"Accueil","item":"https:\/\/chrysalude.fr\/"},{"@type":"ListItem","position":2,"name":"Dark Laby"}]},{"@type":"WebSite","@id":"https:\/\/chrysalude.fr\/#website","url":"https:\/\/chrysalude.fr\/","name":"Chrysalude","description":"La m\u00e9tamorphose par le jeu","publisher":{"@id":"https:\/\/chrysalude.fr\/#organization"},"potentialAction":[{"@type":"SearchAction","target":{"@type":"EntryPoint","urlTemplate":"https:\/\/chrysalude.fr\/?s={search_term_string}"},"query-input":"required name=search_term_string"}],"inLanguage":"fr-FR"},{"@type":"Organization","@id":"https:\/\/chrysalude.fr\/#organization","name":"Chrysalude","url":"https:\/\/chrysalude.fr\/","sameAs":["https:\/\/www.linkedin.com\/company\/19256934"],"logo":{"@type":"ImageObject","inLanguage":"fr-FR","@id":"https:\/\/chrysalude.fr\/#\/schema\/logo\/image\/","url":"https:\/\/chrysalude.fr\/wp-content\/uploads\/2020\/03\/cropped-logo-chrysalude-OK72.png","contentUrl":"https:\/\/chrysalude.fr\/wp-content\/uploads\/2020\/03\/cropped-logo-chrysalude-OK72.png","width":522,"height":264,"caption":"Chrysalude"},"image":{"@id":"https:\/\/chrysalude.fr\/#\/schema\/logo\/image\/"}}]}},"_links":{"self":[{"href":"https:\/\/chrysalude.fr\/index.php\/wp-json\/wp\/v2\/pages\/502"}],"collection":[{"href":"https:\/\/chrysalude.fr\/index.php\/wp-json\/wp\/v2\/pages"}],"about":[{"href":"https:\/\/chrysalude.fr\/index.php\/wp-json\/wp\/v2\/types\/page"}],"author":[{"embeddable":true,"href":"https:\/\/chrysalude.fr\/index.php\/wp-json\/wp\/v2\/users\/1"}],"replies":[{"embeddable":true,"href":"https:\/\/chrysalude.fr\/index.php\/wp-json\/wp\/v2\/comments?post=502"}],"version-history":[{"count":12,"href":"https:\/\/chrysalude.fr\/index.php\/wp-json\/wp\/v2\/pages\/502\/revisions"}],"predecessor-version":[{"id":1703,"href":"https:\/\/chrysalude.fr\/index.php\/wp-json\/wp\/v2\/pages\/502\/revisions\/1703"}],"wp:attachment":[{"href":"https:\/\/chrysalude.fr\/index.php\/wp-json\/wp\/v2\/media?parent=502"}],"curies":[{"name":"wp","href":"https:\/\/api.w.org\/{rel}","templated":true}]}}