{"id":58,"date":"2020-04-01T16:41:46","date_gmt":"2020-04-01T14:41:46","guid":{"rendered":"http:\/\/chrysalude.fr\/?page_id=58"},"modified":"2025-02-04T10:28:28","modified_gmt":"2025-02-04T09:28:28","slug":"exposition-tetriski","status":"publish","type":"page","link":"https:\/\/chrysalude.fr\/index.php\/exposition-tetriski\/","title":{"rendered":"Exposition Tetriski"},"content":{"rendered":"\t\t<div data-elementor-type=\"wp-page\" data-elementor-id=\"58\" class=\"elementor elementor-58\">\n\t\t\t\t\t\t<section class=\"elementor-section elementor-top-section elementor-element elementor-element-12ab680 elementor-section-boxed elementor-section-height-default elementor-section-height-default\" data-id=\"12ab680\" data-element_type=\"section\">\n\t\t\t\t\t\t<div class=\"elementor-container elementor-column-gap-default\">\n\t\t\t\t\t<div class=\"elementor-column elementor-col-100 elementor-top-column elementor-element elementor-element-70f0740\" data-id=\"70f0740\" data-element_type=\"column\">\n\t\t\t<div class=\"elementor-widget-wrap elementor-element-populated\">\n\t\t\t\t\t\t<div class=\"elementor-element elementor-element-42b529e elementor-widget elementor-widget-heading\" data-id=\"42b529e\" data-element_type=\"widget\" data-widget_type=\"heading.default\">\n\t\t\t\t<div class=\"elementor-widget-container\">\n\t\t\t<h2 class=\"elementor-heading-title elementor-size-default\">Exposition Tetriski<\/h2>\t\t<\/div>\n\t\t\t\t<\/div>\n\t\t\t\t\t<\/div>\n\t\t<\/div>\n\t\t\t\t\t<\/div>\n\t\t<\/section>\n\t\t\t\t<section class=\"elementor-section elementor-top-section elementor-element elementor-element-a964a42 elementor-section-boxed elementor-section-height-default elementor-section-height-default\" data-id=\"a964a42\" data-element_type=\"section\">\n\t\t\t\t\t\t<div class=\"elementor-container elementor-column-gap-default\">\n\t\t\t\t\t<div class=\"elementor-column elementor-col-100 elementor-top-column elementor-element elementor-element-94b103d\" data-id=\"94b103d\" data-element_type=\"column\">\n\t\t\t<div class=\"elementor-widget-wrap elementor-element-populated\">\n\t\t\t\t\t\t<section class=\"elementor-section elementor-inner-section elementor-element elementor-element-d23420b elementor-section-boxed elementor-section-height-default elementor-section-height-default\" data-id=\"d23420b\" data-element_type=\"section\">\n\t\t\t\t\t\t<div class=\"elementor-container elementor-column-gap-default\">\n\t\t\t\t\t<div class=\"elementor-column elementor-col-50 elementor-inner-column elementor-element elementor-element-796d7a3\" data-id=\"796d7a3\" data-element_type=\"column\">\n\t\t\t<div class=\"elementor-widget-wrap elementor-element-populated\">\n\t\t\t\t\t\t<div class=\"elementor-element elementor-element-03e48b9 elementor-widget elementor-widget-text-editor\" data-id=\"03e48b9\" data-element_type=\"widget\" data-widget_type=\"text-editor.default\">\n\t\t\t\t<div class=\"elementor-widget-container\">\n\t\t\t\t\t\t\t<p><strong>Escape game<\/strong> rapide et immersif, jouable par tous. Il se d\u00e9roule lors d\u2019une exposition de l\u2019artiste<a href=\"http:\/\/www.facebook.com\/ITetriski\"> Igor Tetriski<\/a>. Les participants candidatent pour int\u00e9grer la plus prestigieuse des organisations de gentlemen cambrioleurs et doivent pour cela d\u00e9rober une sculpture pr\u00e9cieuse dans l\u2019exposition avant que le gardien ne revienne.<\/p><p>Cet escape game comporte un important mat\u00e9riel immersif, comme <strong>des peintures et des sculptures<\/strong> originales.<br \/>La dur\u00e9e est d\u2019environ 30 minutes par partie.<\/p><p>Il est par exemple adapt\u00e9 en team building ou \u00e0 une journ\u00e9e o\u00f9 les groupes tournent sur plusieurs activit\u00e9s, aux salons avec diff\u00e9rents lieux, etc.<\/p>\t\t\t\t\t\t<\/div>\n\t\t\t\t<\/div>\n\t\t\t\t\t<\/div>\n\t\t<\/div>\n\t\t\t\t<div class=\"elementor-column elementor-col-50 elementor-inner-column elementor-element elementor-element-7682f6a\" data-id=\"7682f6a\" data-element_type=\"column\">\n\t\t\t<div class=\"elementor-widget-wrap elementor-element-populated\">\n\t\t\t\t\t\t<div class=\"elementor-element elementor-element-cbcd8bd elementor-widget elementor-widget-text-editor\" data-id=\"cbcd8bd\" data-element_type=\"widget\" data-widget_type=\"text-editor.default\">\n\t\t\t\t<div class=\"elementor-widget-container\">\n\t\t\t\t\t\t\t<h2>En bref<\/h2>\n<p><strong>Nombre de participants par session <\/strong>: 2 \u00e0 6.<br><strong>Emplacement n\u00e9cessaire<\/strong> : 1 petite salle (8 m2 minimum).<br><strong>Dur\u00e9e<\/strong> : environ 30 min.<\/p>\n<p><strong>Objectifs :<br><\/strong>&#8211; Team building<br>&#8211; Divertissement<strong><br><\/strong><\/p>\t\t\t\t\t\t<\/div>\n\t\t\t\t<\/div>\n\t\t\t\t\t<\/div>\n\t\t<\/div>\n\t\t\t\t\t<\/div>\n\t\t<\/section>\n\t\t\t\t\t<\/div>\n\t\t<\/div>\n\t\t\t\t\t<\/div>\n\t\t<\/section>\n\t\t\t\t<section class=\"elementor-section elementor-top-section elementor-element elementor-element-3b99b8b elementor-section-boxed elementor-section-height-default elementor-section-height-default\" data-id=\"3b99b8b\" data-element_type=\"section\">\n\t\t\t\t\t\t<div class=\"elementor-container elementor-column-gap-default\">\n\t\t\t\t\t<div class=\"elementor-column elementor-col-100 elementor-top-column elementor-element elementor-element-d0f5073\" data-id=\"d0f5073\" data-element_type=\"column\">\n\t\t\t<div class=\"elementor-widget-wrap elementor-element-populated\">\n\t\t\t\t\t\t<div class=\"elementor-element elementor-element-2a66465 elementor-widget elementor-widget-image\" data-id=\"2a66465\" data-element_type=\"widget\" data-widget_type=\"image.default\">\n\t\t\t\t<div class=\"elementor-widget-container\">\n\t\t\t\t\t\t\t\t\t\t\t\t\t<img fetchpriority=\"high\" width=\"562\" height=\"755\" src=\"https:\/\/chrysalude.fr\/wp-content\/uploads\/2020\/03\/Tetriski.png\" class=\"attachment-large size-large wp-image-314\" alt=\"\" srcset=\"https:\/\/chrysalude.fr\/wp-content\/uploads\/2020\/03\/Tetriski.png 562w, https:\/\/chrysalude.fr\/wp-content\/uploads\/2020\/03\/Tetriski-223x300.png 223w\" sizes=\"(max-width: 562px) 100vw, 562px\" \/>\t\t\t\t\t\t\t\t\t\t\t\t\t<\/div>\n\t\t\t\t<\/div>\n\t\t\t\t\t<\/div>\n\t\t<\/div>\n\t\t\t\t\t<\/div>\n\t\t<\/section>\n\t\t\t\t<\/div>\n\t\t","protected":false},"excerpt":{"rendered":"<p>Exposition Tetriski Escape game rapide et immersif, jouable par tous. Il se d\u00e9roule lors d\u2019une exposition de l\u2019artiste Igor Tetriski. Les participants candidatent pour int\u00e9grer la plus prestigieuse des organisations de gentlemen cambrioleurs et doivent pour cela d\u00e9rober une sculpture pr\u00e9cieuse dans l\u2019exposition avant que le gardien ne revienne. Cet escape game comporte un important<\/p>\n<p class=\"margin-top-10\"><a class=\"moretag text-medium\" href=\"https:\/\/chrysalude.fr\/index.php\/exposition-tetriski\/\">Lire<\/a><\/p>\n","protected":false},"author":1,"featured_media":0,"parent":0,"menu_order":0,"comment_status":"closed","ping_status":"closed","template":"","meta":[],"yoast_head":"<!-- This site is optimized with the Yoast SEO plugin v19.8 - https:\/\/yoast.com\/wordpress\/plugins\/seo\/ -->\n<title>Exposition Tetriski - Chrysalude<\/title>\n<meta name=\"robots\" content=\"index, follow, max-snippet:-1, max-image-preview:large, max-video-preview:-1\" \/>\n<link rel=\"canonical\" href=\"http:\/\/chrysalude.fr\/index.php\/exposition-tetriski\/\" \/>\n<meta property=\"og:locale\" content=\"fr_FR\" \/>\n<meta property=\"og:type\" content=\"article\" \/>\n<meta property=\"og:title\" content=\"Exposition Tetriski - Chrysalude\" \/>\n<meta property=\"og:description\" content=\"Exposition Tetriski Escape game rapide et immersif, jouable par tous. Il se d\u00e9roule lors d\u2019une exposition de l\u2019artiste Igor Tetriski. Les participants candidatent pour int\u00e9grer la plus prestigieuse des organisations de gentlemen cambrioleurs et doivent pour cela d\u00e9rober une sculpture pr\u00e9cieuse dans l\u2019exposition avant que le gardien ne revienne. Cet escape game comporte un importantLire\" \/>\n<meta property=\"og:url\" content=\"http:\/\/chrysalude.fr\/index.php\/exposition-tetriski\/\" \/>\n<meta property=\"og:site_name\" content=\"Chrysalude\" \/>\n<meta property=\"article:modified_time\" content=\"2025-02-04T09:28:28+00:00\" \/>\n<meta property=\"og:image\" content=\"http:\/\/chrysalude.fr\/wp-content\/uploads\/2020\/03\/Tetriski.png\" \/>\n<meta name=\"twitter:card\" content=\"summary_large_image\" \/>\n<meta name=\"twitter:label1\" content=\"Dur\u00e9e de lecture estim\u00e9e\" \/>\n\t<meta name=\"twitter:data1\" content=\"1 minute\" \/>\n<script type=\"application\/ld+json\" class=\"yoast-schema-graph\">{\"@context\":\"https:\/\/schema.org\",\"@graph\":[{\"@type\":\"WebPage\",\"@id\":\"http:\/\/chrysalude.fr\/index.php\/exposition-tetriski\/\",\"url\":\"http:\/\/chrysalude.fr\/index.php\/exposition-tetriski\/\",\"name\":\"Exposition Tetriski - Chrysalude\",\"isPartOf\":{\"@id\":\"https:\/\/chrysalude.fr\/#website\"},\"datePublished\":\"2020-04-01T14:41:46+00:00\",\"dateModified\":\"2025-02-04T09:28:28+00:00\",\"breadcrumb\":{\"@id\":\"http:\/\/chrysalude.fr\/index.php\/exposition-tetriski\/#breadcrumb\"},\"inLanguage\":\"fr-FR\",\"potentialAction\":[{\"@type\":\"ReadAction\",\"target\":[\"http:\/\/chrysalude.fr\/index.php\/exposition-tetriski\/\"]}]},{\"@type\":\"BreadcrumbList\",\"@id\":\"http:\/\/chrysalude.fr\/index.php\/exposition-tetriski\/#breadcrumb\",\"itemListElement\":[{\"@type\":\"ListItem\",\"position\":1,\"name\":\"Accueil\",\"item\":\"https:\/\/chrysalude.fr\/\"},{\"@type\":\"ListItem\",\"position\":2,\"name\":\"Exposition Tetriski\"}]},{\"@type\":\"WebSite\",\"@id\":\"https:\/\/chrysalude.fr\/#website\",\"url\":\"https:\/\/chrysalude.fr\/\",\"name\":\"Chrysalude\",\"description\":\"La m\u00e9tamorphose par le jeu\",\"publisher\":{\"@id\":\"https:\/\/chrysalude.fr\/#organization\"},\"potentialAction\":[{\"@type\":\"SearchAction\",\"target\":{\"@type\":\"EntryPoint\",\"urlTemplate\":\"https:\/\/chrysalude.fr\/?s={search_term_string}\"},\"query-input\":\"required name=search_term_string\"}],\"inLanguage\":\"fr-FR\"},{\"@type\":\"Organization\",\"@id\":\"https:\/\/chrysalude.fr\/#organization\",\"name\":\"Chrysalude\",\"url\":\"https:\/\/chrysalude.fr\/\",\"sameAs\":[\"https:\/\/www.linkedin.com\/company\/19256934\"],\"logo\":{\"@type\":\"ImageObject\",\"inLanguage\":\"fr-FR\",\"@id\":\"https:\/\/chrysalude.fr\/#\/schema\/logo\/image\/\",\"url\":\"https:\/\/chrysalude.fr\/wp-content\/uploads\/2020\/03\/cropped-logo-chrysalude-OK72.png\",\"contentUrl\":\"https:\/\/chrysalude.fr\/wp-content\/uploads\/2020\/03\/cropped-logo-chrysalude-OK72.png\",\"width\":522,\"height\":264,\"caption\":\"Chrysalude\"},\"image\":{\"@id\":\"https:\/\/chrysalude.fr\/#\/schema\/logo\/image\/\"}}]}<\/script>\n<!-- \/ Yoast SEO plugin. -->","yoast_head_json":{"title":"Exposition Tetriski - Chrysalude","robots":{"index":"index","follow":"follow","max-snippet":"max-snippet:-1","max-image-preview":"max-image-preview:large","max-video-preview":"max-video-preview:-1"},"canonical":"http:\/\/chrysalude.fr\/index.php\/exposition-tetriski\/","og_locale":"fr_FR","og_type":"article","og_title":"Exposition Tetriski - Chrysalude","og_description":"Exposition Tetriski Escape game rapide et immersif, jouable par tous. Il se d\u00e9roule lors d\u2019une exposition de l\u2019artiste Igor Tetriski. Les participants candidatent pour int\u00e9grer la plus prestigieuse des organisations de gentlemen cambrioleurs et doivent pour cela d\u00e9rober une sculpture pr\u00e9cieuse dans l\u2019exposition avant que le gardien ne revienne. Cet escape game comporte un importantLire","og_url":"http:\/\/chrysalude.fr\/index.php\/exposition-tetriski\/","og_site_name":"Chrysalude","article_modified_time":"2025-02-04T09:28:28+00:00","og_image":[{"url":"http:\/\/chrysalude.fr\/wp-content\/uploads\/2020\/03\/Tetriski.png"}],"twitter_card":"summary_large_image","twitter_misc":{"Dur\u00e9e de lecture estim\u00e9e":"1 minute"},"schema":{"@context":"https:\/\/schema.org","@graph":[{"@type":"WebPage","@id":"http:\/\/chrysalude.fr\/index.php\/exposition-tetriski\/","url":"http:\/\/chrysalude.fr\/index.php\/exposition-tetriski\/","name":"Exposition Tetriski - Chrysalude","isPartOf":{"@id":"https:\/\/chrysalude.fr\/#website"},"datePublished":"2020-04-01T14:41:46+00:00","dateModified":"2025-02-04T09:28:28+00:00","breadcrumb":{"@id":"http:\/\/chrysalude.fr\/index.php\/exposition-tetriski\/#breadcrumb"},"inLanguage":"fr-FR","potentialAction":[{"@type":"ReadAction","target":["http:\/\/chrysalude.fr\/index.php\/exposition-tetriski\/"]}]},{"@type":"BreadcrumbList","@id":"http:\/\/chrysalude.fr\/index.php\/exposition-tetriski\/#breadcrumb","itemListElement":[{"@type":"ListItem","position":1,"name":"Accueil","item":"https:\/\/chrysalude.fr\/"},{"@type":"ListItem","position":2,"name":"Exposition Tetriski"}]},{"@type":"WebSite","@id":"https:\/\/chrysalude.fr\/#website","url":"https:\/\/chrysalude.fr\/","name":"Chrysalude","description":"La m\u00e9tamorphose par le jeu","publisher":{"@id":"https:\/\/chrysalude.fr\/#organization"},"potentialAction":[{"@type":"SearchAction","target":{"@type":"EntryPoint","urlTemplate":"https:\/\/chrysalude.fr\/?s={search_term_string}"},"query-input":"required name=search_term_string"}],"inLanguage":"fr-FR"},{"@type":"Organization","@id":"https:\/\/chrysalude.fr\/#organization","name":"Chrysalude","url":"https:\/\/chrysalude.fr\/","sameAs":["https:\/\/www.linkedin.com\/company\/19256934"],"logo":{"@type":"ImageObject","inLanguage":"fr-FR","@id":"https:\/\/chrysalude.fr\/#\/schema\/logo\/image\/","url":"https:\/\/chrysalude.fr\/wp-content\/uploads\/2020\/03\/cropped-logo-chrysalude-OK72.png","contentUrl":"https:\/\/chrysalude.fr\/wp-content\/uploads\/2020\/03\/cropped-logo-chrysalude-OK72.png","width":522,"height":264,"caption":"Chrysalude"},"image":{"@id":"https:\/\/chrysalude.fr\/#\/schema\/logo\/image\/"}}]}},"_links":{"self":[{"href":"https:\/\/chrysalude.fr\/index.php\/wp-json\/wp\/v2\/pages\/58"}],"collection":[{"href":"https:\/\/chrysalude.fr\/index.php\/wp-json\/wp\/v2\/pages"}],"about":[{"href":"https:\/\/chrysalude.fr\/index.php\/wp-json\/wp\/v2\/types\/page"}],"author":[{"embeddable":true,"href":"https:\/\/chrysalude.fr\/index.php\/wp-json\/wp\/v2\/users\/1"}],"replies":[{"embeddable":true,"href":"https:\/\/chrysalude.fr\/index.php\/wp-json\/wp\/v2\/comments?post=58"}],"version-history":[{"count":31,"href":"https:\/\/chrysalude.fr\/index.php\/wp-json\/wp\/v2\/pages\/58\/revisions"}],"predecessor-version":[{"id":1716,"href":"https:\/\/chrysalude.fr\/index.php\/wp-json\/wp\/v2\/pages\/58\/revisions\/1716"}],"wp:attachment":[{"href":"https:\/\/chrysalude.fr\/index.php\/wp-json\/wp\/v2\/media?parent=58"}],"curies":[{"name":"wp","href":"https:\/\/api.w.org\/{rel}","templated":true}]}}