{"id":62,"date":"2020-04-22T14:54:44","date_gmt":"2020-04-22T12:54:44","guid":{"rendered":"http:\/\/chrysalude.fr\/?page_id=62"},"modified":"2022-12-03T12:20:48","modified_gmt":"2022-12-03T11:20:48","slug":"livret-personnalise","status":"publish","type":"page","link":"https:\/\/chrysalude.fr\/index.php\/livret-personnalise\/","title":{"rendered":"Livret personnalis\u00e9"},"content":{"rendered":"\t\t<div data-elementor-type=\"wp-page\" data-elementor-id=\"62\" class=\"elementor elementor-62\">\n\t\t\t\t\t\t<section class=\"elementor-section elementor-top-section elementor-element elementor-element-64f4b23 elementor-section-boxed elementor-section-height-default elementor-section-height-default\" data-id=\"64f4b23\" data-element_type=\"section\">\n\t\t\t\t\t\t<div class=\"elementor-container elementor-column-gap-default\">\n\t\t\t\t\t<div class=\"elementor-column elementor-col-100 elementor-top-column elementor-element elementor-element-5fc7f8a\" data-id=\"5fc7f8a\" data-element_type=\"column\">\n\t\t\t<div class=\"elementor-widget-wrap elementor-element-populated\">\n\t\t\t\t\t\t<div class=\"elementor-element elementor-element-558b705 elementor-widget elementor-widget-heading\" data-id=\"558b705\" data-element_type=\"widget\" data-widget_type=\"heading.default\">\n\t\t\t\t<div class=\"elementor-widget-container\">\n\t\t\t<h2 class=\"elementor-heading-title elementor-size-default\">Livrets-jeux<\/h2>\t\t<\/div>\n\t\t\t\t<\/div>\n\t\t\t\t\t<\/div>\n\t\t<\/div>\n\t\t\t\t\t<\/div>\n\t\t<\/section>\n\t\t\t\t<section class=\"elementor-section elementor-top-section elementor-element elementor-element-9808e7e elementor-section-boxed elementor-section-height-default elementor-section-height-default\" data-id=\"9808e7e\" data-element_type=\"section\">\n\t\t\t\t\t\t<div class=\"elementor-container elementor-column-gap-default\">\n\t\t\t\t\t<div class=\"elementor-column elementor-col-100 elementor-top-column elementor-element elementor-element-b3edb24\" data-id=\"b3edb24\" data-element_type=\"column\">\n\t\t\t<div class=\"elementor-widget-wrap elementor-element-populated\">\n\t\t\t\t\t\t<section class=\"elementor-section elementor-inner-section elementor-element elementor-element-ad753a8 elementor-section-boxed elementor-section-height-default elementor-section-height-default\" data-id=\"ad753a8\" data-element_type=\"section\">\n\t\t\t\t\t\t<div class=\"elementor-container elementor-column-gap-default\">\n\t\t\t\t\t<div class=\"elementor-column elementor-col-50 elementor-inner-column elementor-element elementor-element-d883fb4\" data-id=\"d883fb4\" data-element_type=\"column\">\n\t\t\t<div class=\"elementor-widget-wrap elementor-element-populated\">\n\t\t\t\t\t\t<div class=\"elementor-element elementor-element-eaf6c7a elementor-widget elementor-widget-text-editor\" data-id=\"eaf6c7a\" data-element_type=\"widget\" data-widget_type=\"text-editor.default\">\n\t\t\t\t<div class=\"elementor-widget-container\">\n\t\t\t\t\t\t\t<p>A mi-chemin entre le jeu d\u2019\u00e9nigmes et la chasse au tr\u00e9sor, d\u00e9chiffrez le message en r\u00e9solvant les \u00e9nigmes<strong> \u00e0 votre rythme<\/strong> en parcourant les lieux, seul ou en \u00e9quipe.<\/p><p>Le mat\u00e9riel est tr\u00e8s <strong>l\u00e9ger<\/strong> et distribuable en grand nombre :\u00a0 un livret de quelques pages que vous pouvez imprimer vous-m\u00eame ou que nous vous fournissons, et quelques \u00e9l\u00e9ments affichables (optionnels). Les participants sont ainsi <strong>autonomes<\/strong> dans leur visite ludique du lieu concern\u00e9 (comme un salon, un festival, un lieu touristique, de nouveaux locaux d&rsquo;entreprise, etc.).<\/p><p>Ce livret de jeu est con\u00e7u de fa\u00e7on <strong>th\u00e9matique<\/strong> et peut \u00eatre r\u00e9alis\u00e9 <a href=\"http:\/\/chrysalude.fr\/index.php\/page-en-cours-de-creation\/\">sur mesure<\/a> en fonction de vos envies et de\u00a0 vos objectifs.<br \/><br \/>Nous disposons \u00e9galement de 4 livrets d\u00e9j\u00e0 pr\u00eats, de th\u00e9matiques et niveaux diff\u00e9rents, de famille (\u00e0 partir de 5 ans) \u00e0 expert.<\/p>\t\t\t\t\t\t<\/div>\n\t\t\t\t<\/div>\n\t\t\t\t\t<\/div>\n\t\t<\/div>\n\t\t\t\t<div class=\"elementor-column elementor-col-50 elementor-inner-column elementor-element elementor-element-34ff26d\" data-id=\"34ff26d\" data-element_type=\"column\">\n\t\t\t<div class=\"elementor-widget-wrap elementor-element-populated\">\n\t\t\t\t\t\t<div class=\"elementor-element elementor-element-193f2ed elementor-widget elementor-widget-text-editor\" data-id=\"193f2ed\" data-element_type=\"widget\" data-widget_type=\"text-editor.default\">\n\t\t\t\t<div class=\"elementor-widget-container\">\n\t\t\t\t\t\t\t<h2>En bref<\/h2><p><strong>Nombre de participant\u00b7e\u00b7s par \u00e9quipe<\/strong> : 1 \u00e0 6.<br \/><strong>Nombre d&rsquo;\u00e9quipes en parall\u00e8le<\/strong> : illimit\u00e9 .<br \/><strong>Emplacement n\u00e9cessaire<\/strong> : aucun (en d\u00e9ambulation).<br \/><strong>Dur\u00e9e<\/strong> : 30 \u00e0 120 min<strong>.<br \/>Objectifs<\/strong> : <br \/>&#8211; d\u00e9couverte d&rsquo;un lieu de fa\u00e7on ludique.<br \/>&#8211; animation autonome et simple \u00e0 mettre en oeuvre<\/p>\t\t\t\t\t\t<\/div>\n\t\t\t\t<\/div>\n\t\t\t\t\t<\/div>\n\t\t<\/div>\n\t\t\t\t\t<\/div>\n\t\t<\/section>\n\t\t\t\t\t<\/div>\n\t\t<\/div>\n\t\t\t\t\t<\/div>\n\t\t<\/section>\n\t\t\t\t<section class=\"elementor-section elementor-top-section elementor-element elementor-element-7a9f632 elementor-section-boxed elementor-section-height-default elementor-section-height-default\" data-id=\"7a9f632\" data-element_type=\"section\">\n\t\t\t\t\t\t<div class=\"elementor-container elementor-column-gap-default\">\n\t\t\t\t\t<div class=\"elementor-column elementor-col-100 elementor-top-column elementor-element elementor-element-f6dd94a\" data-id=\"f6dd94a\" data-element_type=\"column\">\n\t\t\t<div class=\"elementor-widget-wrap elementor-element-populated\">\n\t\t\t\t\t\t<div class=\"elementor-element elementor-element-0138e12 elementor-widget elementor-widget-image\" data-id=\"0138e12\" data-element_type=\"widget\" data-widget_type=\"image.default\">\n\t\t\t\t<div class=\"elementor-widget-container\">\n\t\t\t\t\t\t\t\t\t\t\t\t\t<img fetchpriority=\"high\" width=\"459\" height=\"409\" src=\"https:\/\/chrysalude.fr\/wp-content\/uploads\/2020\/03\/Mission-salon.jpg\" class=\"attachment-large size-large wp-image-477\" alt=\"jeu chasse tr\u00e9sors\" srcset=\"https:\/\/chrysalude.fr\/wp-content\/uploads\/2020\/03\/Mission-salon.jpg 459w, https:\/\/chrysalude.fr\/wp-content\/uploads\/2020\/03\/Mission-salon-300x267.jpg 300w\" sizes=\"(max-width: 459px) 100vw, 459px\" \/>\t\t\t\t\t\t\t\t\t\t\t\t\t<\/div>\n\t\t\t\t<\/div>\n\t\t\t\t\t<\/div>\n\t\t<\/div>\n\t\t\t\t\t<\/div>\n\t\t<\/section>\n\t\t\t\t<\/div>\n\t\t","protected":false},"excerpt":{"rendered":"<p>Livrets-jeux A mi-chemin entre le jeu d\u2019\u00e9nigmes et la chasse au tr\u00e9sor, d\u00e9chiffrez le message en r\u00e9solvant les \u00e9nigmes \u00e0 votre rythme en parcourant les lieux, seul ou en \u00e9quipe. Le mat\u00e9riel est tr\u00e8s l\u00e9ger et distribuable en grand nombre :\u00a0 un livret de quelques pages que vous pouvez imprimer vous-m\u00eame ou que nous vous<\/p>\n<p class=\"margin-top-10\"><a class=\"moretag text-medium\" href=\"https:\/\/chrysalude.fr\/index.php\/livret-personnalise\/\">Lire<\/a><\/p>\n","protected":false},"author":1,"featured_media":0,"parent":0,"menu_order":0,"comment_status":"closed","ping_status":"closed","template":"","meta":[],"yoast_head":"<!-- This site is optimized with the Yoast SEO plugin v19.8 - https:\/\/yoast.com\/wordpress\/plugins\/seo\/ -->\n<title>Livret personnalis\u00e9 - Chrysalude<\/title>\n<meta name=\"robots\" content=\"index, follow, max-snippet:-1, max-image-preview:large, max-video-preview:-1\" \/>\n<link rel=\"canonical\" href=\"http:\/\/chrysalude.fr\/index.php\/livret-personnalise\/\" \/>\n<meta property=\"og:locale\" content=\"fr_FR\" \/>\n<meta property=\"og:type\" content=\"article\" \/>\n<meta property=\"og:title\" content=\"Livret personnalis\u00e9 - Chrysalude\" \/>\n<meta property=\"og:description\" content=\"Livrets-jeux A mi-chemin entre le jeu d\u2019\u00e9nigmes et la chasse au tr\u00e9sor, d\u00e9chiffrez le message en r\u00e9solvant les \u00e9nigmes \u00e0 votre rythme en parcourant les lieux, seul ou en \u00e9quipe. Le mat\u00e9riel est tr\u00e8s l\u00e9ger et distribuable en grand nombre :\u00a0 un livret de quelques pages que vous pouvez imprimer vous-m\u00eame ou que nous vousLire\" \/>\n<meta property=\"og:url\" content=\"http:\/\/chrysalude.fr\/index.php\/livret-personnalise\/\" \/>\n<meta property=\"og:site_name\" content=\"Chrysalude\" \/>\n<meta property=\"article:modified_time\" content=\"2022-12-03T11:20:48+00:00\" \/>\n<meta property=\"og:image\" content=\"http:\/\/chrysalude.fr\/wp-content\/uploads\/2020\/03\/Mission-salon.jpg\" \/>\n<meta name=\"twitter:card\" content=\"summary_large_image\" \/>\n<meta name=\"twitter:label1\" content=\"Dur\u00e9e de lecture estim\u00e9e\" \/>\n\t<meta name=\"twitter:data1\" content=\"2 minutes\" \/>\n<script type=\"application\/ld+json\" class=\"yoast-schema-graph\">{\"@context\":\"https:\/\/schema.org\",\"@graph\":[{\"@type\":\"WebPage\",\"@id\":\"http:\/\/chrysalude.fr\/index.php\/livret-personnalise\/\",\"url\":\"http:\/\/chrysalude.fr\/index.php\/livret-personnalise\/\",\"name\":\"Livret personnalis\u00e9 - Chrysalude\",\"isPartOf\":{\"@id\":\"https:\/\/chrysalude.fr\/#website\"},\"datePublished\":\"2020-04-22T12:54:44+00:00\",\"dateModified\":\"2022-12-03T11:20:48+00:00\",\"breadcrumb\":{\"@id\":\"http:\/\/chrysalude.fr\/index.php\/livret-personnalise\/#breadcrumb\"},\"inLanguage\":\"fr-FR\",\"potentialAction\":[{\"@type\":\"ReadAction\",\"target\":[\"http:\/\/chrysalude.fr\/index.php\/livret-personnalise\/\"]}]},{\"@type\":\"BreadcrumbList\",\"@id\":\"http:\/\/chrysalude.fr\/index.php\/livret-personnalise\/#breadcrumb\",\"itemListElement\":[{\"@type\":\"ListItem\",\"position\":1,\"name\":\"Accueil\",\"item\":\"https:\/\/chrysalude.fr\/\"},{\"@type\":\"ListItem\",\"position\":2,\"name\":\"Livret personnalis\u00e9\"}]},{\"@type\":\"WebSite\",\"@id\":\"https:\/\/chrysalude.fr\/#website\",\"url\":\"https:\/\/chrysalude.fr\/\",\"name\":\"Chrysalude\",\"description\":\"La m\u00e9tamorphose par le jeu\",\"publisher\":{\"@id\":\"https:\/\/chrysalude.fr\/#organization\"},\"potentialAction\":[{\"@type\":\"SearchAction\",\"target\":{\"@type\":\"EntryPoint\",\"urlTemplate\":\"https:\/\/chrysalude.fr\/?s={search_term_string}\"},\"query-input\":\"required name=search_term_string\"}],\"inLanguage\":\"fr-FR\"},{\"@type\":\"Organization\",\"@id\":\"https:\/\/chrysalude.fr\/#organization\",\"name\":\"Chrysalude\",\"url\":\"https:\/\/chrysalude.fr\/\",\"sameAs\":[\"https:\/\/www.linkedin.com\/company\/19256934\"],\"logo\":{\"@type\":\"ImageObject\",\"inLanguage\":\"fr-FR\",\"@id\":\"https:\/\/chrysalude.fr\/#\/schema\/logo\/image\/\",\"url\":\"https:\/\/chrysalude.fr\/wp-content\/uploads\/2020\/03\/cropped-logo-chrysalude-OK72.png\",\"contentUrl\":\"https:\/\/chrysalude.fr\/wp-content\/uploads\/2020\/03\/cropped-logo-chrysalude-OK72.png\",\"width\":522,\"height\":264,\"caption\":\"Chrysalude\"},\"image\":{\"@id\":\"https:\/\/chrysalude.fr\/#\/schema\/logo\/image\/\"}}]}<\/script>\n<!-- \/ Yoast SEO plugin. -->","yoast_head_json":{"title":"Livret personnalis\u00e9 - Chrysalude","robots":{"index":"index","follow":"follow","max-snippet":"max-snippet:-1","max-image-preview":"max-image-preview:large","max-video-preview":"max-video-preview:-1"},"canonical":"http:\/\/chrysalude.fr\/index.php\/livret-personnalise\/","og_locale":"fr_FR","og_type":"article","og_title":"Livret personnalis\u00e9 - Chrysalude","og_description":"Livrets-jeux A mi-chemin entre le jeu d\u2019\u00e9nigmes et la chasse au tr\u00e9sor, d\u00e9chiffrez le message en r\u00e9solvant les \u00e9nigmes \u00e0 votre rythme en parcourant les lieux, seul ou en \u00e9quipe. Le mat\u00e9riel est tr\u00e8s l\u00e9ger et distribuable en grand nombre :\u00a0 un livret de quelques pages que vous pouvez imprimer vous-m\u00eame ou que nous vousLire","og_url":"http:\/\/chrysalude.fr\/index.php\/livret-personnalise\/","og_site_name":"Chrysalude","article_modified_time":"2022-12-03T11:20:48+00:00","og_image":[{"url":"http:\/\/chrysalude.fr\/wp-content\/uploads\/2020\/03\/Mission-salon.jpg"}],"twitter_card":"summary_large_image","twitter_misc":{"Dur\u00e9e de lecture estim\u00e9e":"2 minutes"},"schema":{"@context":"https:\/\/schema.org","@graph":[{"@type":"WebPage","@id":"http:\/\/chrysalude.fr\/index.php\/livret-personnalise\/","url":"http:\/\/chrysalude.fr\/index.php\/livret-personnalise\/","name":"Livret personnalis\u00e9 - Chrysalude","isPartOf":{"@id":"https:\/\/chrysalude.fr\/#website"},"datePublished":"2020-04-22T12:54:44+00:00","dateModified":"2022-12-03T11:20:48+00:00","breadcrumb":{"@id":"http:\/\/chrysalude.fr\/index.php\/livret-personnalise\/#breadcrumb"},"inLanguage":"fr-FR","potentialAction":[{"@type":"ReadAction","target":["http:\/\/chrysalude.fr\/index.php\/livret-personnalise\/"]}]},{"@type":"BreadcrumbList","@id":"http:\/\/chrysalude.fr\/index.php\/livret-personnalise\/#breadcrumb","itemListElement":[{"@type":"ListItem","position":1,"name":"Accueil","item":"https:\/\/chrysalude.fr\/"},{"@type":"ListItem","position":2,"name":"Livret personnalis\u00e9"}]},{"@type":"WebSite","@id":"https:\/\/chrysalude.fr\/#website","url":"https:\/\/chrysalude.fr\/","name":"Chrysalude","description":"La m\u00e9tamorphose par le jeu","publisher":{"@id":"https:\/\/chrysalude.fr\/#organization"},"potentialAction":[{"@type":"SearchAction","target":{"@type":"EntryPoint","urlTemplate":"https:\/\/chrysalude.fr\/?s={search_term_string}"},"query-input":"required name=search_term_string"}],"inLanguage":"fr-FR"},{"@type":"Organization","@id":"https:\/\/chrysalude.fr\/#organization","name":"Chrysalude","url":"https:\/\/chrysalude.fr\/","sameAs":["https:\/\/www.linkedin.com\/company\/19256934"],"logo":{"@type":"ImageObject","inLanguage":"fr-FR","@id":"https:\/\/chrysalude.fr\/#\/schema\/logo\/image\/","url":"https:\/\/chrysalude.fr\/wp-content\/uploads\/2020\/03\/cropped-logo-chrysalude-OK72.png","contentUrl":"https:\/\/chrysalude.fr\/wp-content\/uploads\/2020\/03\/cropped-logo-chrysalude-OK72.png","width":522,"height":264,"caption":"Chrysalude"},"image":{"@id":"https:\/\/chrysalude.fr\/#\/schema\/logo\/image\/"}}]}},"_links":{"self":[{"href":"https:\/\/chrysalude.fr\/index.php\/wp-json\/wp\/v2\/pages\/62"}],"collection":[{"href":"https:\/\/chrysalude.fr\/index.php\/wp-json\/wp\/v2\/pages"}],"about":[{"href":"https:\/\/chrysalude.fr\/index.php\/wp-json\/wp\/v2\/types\/page"}],"author":[{"embeddable":true,"href":"https:\/\/chrysalude.fr\/index.php\/wp-json\/wp\/v2\/users\/1"}],"replies":[{"embeddable":true,"href":"https:\/\/chrysalude.fr\/index.php\/wp-json\/wp\/v2\/comments?post=62"}],"version-history":[{"count":21,"href":"https:\/\/chrysalude.fr\/index.php\/wp-json\/wp\/v2\/pages\/62\/revisions"}],"predecessor-version":[{"id":1499,"href":"https:\/\/chrysalude.fr\/index.php\/wp-json\/wp\/v2\/pages\/62\/revisions\/1499"}],"wp:attachment":[{"href":"https:\/\/chrysalude.fr\/index.php\/wp-json\/wp\/v2\/media?parent=62"}],"curies":[{"name":"wp","href":"https:\/\/api.w.org\/{rel}","templated":true}]}}